{"id":18040,"date":"2024-09-14T19:37:54","date_gmt":"2024-09-14T19:37:54","guid":{"rendered":"https:\/\/einimed.eu\/?post_type=product&#038;p=18040"},"modified":"2024-09-14T19:47:16","modified_gmt":"2024-09-14T19:47:16","slug":"einimed-m-16-ortopedic-multi-functional-drill","status":"publish","type":"product","link":"https:\/\/einimed.eu\/pl\/shop\/einimed-m-16-ortopedic-multi-functional-drill\/","title":{"rendered":"EiniMed M-16 Ortopedic Multi-Functional Drill"},"content":{"rendered":"<ul>\n<li><strong>Model NO.:<\/strong> M-16<\/li>\n<li><strong>Delivery Time:<\/strong> Within 7 Days<\/li>\n<li><strong>MOQ:<\/strong> 1<\/li>\n<li><strong>OEM:<\/strong> Accepted<\/li>\n<li><strong>Pakiet transportowy:<\/strong> Carton<\/li>\n<li><strong>Specification:<\/strong> 4.55 kg<\/li>\n<\/ul>\n<p>&nbsp;<\/p>\n<table style=\"max-width: 1060px; width: 100%;\" border=\"1\" cellspacing=\"1\" cellpadding=\"1\">\n<tbody>\n<tr>\n<td style=\"width: 121.0pt;\"><span style=\"font-size: 14px;\"><span style=\"line-height: 150%;\"><span style=\"font-family: Arial, Helvetica, sans-serif;\"><b><span style=\"font-size: 16px;\"><span style=\"line-height: 150%;\"><span style=\"font-family: Arial, Helvetica, sans-serif;\"><span style=\"color: black;\">Product<\/span><\/span><\/span><\/span><\/b><\/span><\/span><\/span><\/td>\n<td style=\"width: 104.95pt;\"><span style=\"font-size: 14px;\"><span style=\"line-height: 150%;\"><span style=\"font-family: Arial, Helvetica, sans-serif;\"><b><span style=\"font-size: 16px;\"><span style=\"line-height: 150%;\"><span style=\"font-family: Arial, Helvetica, sans-serif;\"><span style=\"color: black;\">Opis<\/span><\/span><\/span><\/span><\/b><\/span><\/span><\/span><\/td>\n<td style=\"width: 89.3pt;\"><span style=\"font-size: 14px;\"><span style=\"line-height: 150%;\"><span style=\"font-family: Arial, Helvetica, sans-serif;\"><b><span style=\"font-size: 16px;\"><span style=\"line-height: 150%;\"><span style=\"font-family: Arial, Helvetica, sans-serif;\"><span style=\"color: black;\">Pr\u0119dko\u015b\u0107<\/span><\/span><\/span><\/span><\/b><\/span><\/span><\/span><\/td>\n<td style=\"width: 61.5pt;\"><span style=\"font-size: 14px;\"><span style=\"line-height: 150%;\"><span style=\"font-family: Arial, Helvetica, sans-serif;\"><b><span style=\"font-size: 16px;\"><span style=\"line-height: 150%;\"><span style=\"font-family: Arial, Helvetica, sans-serif;\"><span style=\"color: black;\">REF<\/span><\/span><\/span><\/span><\/b><\/span><\/span><\/span><\/td>\n<\/tr>\n<tr>\n<td style=\"width: 121.0pt;\"><span style=\"font-size: 14px;\"><span style=\"line-height: 150%;\"><span style=\"font-family: Arial, Helvetica, sans-serif;\"><b><span style=\"font-size: 12px;\"><span style=\"line-height: 150%;\"><span style=\"font-family: Arial, Helvetica, sans-serif;\"><span style=\"color: #333333;\">Brushless Motor <\/span><\/span><\/span><\/span><\/b><b><span style=\"font-size: 12px;\"><span style=\"line-height: 150%;\"><span style=\"font-family: Arial, Helvetica, sans-serif;\"><span style=\"color: black;\">Handpiece<\/span><\/span><\/span><\/span><\/b><\/span><\/span><\/span><\/td>\n<td style=\"width: 104.95pt;\"><span style=\"font-size: 14px;\"><span style=\"line-height: 150%;\"><span style=\"font-family: Arial, Helvetica, sans-serif;\"><b><span style=\"font-size: 12px;\"><span style=\"line-height: 150%;\"><span style=\"font-family: Arial, Helvetica, sans-serif;\"><span style=\"color: black;\">150W<\/span><\/span><\/span><\/span><\/b><\/span><\/span><\/span><br \/>\n<span style=\"font-size: 14px;\"><span style=\"line-height: 150%;\"><span style=\"font-family: Arial, Helvetica, sans-serif;\"><span style=\"line-height: 150%;\"><span style=\"font-family: Arial, Helvetica, sans-serif;\"><span style=\"color: black;\">Lithium battery<\/span><\/span><\/span><\/span><\/span><\/span><\/td>\n<td style=\"width: 89.3pt;\"><span style=\"font-size: 14px;\"><span style=\"line-height: 150%;\"><span style=\"font-family: Arial, Helvetica, sans-serif;\"><b><span style=\"font-size: 12px;\"><span style=\"line-height: 150%;\"><span style=\"font-family: Arial, Helvetica, sans-serif;\"><span style=\"color: black;\">\/<\/span><\/span><\/span><\/span><\/b><\/span><\/span><\/span><\/td>\n<td style=\"width: 61.5pt;\"><span style=\"font-size: 14px;\"><span style=\"line-height: 150%;\"><span style=\"font-family: Arial, Helvetica, sans-serif;\"><b><span style=\"font-size: 12px;\"><span style=\"line-height: 150%;\"><span style=\"font-family: Arial, Helvetica, sans-serif;\"><span style=\"color: black;\">M-16-1<\/span><\/span><\/span><\/span><\/b><\/span><\/span><\/span><\/td>\n<\/tr>\n<tr>\n<td style=\"width: 121.0pt;\"><span style=\"font-size: 14px;\"><span style=\"line-height: 150%;\"><span style=\"font-family: Arial, Helvetica, sans-serif;\"><b><span style=\"font-size: 12px;\"><span style=\"line-height: 150%;\"><span style=\"font-family: Arial, Helvetica, sans-serif;\"><span style=\"color: black;\">Cannulated Drill Chuck<\/span><\/span><\/span><\/span><\/b><\/span><\/span><\/span><\/td>\n<td style=\"width: 104.95pt;\"><span style=\"font-size: 14px;\"><span style=\"line-height: 150%;\"><span style=\"font-family: Arial, Helvetica, sans-serif;\"><b><span style=\"font-size: 12px;\"><span style=\"line-height: 150%;\"><span style=\"font-family: Arial, Helvetica, sans-serif;\"><span style=\"color: black;\">0.4-2.5mm Wire<\/span><\/span><\/span><\/span><\/b><\/span><\/span><\/span><\/td>\n<td style=\"width: 89.3pt;\"><span style=\"font-size: 14px;\"><span style=\"line-height: 150%;\"><span style=\"font-family: Arial, Helvetica, sans-serif;\"><b><span style=\"font-size: 12px;\"><span style=\"line-height: 150%;\"><span style=\"font-family: Arial, Helvetica, sans-serif;\"><span style=\"color: black;\">0-1200rmp<\/span><\/span><\/span><\/span><\/b><\/span><\/span><\/span><\/td>\n<td style=\"width: 61.5pt;\"><span style=\"font-size: 14px;\"><span style=\"line-height: 150%;\"><span style=\"font-family: Arial, Helvetica, sans-serif;\"><b><span style=\"font-size: 12px;\"><span style=\"line-height: 150%;\"><span style=\"font-family: Arial, Helvetica, sans-serif;\"><span style=\"color: black;\">M-16-2<\/span><\/span><\/span><\/span><\/b><\/span><\/span><\/span><\/td>\n<\/tr>\n<tr>\n<td style=\"width: 121.0pt;\"><span style=\"font-size: 14px;\"><span style=\"line-height: 150%;\"><span style=\"font-family: Arial, Helvetica, sans-serif;\"><b><span style=\"font-size: 12px;\"><span style=\"line-height: 150%;\"><span style=\"font-family: Arial, Helvetica, sans-serif;\"><span style=\"color: black;\">Oscillating Saw Chuck<\/span><\/span><\/span><\/span><\/b><\/span><\/span><\/span><\/td>\n<td style=\"width: 104.95pt;\"><span style=\"font-size: 14px;\"><span style=\"font-family: Arial, Helvetica, sans-serif;\"><b><span style=\"font-size: 12px;\"><span style=\"font-family: Arial, Helvetica, sans-serif;\">Two Saw Blades: 47.5*29.5*7*0.5mm\/ 49*31*9.5*0.5mm<\/span><\/span><\/b><\/span><\/span><\/td>\n<td style=\"width: 89.3pt;\"><span style=\"font-size: 14px;\"><span style=\"line-height: 150%;\"><span style=\"font-family: Arial, Helvetica, sans-serif;\"><b><span style=\"font-size: 12px;\"><span style=\"line-height: 150%;\"><span style=\"font-family: Arial, Helvetica, sans-serif;\"><span style=\"color: black;\">0-18000 Times\/Min<\/span><\/span><\/span><\/span><\/b><\/span><\/span><\/span><\/td>\n<td style=\"width: 61.5pt;\"><span style=\"font-size: 14px;\"><span style=\"line-height: 150%;\"><span style=\"font-family: Arial, Helvetica, sans-serif;\"><b><span style=\"font-size: 12px;\"><span style=\"line-height: 150%;\"><span style=\"font-family: Arial, Helvetica, sans-serif;\"><span style=\"color: black;\">M-16-3<\/span><\/span><\/span><\/span><\/b><\/span><\/span><\/span><\/td>\n<\/tr>\n<tr>\n<td style=\"width: 121.0pt;\"><span style=\"font-size: 14px;\"><span style=\"line-height: 150%;\"><span style=\"font-family: Arial, Helvetica, sans-serif;\"><b><span style=\"font-size: 12px;\"><span style=\"line-height: 150%;\"><span style=\"font-family: Arial, Helvetica, sans-serif;\"><span style=\"color: black;\">AO Chuck<\/span><\/span><\/span><\/span><\/b><\/span><\/span><\/span><\/td>\n<td style=\"width: 104.95pt;\"><span style=\"font-size: 14px;\"><span style=\"line-height: 150%;\"><span style=\"font-family: Arial, Helvetica, sans-serif;\"><b><span style=\"font-size: 12px;\"><span style=\"line-height: 150%;\"><span style=\"font-family: Arial, Helvetica, sans-serif;\"><span style=\"color: black;\">\/<\/span><\/span><\/span><\/span><\/b><\/span><\/span><\/span><\/td>\n<td style=\"width: 89.3pt;\"><span style=\"font-size: 14px;\"><span style=\"line-height: 150%;\"><span style=\"font-family: Arial, Helvetica, sans-serif;\"><b><span style=\"font-size: 12px;\"><span style=\"line-height: 150%;\"><span style=\"font-family: Arial, Helvetica, sans-serif;\"><span style=\"color: black;\">0-1200rmp<\/span><\/span><\/span><\/span><\/b><\/span><\/span><\/span><\/td>\n<td style=\"width: 61.5pt;\"><span style=\"font-size: 14px;\"><span style=\"line-height: 150%;\"><span style=\"font-family: Arial, Helvetica, sans-serif;\"><b><span style=\"font-size: 12px;\"><span style=\"line-height: 150%;\"><span style=\"font-family: Arial, Helvetica, sans-serif;\"><span style=\"color: black;\">M-16-4<\/span><\/span><\/span><\/span><\/b><\/span><\/span><\/span><\/td>\n<\/tr>\n<tr>\n<td style=\"width: 121.0pt;\"><span style=\"font-size: 14px;\"><span style=\"line-height: 150%;\"><span style=\"font-family: Arial, Helvetica, sans-serif;\"><b><span style=\"font-size: 12px;\"><span style=\"line-height: 150%;\"><span style=\"font-family: Arial, Helvetica, sans-serif;\"><span style=\"color: black;\">K-wire Chuck<\/span><\/span><\/span><\/span><\/b><\/span><\/span><\/span><\/td>\n<td style=\"width: 104.95pt;\"><span style=\"font-size: 14px;\"><span style=\"line-height: 150%;\"><span style=\"font-family: Arial, Helvetica, sans-serif;\"><b><span style=\"font-size: 12px;\"><span style=\"line-height: 150%;\"><span style=\"font-family: Arial, Helvetica, sans-serif;\"><span style=\"color: black;\">0.7-1.8mm Wire<\/span><\/span><\/span><\/span><\/b><\/span><\/span><\/span><\/td>\n<td style=\"width: 89.3pt;\"><span style=\"font-size: 14px;\"><span style=\"line-height: 150%;\"><span style=\"font-family: Arial, Helvetica, sans-serif;\"><b><span style=\"font-size: 12px;\"><span style=\"line-height: 150%;\"><span style=\"font-family: Arial, Helvetica, sans-serif;\"><span style=\"color: black;\">0-1200rmp<\/span><\/span><\/span><\/span><\/b><\/span><\/span><\/span><\/td>\n<td style=\"width: 61.5pt;\"><span style=\"font-size: 14px;\"><span style=\"line-height: 150%;\"><span style=\"font-family: Arial, Helvetica, sans-serif;\"><b><span style=\"font-size: 12px;\"><span style=\"line-height: 150%;\"><span style=\"font-family: Arial, Helvetica, sans-serif;\"><span style=\"color: black;\">M-16-5<\/span><\/span><\/span><\/span><\/b><\/span><\/span><\/span><\/td>\n<\/tr>\n<\/tbody>\n<\/table>\n<p>&nbsp;<\/p>","protected":false},"excerpt":{"rendered":"<p>Quality Guaranteed CE\/ISO Mini Multi-Functional Drill M-16<\/p>","protected":false},"featured_media":18041,"comment_status":"open","ping_status":"closed","template":"","meta":[],"product_cat":[75],"product_tag":[286],"class_list":{"0":"post-18040","1":"product","2":"type-product","3":"status-publish","4":"has-post-thumbnail","6":"product_cat-orthopedic","7":"product_tag-einimed","9":"first","10":"onbackorder","11":"shipping-taxable","12":"purchasable","13":"product-type-simple"},"_links":{"self":[{"href":"https:\/\/einimed.eu\/pl\/wp-json\/wp\/v2\/product\/18040"}],"collection":[{"href":"https:\/\/einimed.eu\/pl\/wp-json\/wp\/v2\/product"}],"about":[{"href":"https:\/\/einimed.eu\/pl\/wp-json\/wp\/v2\/types\/product"}],"replies":[{"embeddable":true,"href":"https:\/\/einimed.eu\/pl\/wp-json\/wp\/v2\/comments?post=18040"}],"version-history":[{"count":3,"href":"https:\/\/einimed.eu\/pl\/wp-json\/wp\/v2\/product\/18040\/revisions"}],"predecessor-version":[{"id":18046,"href":"https:\/\/einimed.eu\/pl\/wp-json\/wp\/v2\/product\/18040\/revisions\/18046"}],"wp:featuredmedia":[{"embeddable":true,"href":"https:\/\/einimed.eu\/pl\/wp-json\/wp\/v2\/media\/18041"}],"wp:attachment":[{"href":"https:\/\/einimed.eu\/pl\/wp-json\/wp\/v2\/media?parent=18040"}],"wp:term":[{"taxonomy":"product_cat","embeddable":true,"href":"https:\/\/einimed.eu\/pl\/wp-json\/wp\/v2\/product_cat?post=18040"},{"taxonomy":"product_tag","embeddable":true,"href":"https:\/\/einimed.eu\/pl\/wp-json\/wp\/v2\/product_tag?post=18040"}],"curies":[{"name":"wp","href":"https:\/\/api.w.org\/{rel}","templated":true}]}}