{"id":16924,"date":"2024-08-29T16:49:57","date_gmt":"2024-08-29T16:49:57","guid":{"rendered":"https:\/\/einimed.eu\/?post_type=product&#038;p=16924"},"modified":"2024-09-02T05:11:24","modified_gmt":"2024-09-02T05:11:24","slug":"tutom200e-8s-portable-flat-panel-detector","status":"publish","type":"product","link":"https:\/\/einimed.eu\/pl\/shop\/przenosny-detektor-plaskich-paneli-tutom200e-8\/","title":{"rendered":"TUTOM200E- 8S Przeno\u015bny detektor paneli p\u0142askich"},"content":{"rendered":"<h3><strong>TUTOM200E- 8S 8A Przeno\u015bny detektor p\u0142askiego panelu &amp; # 8211; Precyzyjne obrazowanie dla nowoczesnej opieki zdrowotnej<\/strong><\/h3>\n<p>Krok w przysz\u0142o\u015b\u0107 obrazowania radiologicznego z TUTOM200E- 8S 8A Przeno\u015bny wykrywacz p\u0142yt p\u0142askich przez SONTU. Ten zaawansowany detektor jest podstawowym narz\u0119dziem dla pracownik\u00f3w s\u0142u\u017cby zdrowia poszukuj\u0105cych wysokiej wydajno\u015bci w kompaktowej i przeno\u015bnej formie.<\/p>\n<p><strong>Najwa\u017cniejsze cechy:<\/strong><\/p>\n<ul>\n<li><strong>Obrazowanie wysokiej rozdzielczo\u015bci<\/strong>\n<ul>\n<li>Wyposa\u017cony w technologi\u0119 cyfrowego obrazowania ci\u0119cia, TUTOM200E- 8S 8A rejestruje ultraprzezroczyste, wysokiej rozdzielczo\u015bci obrazy, wspieraj\u0105c dok\u0142adn\u0105 diagnostyk\u0119.<\/li>\n<li>Szybkie pozyskanie obrazu zmniejsza czas oczekiwania pacjenta i zwi\u0119ksza wydajno\u015b\u0107 pracy.<\/li>\n<\/ul>\n<\/li>\n<li><strong>Przeno\u015bna i trwa\u0142a konstrukcja<\/strong>\n<ul>\n<li>Lekki i wytrzyma\u0142y, czujnik ten jest zbudowany dla mobilno\u015bci, co czyni go idealnym dla szerokiego zakresu \u015brodowisk klinicznych, od sal ratunkowych do operacji polowych.<\/li>\n<li>Trwa\u0142a konstrukcja zapewnia d\u0142ugotrwa\u0142\u0105 niezawodno\u015b\u0107, nawet w wymagaj\u0105cych warunkach zdrowotnych.<\/li>\n<\/ul>\n<\/li>\n<li><strong>Zaawansowane po\u0142\u0105czenie cyfrowe<\/strong>\n<ul>\n<li>Bezustannie integruje si\u0119 z istniej\u0105cymi systemami PACS i ustawieniami radiologicznymi, oferuj\u0105c usprawnione mo\u017cliwo\u015bci transferu i przechowywania danych.<\/li>\n<li>Opcje komunikacji bezprzewodowej zapewniaj\u0105ce wi\u0119ksz\u0105 elastyczno\u015b\u0107 i \u0142atwo\u015b\u0107 u\u017cytkowania w r\u00f3\u017cnych ustawieniach medycznych.<\/li>\n<\/ul>\n<\/li>\n<li><strong>Przyjazna dla u\u017cytkownika operacja<\/strong>\n<ul>\n<li>Intuicyjny interfejs przeznaczony do \u0142atwego u\u017cytkowania, minimalizuj\u0105cy krzyw\u0105 uczenia si\u0119 dla nowych u\u017cytkownik\u00f3w.<\/li>\n<li>Kompleksowy zestaw oprogramowania, wyposa\u017cony w zaawansowane narz\u0119dzia do przetwarzania obrazu i ustawienia dostosowane do konkretnych potrzeb diagnostycznych.<\/li>\n<\/ul>\n<\/li>\n<\/ul>\n<p><strong>Zwi\u0119kszenie skuteczno\u015bci klinicznej<\/strong><\/p>\n<p>TUTOM200E- 8S 8A zapewnia precyzyjne, sp\u00f3jne wyniki, kt\u00f3rym pracownicy s\u0142u\u017cby zdrowia mog\u0105 ufa\u0107. Jego doskona\u0142e zdolno\u015bci obrazowe i projektowanie o centrycznym charakterze sprawiaj\u0105, \u017ce jest cennym atutem w ka\u017cdej sytuacji klinicznej, zapewniaj\u0105c wysok\u0105 jako\u015b\u0107 opieki i lepsze wyniki leczenia.<\/p>","protected":false},"excerpt":{"rendered":"<p>TUTOM200E- 8S 8A firmy SONTU jest przeno\u015bnym, p\u0142askim czujnikiem panelowym, oferuj\u0105cym szybkie i dok\u0142adne pozyskanie obrazu, przeznaczonym do wszechstronno\u015bci w obrazowaniu medycznym. \u0141\u0105czy wysok\u0105 wydajno\u015b\u0107 z przyjazn\u0105 dla u\u017cytkownika obs\u0142ug\u0105, co czyni j\u0105 idealn\u0105 dla r\u00f3\u017cnorodnych zastosowa\u0144 radiologicznych.<\/p>","protected":false},"featured_media":16921,"comment_status":"open","ping_status":"closed","template":"","meta":[],"product_cat":[86,72],"product_tag":[238],"class_list":{"0":"post-16924","1":"product","2":"type-product","3":"status-publish","4":"has-post-thumbnail","6":"product_cat-veterinary","7":"product_cat-x-ray","8":"product_tag-sontu","10":"first","11":"onbackorder","12":"featured","13":"shipping-taxable","14":"purchasable","15":"product-type-simple"},"_links":{"self":[{"href":"https:\/\/einimed.eu\/pl\/wp-json\/wp\/v2\/product\/16924"}],"collection":[{"href":"https:\/\/einimed.eu\/pl\/wp-json\/wp\/v2\/product"}],"about":[{"href":"https:\/\/einimed.eu\/pl\/wp-json\/wp\/v2\/types\/product"}],"replies":[{"embeddable":true,"href":"https:\/\/einimed.eu\/pl\/wp-json\/wp\/v2\/comments?post=16924"}],"version-history":[{"count":1,"href":"https:\/\/einimed.eu\/pl\/wp-json\/wp\/v2\/product\/16924\/revisions"}],"predecessor-version":[{"id":16925,"href":"https:\/\/einimed.eu\/pl\/wp-json\/wp\/v2\/product\/16924\/revisions\/16925"}],"wp:featuredmedia":[{"embeddable":true,"href":"https:\/\/einimed.eu\/pl\/wp-json\/wp\/v2\/media\/16921"}],"wp:attachment":[{"href":"https:\/\/einimed.eu\/pl\/wp-json\/wp\/v2\/media?parent=16924"}],"wp:term":[{"taxonomy":"product_cat","embeddable":true,"href":"https:\/\/einimed.eu\/pl\/wp-json\/wp\/v2\/product_cat?post=16924"},{"taxonomy":"product_tag","embeddable":true,"href":"https:\/\/einimed.eu\/pl\/wp-json\/wp\/v2\/product_tag?post=16924"}],"curies":[{"name":"wp","href":"https:\/\/api.w.org\/{rel}","templated":true}]}}