{"id":16916,"date":"2024-08-29T13:49:54","date_gmt":"2024-08-29T13:49:54","guid":{"rendered":"https:\/\/einimed.eu\/?post_type=product&#038;p=16916"},"modified":"2024-09-02T05:10:56","modified_gmt":"2024-09-02T05:10:56","slug":"vicor-cv-swift-medical-angiography-x-ray-system","status":"publish","type":"product","link":"https:\/\/einimed.eu\/pl\/shop\/vicor-cv-szybka-angiografia-medyczna-system-rentgenowski\/","title":{"rendered":"Vicor- CV SWIFT Medical Angiography X- ray System"},"content":{"rendered":"<h3><strong>Vicor- CV SWIFT Medical Angiography X- ray System<\/strong><\/h3>\n<p>The Vicor- CV SWIFT jest cutting- edge Medical Angiography X- ray System niezale\u017cnie opracowany przez Lepu Medical Equipment (Pekin) Co., Ltd. Przeci\u0105ganie ponad 30 lat do\u015bwiadcze\u0144 produkcyjnych, system ten zapewnia wysok\u0105 rozdzielczo\u015b\u0107 i stabilne obrazowanie, aby wspiera\u0107 dok\u0142adne i skuteczne diagnozy kliniczne. System jest wyposa\u017cony w cyfrowy detektor p\u0142yt p\u0142askich, wiele modeli paneli i oferuje rozdzielczo\u015b\u0107 do 1956 \u00d7 1956. Posiada r\u00f3wnie\u017c d\u0142ugotrwa\u0142e 3.0M pojemno\u015bci cieplnej lampy rentgenowskiej, zapewniaj\u0105c d\u0142ugotrwa\u0142e i stabilne \u017cycie. Dzi\u0119ki zaawansowanym funkcjom ochrony przed promieniowaniem i przyjaznym dla u\u017cytkownika systemom oprogramowania Vicor- CV SWIFT jest przeznaczony do niezawodnej i bezpiecznej pracy we wszystkich dzia\u0142ach.<\/p>","protected":false},"excerpt":{"rendered":"<p>Vicor- CV SWIFT jest zaawansowan\u0105 Angiografi\u0105 Medyczn\u0105 X- ray System przez Lepu Medical, oferuj\u0105c wysokiej rozdzielczo\u015bci obrazowania, d\u0142ugotrwa\u0142ej wydajno\u015bci i solidnych funkcji bezpiecze\u0144stwa. Idealny do kompleksowej diagnostyki uk\u0142adu kr\u0105\u017cenia i naczy\u0144 obwodowych.<\/p>","protected":false},"featured_media":16915,"comment_status":"open","ping_status":"closed","template":"","meta":[],"product_cat":[72],"product_tag":[245],"class_list":{"0":"post-16916","1":"product","2":"type-product","3":"status-publish","4":"has-post-thumbnail","6":"product_cat-x-ray","7":"product_tag-lepu-medical","9":"first","10":"onbackorder","11":"featured","12":"shipping-taxable","13":"purchasable","14":"product-type-simple"},"_links":{"self":[{"href":"https:\/\/einimed.eu\/pl\/wp-json\/wp\/v2\/product\/16916"}],"collection":[{"href":"https:\/\/einimed.eu\/pl\/wp-json\/wp\/v2\/product"}],"about":[{"href":"https:\/\/einimed.eu\/pl\/wp-json\/wp\/v2\/types\/product"}],"replies":[{"embeddable":true,"href":"https:\/\/einimed.eu\/pl\/wp-json\/wp\/v2\/comments?post=16916"}],"version-history":[{"count":2,"href":"https:\/\/einimed.eu\/pl\/wp-json\/wp\/v2\/product\/16916\/revisions"}],"predecessor-version":[{"id":16918,"href":"https:\/\/einimed.eu\/pl\/wp-json\/wp\/v2\/product\/16916\/revisions\/16918"}],"wp:featuredmedia":[{"embeddable":true,"href":"https:\/\/einimed.eu\/pl\/wp-json\/wp\/v2\/media\/16915"}],"wp:attachment":[{"href":"https:\/\/einimed.eu\/pl\/wp-json\/wp\/v2\/media?parent=16916"}],"wp:term":[{"taxonomy":"product_cat","embeddable":true,"href":"https:\/\/einimed.eu\/pl\/wp-json\/wp\/v2\/product_cat?post=16916"},{"taxonomy":"product_tag","embeddable":true,"href":"https:\/\/einimed.eu\/pl\/wp-json\/wp\/v2\/product_tag?post=16916"}],"curies":[{"name":"wp","href":"https:\/\/api.w.org\/{rel}","templated":true}]}}