{"id":16911,"date":"2024-08-29T13:19:21","date_gmt":"2024-08-29T13:19:21","guid":{"rendered":"https:\/\/einimed.eu\/?post_type=product&#038;p=16911"},"modified":"2024-08-29T14:10:51","modified_gmt":"2024-08-29T14:10:51","slug":"lepgen-96-real-time-pcr-system","status":"publish","type":"product","link":"https:\/\/einimed.eu\/pl\/shop\/lepgen-96-system-pcr-czasu-rzeczywistego\/","title":{"rendered":"Lepgen- 96 Real- Time PCR System"},"content":{"rendered":"<h3><strong>Lepgen- 96 Real- Time PCR System<\/strong><\/h3>\n<p>Lepgen- 96 jest pot\u0119\u017cnym i wszechstronnym systemem PCR w czasie rzeczywistym przeznaczonym do kompleksowej analizy genetycznej. Posiada format 96- studni i obs\u0142uguje wiele rodzaj\u00f3w pr\u00f3bek i zestaw\u00f3w do wykrywania gen\u00f3w. Dzi\u0119ki zaawansowanej kontroli termicznej, wielokana\u0142owej detekcji fluorescencji oraz przyjaznemu dla u\u017cytkownika interfejsowi oprogramowania, Lepgen- 96 oferuje wysok\u0105 dok\u0142adno\u015b\u0107 i wydajno\u015b\u0107 w r\u00f3\u017cnych zastosowaniach, w tym wykrywanie mutacji genowych, identyfikacj\u0119 wirus\u00f3w i wiele innych. System jest wyposa\u017cony w solidne zarz\u0105dzanie danymi i mo\u017cliwo\u015bci eksportu, co czyni go cennym narz\u0119dziem do nowoczesnej diagnostyki molekularnej.<\/p>","protected":false},"excerpt":{"rendered":"<p>Lepgen- 96 jest wszechstronnym systemem PCR w czasie rzeczywistym, kt\u00f3ry wspiera kompleksow\u0105 analiz\u0119 genetyczn\u0105 z du\u017c\u0105 dok\u0142adno\u015bci\u0105. Posiada format 96- studni, zaawansowan\u0105 kontrol\u0119 termiczn\u0105 i wielokana\u0142ow\u0105 detekcj\u0119 fluorescencyjn\u0105, co czyni go idealnym dla szerokiej gamy zastosowa\u0144 diagnostycznych molekularnych.<\/p>","protected":false},"featured_media":16890,"comment_status":"open","ping_status":"closed","template":"","meta":[],"product_cat":[83],"product_tag":[245],"class_list":{"0":"post-16911","1":"product","2":"type-product","3":"status-publish","4":"has-post-thumbnail","6":"product_cat-lab-equipment","7":"product_tag-lepu-medical","9":"first","10":"onbackorder","11":"shipping-taxable","12":"purchasable","13":"product-type-simple"},"_links":{"self":[{"href":"https:\/\/einimed.eu\/pl\/wp-json\/wp\/v2\/product\/16911"}],"collection":[{"href":"https:\/\/einimed.eu\/pl\/wp-json\/wp\/v2\/product"}],"about":[{"href":"https:\/\/einimed.eu\/pl\/wp-json\/wp\/v2\/types\/product"}],"replies":[{"embeddable":true,"href":"https:\/\/einimed.eu\/pl\/wp-json\/wp\/v2\/comments?post=16911"}],"version-history":[{"count":1,"href":"https:\/\/einimed.eu\/pl\/wp-json\/wp\/v2\/product\/16911\/revisions"}],"predecessor-version":[{"id":16912,"href":"https:\/\/einimed.eu\/pl\/wp-json\/wp\/v2\/product\/16911\/revisions\/16912"}],"wp:featuredmedia":[{"embeddable":true,"href":"https:\/\/einimed.eu\/pl\/wp-json\/wp\/v2\/media\/16890"}],"wp:attachment":[{"href":"https:\/\/einimed.eu\/pl\/wp-json\/wp\/v2\/media?parent=16911"}],"wp:term":[{"taxonomy":"product_cat","embeddable":true,"href":"https:\/\/einimed.eu\/pl\/wp-json\/wp\/v2\/product_cat?post=16911"},{"taxonomy":"product_tag","embeddable":true,"href":"https:\/\/einimed.eu\/pl\/wp-json\/wp\/v2\/product_tag?post=16911"}],"curies":[{"name":"wp","href":"https:\/\/api.w.org\/{rel}","templated":true}]}}