{"id":16901,"date":"2024-08-29T13:19:19","date_gmt":"2024-08-29T13:19:19","guid":{"rendered":"https:\/\/einimed.eu\/?post_type=product&#038;p=16901"},"modified":"2024-09-02T05:09:13","modified_gmt":"2024-09-02T05:09:13","slug":"lepu-le-20-advanced-hepatic-ultrasound-diagnostic-system","status":"publish","type":"product","link":"https:\/\/einimed.eu\/pl\/shop\/lepu-le-20-zaawansowany-system-diagnostyki-usg-watroby\/","title":{"rendered":"Lepu LE- 20 Zaawansowany system diagnostyki USG w\u0105troby"},"content":{"rendered":"<h3><strong>Lepu LE- 20 Zaawansowany system diagnostyki USG w\u0105troby<\/strong><\/h3>\n<p>Lepu LE- 20 jest pierwszym na \u015bwiecie profesjonalnym systemem diagnostyki USG w\u0105troby, zaprojektowanym specjalnie do monitorowania i diagnozowania chor\u00f3b w\u0105troby. Wyposa\u017cony w innowacyjne algorytmy obrazowania, LE- 20 zapewnia wysokiej jako\u015bci obrazy 2D i dynamiczne wizualizacje przep\u0142ywu krwi, zapewniaj\u0105c dok\u0142adn\u0105 i dok\u0142adn\u0105 diagnostyk\u0119. System posiada technologi\u0119 ACE do analizy st\u0142uszczenia w\u0105troby i elastografii fal \u015bcinaj\u0105cych do oceny zw\u0142\u00f3knienia w\u0105troby. To zaawansowane narz\u0119dzie diagnostyczne jest niezb\u0119dne do wczesnego wykrywania, monitorowania leczenia i prowadzenia interwencji zwi\u0105zanych z \u017cyciem.<\/p>","protected":false},"excerpt":{"rendered":"<p>Lepu LE- 20 to prze\u0142omowy system USG w\u0105trobowego, oferuj\u0105cy wysokiej jako\u015bci obrazowanie i specjalistyczne narz\u0119dzia do diagnostyki w\u0105troby, w tym technologi\u0119 ACE i elastografi\u0119 falow\u0105. Idealny do wczesnego wykrywania i monitorowania chor\u00f3b w\u0105troby.<\/p>","protected":false},"featured_media":16894,"comment_status":"open","ping_status":"closed","template":"","meta":[],"product_cat":[71],"product_tag":[245],"class_list":{"0":"post-16901","1":"product","2":"type-product","3":"status-publish","4":"has-post-thumbnail","6":"product_cat-ultrasounds","7":"product_tag-lepu-medical","9":"first","10":"onbackorder","11":"featured","12":"shipping-taxable","13":"purchasable","14":"product-type-simple"},"_links":{"self":[{"href":"https:\/\/einimed.eu\/pl\/wp-json\/wp\/v2\/product\/16901"}],"collection":[{"href":"https:\/\/einimed.eu\/pl\/wp-json\/wp\/v2\/product"}],"about":[{"href":"https:\/\/einimed.eu\/pl\/wp-json\/wp\/v2\/types\/product"}],"replies":[{"embeddable":true,"href":"https:\/\/einimed.eu\/pl\/wp-json\/wp\/v2\/comments?post=16901"}],"version-history":[{"count":1,"href":"https:\/\/einimed.eu\/pl\/wp-json\/wp\/v2\/product\/16901\/revisions"}],"predecessor-version":[{"id":16902,"href":"https:\/\/einimed.eu\/pl\/wp-json\/wp\/v2\/product\/16901\/revisions\/16902"}],"wp:featuredmedia":[{"embeddable":true,"href":"https:\/\/einimed.eu\/pl\/wp-json\/wp\/v2\/media\/16894"}],"wp:attachment":[{"href":"https:\/\/einimed.eu\/pl\/wp-json\/wp\/v2\/media?parent=16901"}],"wp:term":[{"taxonomy":"product_cat","embeddable":true,"href":"https:\/\/einimed.eu\/pl\/wp-json\/wp\/v2\/product_cat?post=16901"},{"taxonomy":"product_tag","embeddable":true,"href":"https:\/\/einimed.eu\/pl\/wp-json\/wp\/v2\/product_tag?post=16901"}],"curies":[{"name":"wp","href":"https:\/\/api.w.org\/{rel}","templated":true}]}}