{"id":16897,"date":"2024-08-29T13:19:18","date_gmt":"2024-08-29T13:19:18","guid":{"rendered":"https:\/\/einimed.eu\/?post_type=product&#038;p=16897"},"modified":"2024-08-29T14:10:51","modified_gmt":"2024-08-29T14:10:51","slug":"lepu-neoecg-t180-portable-ai-driven-ecg-system","status":"publish","type":"product","link":"https:\/\/einimed.eu\/pl\/shop\/lepu-neoecg-t180-przenosny-system-ecg\/","title":{"rendered":"Lepu NeoECG T180 Przeno\u015bny system EKG"},"content":{"rendered":"<h3><strong>Lepu NeoECG T180 Przeno\u015bny system EKG<\/strong><\/h3>\n<p>Lepu NeoECG T180 to urz\u0105dzenie EKG zaprojektowane do dok\u0142adnej i szybkiej diagnostyki serca. Wspiera on 9, 12, 15 i 18 wiod\u0105cych po\u0142\u0105cze\u0144 synchronicznych, zapewniaj\u0105c kompleksow\u0105 analiz\u0119 EKG. Urz\u0105dzenie jest zasilane platform\u0105 AI- ECG, kt\u00f3ra dzi\u0119ki szkoleniu z 50 milionami punkt\u00f3w pomiarowych posiada \u015bredni\u0105 dok\u0142adno\u015b\u0107 95,2%. Dzi\u0119ki kolorowemu ekranowi dotykowemu o wysokiej rozdzielczo\u015bci 10,1 &amp; # 8243, to przeno\u015bne urz\u0105dzenie jest idealne do diagnostyki na bie\u017c\u0105co. Posiada wiele format\u00f3w danych, zdolno\u015bci transmisji bezprzewodowej oraz kompatybilno\u015b\u0107 z r\u00f3\u017cnymi systemami zarz\u0105dzania danymi pacjenta, co czyni z niego niezb\u0119dne narz\u0119dzie nowoczesnej opieki zdrowotnej.<\/p>","protected":false},"excerpt":{"rendered":"<p>Lepu NeoECG T180 jest urz\u0105dzeniem do ci\u0119cia kraw\u0119dzi ECG z dok\u0142adno\u015bci\u0105 zasilania AI- i wieloma opcjami pozyskiwania o\u0142owiu. Idealny do kompleksowej diagnostyki serca, oferuje przeno\u015bno\u015b\u0107, wysokiej rozdzielczo\u015bci wy\u015bwietlacz i zaawansowane funkcje zarz\u0105dzania danymi.<\/p>","protected":false},"featured_media":16896,"comment_status":"open","ping_status":"closed","template":"","meta":[],"product_cat":[76],"product_tag":[245],"class_list":{"0":"post-16897","1":"product","2":"type-product","3":"status-publish","4":"has-post-thumbnail","6":"product_cat-patient-monitoring","7":"product_tag-lepu-medical","9":"first","10":"onbackorder","11":"shipping-taxable","12":"purchasable","13":"product-type-simple"},"_links":{"self":[{"href":"https:\/\/einimed.eu\/pl\/wp-json\/wp\/v2\/product\/16897"}],"collection":[{"href":"https:\/\/einimed.eu\/pl\/wp-json\/wp\/v2\/product"}],"about":[{"href":"https:\/\/einimed.eu\/pl\/wp-json\/wp\/v2\/types\/product"}],"replies":[{"embeddable":true,"href":"https:\/\/einimed.eu\/pl\/wp-json\/wp\/v2\/comments?post=16897"}],"version-history":[{"count":1,"href":"https:\/\/einimed.eu\/pl\/wp-json\/wp\/v2\/product\/16897\/revisions"}],"predecessor-version":[{"id":16898,"href":"https:\/\/einimed.eu\/pl\/wp-json\/wp\/v2\/product\/16897\/revisions\/16898"}],"wp:featuredmedia":[{"embeddable":true,"href":"https:\/\/einimed.eu\/pl\/wp-json\/wp\/v2\/media\/16896"}],"wp:attachment":[{"href":"https:\/\/einimed.eu\/pl\/wp-json\/wp\/v2\/media?parent=16897"}],"wp:term":[{"taxonomy":"product_cat","embeddable":true,"href":"https:\/\/einimed.eu\/pl\/wp-json\/wp\/v2\/product_cat?post=16897"},{"taxonomy":"product_tag","embeddable":true,"href":"https:\/\/einimed.eu\/pl\/wp-json\/wp\/v2\/product_tag?post=16897"}],"curies":[{"name":"wp","href":"https:\/\/api.w.org\/{rel}","templated":true}]}}