{"id":16876,"date":"2024-08-29T11:11:03","date_gmt":"2024-08-29T11:11:03","guid":{"rendered":"https:\/\/einimed.eu\/?post_type=product&#038;p=16876"},"modified":"2024-09-02T05:09:31","modified_gmt":"2024-09-02T05:09:31","slug":"zoncare-viv60-color-doppler-ultrasound","status":"publish","type":"product","link":"https:\/\/einimed.eu\/pl\/shop\/zoncare-viv60-kolor-doppler-usg\/","title":{"rendered":"Zoncare ViV60 kolor Doppler Ultrasound"},"content":{"rendered":"<h3><strong>Zoncare ViV60 kolor Doppler Ultrasound<\/strong><\/h3>\n<h4><strong>Precyzja w ka\u017cdym pulsie, jasno\u015b\u0107 w ka\u017cdym obrazku<\/strong><\/h4>\n<p> Zoncare ViV60 jest stanem-of-the-art kolor Doppler USG system przeznaczony do kompleksowych zastosowa\u0144 diagnostycznych. Wyposa\u017cone w trzy zaawansowane sondy - wypuk\u0142e, liniowe i wewn\u0105trzczaszkowe - zapewniaj\u0105 niezr\u00f3wnan\u0105 wszechstronno\u015b\u0107 w r\u00f3\u017cnych warunkach klinicznych. <\/p>\n<h4><strong>Najwa\u017cniejsze cechy<\/strong><\/h4>\n<p> <strong>P\u0142aszczyzna wypuk\u0142a:<\/strong> Idealny do zastosowa\u0144 w jamie brzusznej, po\u0142o\u017cniczej i ginekologicznej, oferuj\u0105c g\u0142\u0119bok\u0105 penetracj\u0119 i obrazowanie pod k\u0105tem widzenia. <strong>Proba liniowa:<\/strong> Idealny do bada\u0144 naczyniowych i ma\u0142ych organ\u00f3w, zapewniaj\u0105c wysokiej rozdzielczo\u015bci obrazy powierzchownych struktur. <strong>Probe intracavity:<\/strong> Przeznaczone do bada\u0144 ginekologicznych i urologicznych, zapewniaj\u0105c szczeg\u00f3\u0142owe i dok\u0142adne obrazowanie struktur wewn\u0119trznych. <\/p>\n<h4><strong>Cutting- Edge Imaging Technologies<\/strong><\/h4>\n<p> ViV60 wykorzystuje zaawansowane technologie obrazowania, takie jak obrazowanie obj\u0119to\u015bci 3D \/ 4D w czasie rzeczywistym, obrazowanie przestrzenne i obrazowanie harmoniczne tkanek, oferuj\u0105c krystalicznie czyste obrazy do precyzyjnej diagnostyki. Dzi\u0119ki przyjaznemu dla u\u017cytkownika interfejsowi i ergonomicznej konstrukcji ViV60 zwi\u0119ksza sprawno\u015b\u0107 kliniczn\u0105 i komfort pacjenta. <\/p>\n<h4><strong>Kompleksowe zastosowania kliniczne<\/strong><\/h4>\n<p> Niezale\u017cnie od tego, czy jest to obrazowanie jamy brzusznej, serca, naczy\u0144 krwiono\u015bnych czy po\u0142o\u017cnictwa, ViV60 zapewnia wiarygodne wyniki w wielu dziedzinach medycznych. Jego wszechstronno\u015b\u0107, w po\u0142\u0105czeniu z mo\u017cliwo\u015bci\u0105 obs\u0142ugi wielu tryb\u00f3w i technologii obrazowania, sprawia, \u017ce jest to niezb\u0119dne narz\u0119dzie dla pracownik\u00f3w s\u0142u\u017cby zdrowia.<\/p>","protected":false},"excerpt":{"rendered":"<p>Do\u015bwiadcz Zoncare ViV60, wszechstronny i zaawansowany system USG Dopplera, wyposa\u017cony w sondy wypuk\u0142e, liniowe i wewn\u0105trzczaszkowe. Zaprojektowany do r\u00f3\u017cnych zastosowa\u0144 klinicznych, oferuje doskona\u0142\u0105 jako\u015b\u0107 obrazu i precyzyjn\u0105 diagnostyk\u0119 z najnowszymi technologiami obrazowania. ViV60 jest idealnym wyborem dla specjalist\u00f3w medycznych poszukuj\u0105cych niezawodnego i kompleksowego rozwi\u0105zania ultrad\u017awi\u0119kowego. <\/p>","protected":false},"featured_media":16873,"comment_status":"open","ping_status":"closed","template":"","meta":[],"product_cat":[71],"product_tag":[244],"class_list":{"0":"post-16876","1":"product","2":"type-product","3":"status-publish","4":"has-post-thumbnail","6":"product_cat-ultrasounds","7":"product_tag-zoncare","9":"first","10":"onbackorder","11":"featured","12":"shipping-taxable","13":"purchasable","14":"product-type-simple"},"_links":{"self":[{"href":"https:\/\/einimed.eu\/pl\/wp-json\/wp\/v2\/product\/16876"}],"collection":[{"href":"https:\/\/einimed.eu\/pl\/wp-json\/wp\/v2\/product"}],"about":[{"href":"https:\/\/einimed.eu\/pl\/wp-json\/wp\/v2\/types\/product"}],"replies":[{"embeddable":true,"href":"https:\/\/einimed.eu\/pl\/wp-json\/wp\/v2\/comments?post=16876"}],"version-history":[{"count":1,"href":"https:\/\/einimed.eu\/pl\/wp-json\/wp\/v2\/product\/16876\/revisions"}],"predecessor-version":[{"id":16877,"href":"https:\/\/einimed.eu\/pl\/wp-json\/wp\/v2\/product\/16876\/revisions\/16877"}],"wp:featuredmedia":[{"embeddable":true,"href":"https:\/\/einimed.eu\/pl\/wp-json\/wp\/v2\/media\/16873"}],"wp:attachment":[{"href":"https:\/\/einimed.eu\/pl\/wp-json\/wp\/v2\/media?parent=16876"}],"wp:term":[{"taxonomy":"product_cat","embeddable":true,"href":"https:\/\/einimed.eu\/pl\/wp-json\/wp\/v2\/product_cat?post=16876"},{"taxonomy":"product_tag","embeddable":true,"href":"https:\/\/einimed.eu\/pl\/wp-json\/wp\/v2\/product_tag?post=16876"}],"curies":[{"name":"wp","href":"https:\/\/api.w.org\/{rel}","templated":true}]}}