{"id":16861,"date":"2024-08-29T07:15:36","date_gmt":"2024-08-29T07:15:36","guid":{"rendered":"https:\/\/einimed.eu\/?post_type=product&#038;p=16861"},"modified":"2024-09-03T09:23:48","modified_gmt":"2024-09-03T09:23:48","slug":"graseby-v20-mini-infusion-pump","status":"publish","type":"product","link":"https:\/\/einimed.eu\/pl\/shop\/przechwytywanie-pompy-infuzyjnej-mini-v20\/","title":{"rendered":"Graseby V20 Mini pompka infuzyjna"},"content":{"rendered":"<h3><strong>Graseby V20 Mini pompka infuzyjna<\/strong><\/h3>\n<p>Graseby V20 Mini infuzja Pompa oferuje zaawansowane dostarczanie lek\u00f3w ze szczeg\u00f3lnym uwzgl\u0119dnieniem bezpiecze\u0144stwa i wydajno\u015bci. Posiada ekran dotykowy IPS HD dla zwi\u0119kszonego interfejsu u\u017cytkownika, zapewniaj\u0105c precyzyjne sterowanie i monitorowanie. Inteligentny system lek\u00f3w DERS zwi\u0119ksza bezpiecze\u0144stwo pacjent\u00f3w, podczas gdy konwersja dawki lipid\u00f3w usprawnia zarz\u0105dzanie dawkowaniem, zmniejszaj\u0105c ryzyko wyst\u0105pienia b\u0142\u0119d\u00f3w.<\/p>\n<p>Ta innowacyjna pompa jest zaprojektowana tak, aby zaspokoi\u0107 potrzeby nowoczesnej opieki zdrowotnej, zapewniaj\u0105c niezawodne i dok\u0142adne dostarczanie wlewu.<\/p>\n<h4><strong>Najwa\u017cniejsze cechy:<\/strong><\/h4>\n<ul>\n<li><strong>Przyjazny dla u\u017cytkownika Interfejs:<\/strong> Ekran dotykowy IPS HD zapewnia lepsze wra\u017cenia wizualne.<\/li>\n<li><strong>Inteligentne zarz\u0105dzanie lekami:<\/strong> Zmodernizowany system DERS zapewnia bezpiecze\u0144stwo pacjenta.<\/li>\n<li><strong>Inteligentna konwersja dawki:<\/strong> Uproszcza zarz\u0105dzanie dawk\u0105 p\u0142yn\u00f3w pod wzgl\u0119dem dok\u0142adno\u015bci i wygody.<\/li>\n<\/ul>\n<h4><strong>Integracja systemu:<\/strong><\/h4>\n<p>Model V20 Mini bezproblemowo integruje si\u0119 w scentralizowane i medyczne \u015brodowisko pracy, zwi\u0119kszaj\u0105c wydajno\u015b\u0107 operacyjn\u0105 i jako\u015b\u0107 opieki nad pacjentem.<\/p>","protected":false},"excerpt":{"rendered":"<p>Odkryj Graseby V20 Mini infuzja Pompa nowoczesne i skuteczne rozwi\u0105zanie do dok\u0142adnego dostarczania lek\u00f3w.<\/p>","protected":false},"featured_media":16823,"comment_status":"open","ping_status":"closed","template":"","meta":[],"product_cat":[76],"product_tag":[235],"class_list":{"0":"post-16861","1":"product","2":"type-product","3":"status-publish","4":"has-post-thumbnail","6":"product_cat-patient-monitoring","7":"product_tag-graseby","9":"first","10":"onbackorder","11":"shipping-taxable","12":"purchasable","13":"product-type-simple"},"_links":{"self":[{"href":"https:\/\/einimed.eu\/pl\/wp-json\/wp\/v2\/product\/16861"}],"collection":[{"href":"https:\/\/einimed.eu\/pl\/wp-json\/wp\/v2\/product"}],"about":[{"href":"https:\/\/einimed.eu\/pl\/wp-json\/wp\/v2\/types\/product"}],"replies":[{"embeddable":true,"href":"https:\/\/einimed.eu\/pl\/wp-json\/wp\/v2\/comments?post=16861"}],"version-history":[{"count":1,"href":"https:\/\/einimed.eu\/pl\/wp-json\/wp\/v2\/product\/16861\/revisions"}],"predecessor-version":[{"id":16862,"href":"https:\/\/einimed.eu\/pl\/wp-json\/wp\/v2\/product\/16861\/revisions\/16862"}],"wp:featuredmedia":[{"embeddable":true,"href":"https:\/\/einimed.eu\/pl\/wp-json\/wp\/v2\/media\/16823"}],"wp:attachment":[{"href":"https:\/\/einimed.eu\/pl\/wp-json\/wp\/v2\/media?parent=16861"}],"wp:term":[{"taxonomy":"product_cat","embeddable":true,"href":"https:\/\/einimed.eu\/pl\/wp-json\/wp\/v2\/product_cat?post=16861"},{"taxonomy":"product_tag","embeddable":true,"href":"https:\/\/einimed.eu\/pl\/wp-json\/wp\/v2\/product_tag?post=16861"}],"curies":[{"name":"wp","href":"https:\/\/api.w.org\/{rel}","templated":true}]}}