{"id":16859,"date":"2024-08-28T21:40:24","date_gmt":"2024-08-28T21:40:24","guid":{"rendered":"https:\/\/einimed.eu\/?post_type=product&#038;p=16859"},"modified":"2024-09-02T05:09:24","modified_gmt":"2024-09-02T05:09:24","slug":"viv-80-color-doppler-ultrasound","status":"publish","type":"product","link":"https:\/\/einimed.eu\/pl\/shop\/doppler-80-kolor-usg\/","title":{"rendered":"Doppler kolor\u00f3w ViV 80 USG"},"content":{"rendered":"<h3><strong>Doppler kolor\u00f3w ViV 80 USG<\/strong><\/h3>\n<h4><strong>Ochrona rzemios\u0142a, Precyzja z pr\u0119dko\u015bci\u0105<\/strong><\/h4>\n<p>Do\u015bwiadcz technologii ci\u0119cia-edge i innowacji ViV 80, wysokiej wydajno\u015bci, Cart- oparte, kolor Doppler USG systemu Zoncare. Zaprojektowany z najnowszymi metadanymi uSeed ultraszybka technologia obrazowania i wyposa\u017cony w procesor dual- procesor CPU + GPU heterogeniczne obliczeniowe, ViV 80 oferuje doskona\u0142\u0105 jako\u015b\u0107 obrazowania i niezr\u00f3wnan\u0105 reakcj\u0119.<\/p>\n<h4><strong>Najwa\u017cniejsze cechy<\/strong><\/h4>\n<p><strong>Advanced Single- Crystal Multi- Matching Layer Probes:<\/strong><\/p>\n<ul>\n<li><strong>Wzmocnione mo\u017cliwo\u015bci obrazowania:<\/strong> Zapewnia szersz\u0105 przepustowo\u015b\u0107, wi\u0119ksz\u0105 penetracj\u0119 i wi\u0119ksz\u0105 rozdzielczo\u015b\u0107 dla dok\u0142adnej diagnostyki.<\/li>\n<li><strong>Dedykowane Probes for Specific Needs:<\/strong> Zawiera czyst\u0105 falow\u0105 sond\u0119 jednokrystaliczn\u0105 oraz szerokopasmow\u0105 sond\u0119 o wysokiej cz\u0119stotliwo\u015bci specjalizuj\u0105c\u0105 si\u0119 w obrazowaniu piersi i tarczycy, zapewniaj\u0105c precyzyjne odwzorowanie tkanki.<\/li>\n<\/ul>\n<p><strong>Wygodna obs\u0142uga:<\/strong><\/p>\n<ul>\n<li><strong>Ergonomiczny projekt:<\/strong> Intuicyjne i przyjazne dla u\u017cytkownika urz\u0105dzenia steruj\u0105ce do bezszwu.<\/li>\n<li><strong>Efektywny przep\u0142yw pracy:<\/strong> Zoptymalizowane do szybkiego i efektywnego zastosowania klinicznego, zmniejszaj\u0105c zm\u0119czenie operatora.<\/li>\n<\/ul>\n<h4><strong>Zalety produktu<\/strong><\/h4>\n<p>ViV 80 jest wszechstronnym i pot\u0119\u017cnym rozwi\u0105zaniem, kt\u00f3re \u0142\u0105czy zaawansowan\u0105 technologi\u0119 i zorientowan\u0105 na u\u017cytkownika konstrukcj\u0119. Dzi\u0119ki swojej platformie ci\u0119cia kraw\u0119dzi ViV 80 zwi\u0119ksza dok\u0142adno\u015b\u0107 diagnostyki, szczeg\u00f3lnie w trudnych przypadkach, i zapewnia jasne, szczeg\u00f3\u0142owe obrazy.<\/p>\n<h4><strong>Zaawansowane technologie przetwarzania obrazu<\/strong><\/h4>\n<p>ViV 80 zawiera szerok\u0105 gam\u0119 technologii obrazowania, kt\u00f3re znacznie zwi\u0119kszaj\u0105 skuteczno\u015b\u0107 kliniczn\u0105 i zwi\u0119kszaj\u0105 mo\u017cliwo\u015bci diagnostyczne:<\/p>\n<ul>\n<li><strong>Elastografia w czasie rzeczywistym:<\/strong> Oferuje ilo\u015bciow\u0105 ocen\u0119 elastyczno\u015bci tkanek, kluczow\u0105 dla identyfikacji mi\u0119kkich i twardych zmian.<\/li>\n<li><strong>Obrazowanie widmowe 3D:<\/strong> Dostarcza precyzyjne obliczenia przep\u0142ywu przy u\u017cyciu wielopr\u00f3bkowej technologii tr\u00f3jwymiarowego widma Dopplera.<\/li>\n<li><strong>Parametry nieliniowe Obrazowanie:<\/strong> U\u0142atwia identyfikacj\u0119 chor\u00f3b w\u0105troby poprzez ilo\u015bciowe obrazowanie nieliniowych parametr\u00f3w tkanek.<\/li>\n<li><strong>Harmonijny obraz syntezy j\u0105drowej:<\/strong> \u0141\u0105czy wysok\u0105 rozdzielczo\u015b\u0107 z g\u0142\u0119bok\u0105 penetracj\u0105 dla og\u00f3lnej poprawy jako\u015bci obrazu.<\/li>\n<\/ul>\n<p>Przyj\u0105\u0107 przysz\u0142o\u015b\u0107 obrazowania diagnostycznego z ViV 80, gdzie pr\u0119dko\u015b\u0107 spe\u0142nia precyzj\u0119, zapewniaj\u0105c najwy\u017csz\u0105 jako\u015b\u0107 opieki dla pacjent\u00f3w. ViV 80, wyposa\u017cony w dwie zaawansowane sondy, ponownie okre\u015bla, co jest mo\u017cliwe w USG, zapewniaj\u0105c niezr\u00f3wnan\u0105 jasno\u015b\u0107 i szczeg\u00f3\u0142y dla szerokiego zakresu zastosowa\u0144 klinicznych.<\/p>","protected":false},"excerpt":{"rendered":"<p>Doppler kolor\u00f3w ViV 80 USG &amp; # 8211; Wysokowydajny system ultrad\u017awi\u0119kowy z zaawansowan\u0105 technologi\u0105 obrazowania USeed oraz procesorem dual- procesorem CPU + GPU dla niezr\u00f3wnanej precyzji i pr\u0119dko\u015bci. Zawiera dwa specjalistyczne sondy do piersi, tarczycy i wi\u0119cej. Idealny do nowoczesnych potrzeb diagnostycznych.<\/p>","protected":false},"featured_media":16858,"comment_status":"open","ping_status":"closed","template":"","meta":[],"product_cat":[71],"product_tag":[244],"class_list":{"0":"post-16859","1":"product","2":"type-product","3":"status-publish","4":"has-post-thumbnail","6":"product_cat-ultrasounds","7":"product_tag-zoncare","9":"first","10":"onbackorder","11":"featured","12":"shipping-taxable","13":"purchasable","14":"product-type-simple"},"_links":{"self":[{"href":"https:\/\/einimed.eu\/pl\/wp-json\/wp\/v2\/product\/16859"}],"collection":[{"href":"https:\/\/einimed.eu\/pl\/wp-json\/wp\/v2\/product"}],"about":[{"href":"https:\/\/einimed.eu\/pl\/wp-json\/wp\/v2\/types\/product"}],"replies":[{"embeddable":true,"href":"https:\/\/einimed.eu\/pl\/wp-json\/wp\/v2\/comments?post=16859"}],"version-history":[{"count":2,"href":"https:\/\/einimed.eu\/pl\/wp-json\/wp\/v2\/product\/16859\/revisions"}],"predecessor-version":[{"id":16865,"href":"https:\/\/einimed.eu\/pl\/wp-json\/wp\/v2\/product\/16859\/revisions\/16865"}],"wp:featuredmedia":[{"embeddable":true,"href":"https:\/\/einimed.eu\/pl\/wp-json\/wp\/v2\/media\/16858"}],"wp:attachment":[{"href":"https:\/\/einimed.eu\/pl\/wp-json\/wp\/v2\/media?parent=16859"}],"wp:term":[{"taxonomy":"product_cat","embeddable":true,"href":"https:\/\/einimed.eu\/pl\/wp-json\/wp\/v2\/product_cat?post=16859"},{"taxonomy":"product_tag","embeddable":true,"href":"https:\/\/einimed.eu\/pl\/wp-json\/wp\/v2\/product_tag?post=16859"}],"curies":[{"name":"wp","href":"https:\/\/api.w.org\/{rel}","templated":true}]}}