{"id":16524,"date":"2024-07-31T18:15:29","date_gmt":"2024-07-31T18:15:29","guid":{"rendered":"http:\/\/192.168.13.40\/?post_type=product&#038;p=16524"},"modified":"2024-09-03T20:05:11","modified_gmt":"2024-09-03T20:05:11","slug":"color-doppler-high-end-ultrasound-apogee-6500","status":"publish","type":"product","link":"https:\/\/einimed.eu\/pl\/shop\/apogee-6500-wysokiej-klasy-system-ultradzwiekowy\/","title":{"rendered":"Color Doppler High-end Ultrasound Apogee 6500"},"content":{"rendered":"<p><strong>Wysokiej jako\u015bci ultrad\u017awi\u0119kowy system Apogee 6500<\/strong><\/p>\n<p>Zr\u00f3b rewolucj\u0119 w procesie podejmowania decyzji klinicznych z pomoc\u0105 Apogee 6500. Ten wysokiej jako\u015bci ultrad\u017awi\u0119kowy system RealView + oferuje mo\u017cliwo\u015bci wizualizacji nast\u0119pnego poziomu i rozwi\u0105zania do rozwi\u0105zania zada\u0144 diagnostycznych. Zwi\u0119kszona wydajno\u015b\u0107 skanowania, zaawansowane technologie przetwarzania obrazu i optymalizacja pracy zapewniaj\u0105 doskona\u0142\u0105 jako\u015b\u0107 obrazu i komfort u\u017cytkownika.<\/p>\n<p><strong>Najwa\u017cniejsze cechy<\/strong><\/p>\n<p><strong>Rzeczywisty wygl\u0105d +:<\/strong><br \/>\nDzi\u0119ki innowacyjnemu algorytmowi RealView + zwi\u0119ksza wydajno\u015b\u0107 skanowania i zorientowanie na u\u017cytkownika. Platforma daje mo\u017cliwo\u015bci uzyskania obraz\u00f3w nast\u0119pnego poziomu i rozwi\u0105zania dla potrzeb diagnostyki.<\/p>\n<p><strong>Strefa pikseli echa (PEZ):<\/strong><br \/>\nPodczas przetwarzania szerokopasmowych obraz\u00f3w system automatycznie zbiera echo-informacje na wi\u0119kszym obszarze przetwarzania w celu zwi\u0119kszenia skuteczno\u015bci zbierania danych i szybko\u015bci oblicze\u0144. Wi\u0119ksza liczba klatek na sekund\u0119 obrazu zapewnia lepsz\u0105 i szybsz\u0105 diagnostyk\u0119.<\/p>\n<p><strong>Cel Ostro\u015bci\u0105:<\/strong><br \/>\nAby ustawi\u0107 ostro\u015b\u0107 obrazu w bliskim i dalekim polu wymagana r\u00f3\u017cna intensywno\u015b\u0107 sygna\u0142u. Ta zaawansowana technologia zapewnia automatyczn\u0105 kompensacj\u0119 sygna\u0142u, jeszcze bardziej zwi\u0119kszaj\u0105c dok\u0142adno\u015b\u0107 ustawiania ostro\u015bci i jednorodno\u015b\u0107 obrazu na ca\u0142ym obszarze obrazu.<\/p>\n<p><strong>Rzeczowa korespondencja seryjna (W-Fusion):<\/strong><br \/>\nDynamiczna analiza widma doppler, echo sygna\u0142u pozwala systemowi skutecznie wychwytywa\u0107 sygna\u0142y jak w \u043d\u0438\u0437\u043a\u043e\u0447\u0430\u0441\u0442\u043e\u0442\u043d\u043e\u043c, jak i wysokich zakresach. Precyzyjne sterowanie i \u0142\u0105czenie tych sygna\u0142\u00f3w sprzyja optymalnej jako\u015bci obrazu przy jak najlepszym po\u0142\u0105czeniu uprawnienia i penetracji.<\/p>\n<p><strong>Indywidualny Filtr:<\/strong><br \/>\nNieprawid\u0142owe sygna\u0142y podczas transmisji nieuchronnie narusza proces uzyskiwania obrazu. Aby zmniejszy\u0107 ten skutek, nale\u017cy wzmocni\u0107 wiarygodne sygna\u0142y. Technologia ta filtruje sygna\u0142\u00f3w w ca\u0142ym zakresie cz\u0119stotliwo\u015bci, na r\u00f3\u017cnych g\u0142\u0119boko\u015bciach. Specjalna obr\u00f3bka zwi\u0119ksza wiarygodne sygna\u0142y i hamuje nieprawid\u0142owe, zwi\u0119kszaj\u0105c stosunek sygna\u0142 \/ szum dla poprawy kontrastu obrazu.<\/p>\n<p><strong>Melodia Echa:<\/strong><br \/>\nInteligentna analiza w czasie rzeczywistym podczas tworzenia szerokopasmowego wi\u0105zki pozwala dostosowa\u0107 promieniowanie i odbi\u00f3r energii. Zwi\u0119ksza jednorodno\u015b\u0107 obrazu bez uszczerbku dla uprawnienia pola ostro\u015bci.<\/p>\n<p><strong>Kompatybilno\u015b\u0107 z sond\u0105 liniow\u0105:<\/strong><br \/>\nApogee 6500 jest kompatybilny zar\u00f3wno z sondami wypuk\u0142ymi, jak i linearnymi, zapewniaj\u0105c wszechstronne zastosowanie w szerokim zakresie scenariuszy klinicznych. System obs\u0142uguje przeno\u015bne sondy do obrazowania tkanek g\u0142\u0119bokich i sondy liniowe do konstrukcji powierzchownych, zapewniaj\u0105c kompleksowe pokrycie r\u00f3\u017cnych potrzeb diagnostycznych. Oba rodzaje sond korzystaj\u0105 z zaawansowanych technologii obrazowania systemu, zapewniaj\u0105c wysok\u0105 rozdzielczo\u015b\u0107 i jednolito\u015b\u0107 niezale\u017cnie od rodzaju sondy.<\/p>","protected":false},"excerpt":{"rendered":"<p>Zr\u00f3b rewolucj\u0119 w procesie podejmowania decyzji klinicznych z pomoc\u0105 Apogee 6500. Ten wysokiej jako\u015bci ultrad\u017awi\u0119kowy system RealView + oferuje mo\u017cliwo\u015bci wizualizacji nast\u0119pnego poziomu i rozwi\u0105zania do rozwi\u0105zania zada\u0144 diagnostycznych. Zwi\u0119kszona wydajno\u015b\u0107 skanowania, zaawansowane technologie przetwarzania obrazu i optymalizacja pracy zapewniaj\u0105 doskona\u0142\u0105 jako\u015b\u0107 obrazu i komfort u\u017cytkownika.<\/p>","protected":false},"featured_media":16527,"comment_status":"open","ping_status":"closed","template":"","meta":[],"product_cat":[71],"product_tag":[236],"class_list":{"0":"post-16524","1":"product","2":"type-product","3":"status-publish","4":"has-post-thumbnail","6":"product_cat-ultrasounds","7":"product_tag-siui","9":"first","10":"onbackorder","11":"shipping-taxable","12":"purchasable","13":"product-type-simple"},"_links":{"self":[{"href":"https:\/\/einimed.eu\/pl\/wp-json\/wp\/v2\/product\/16524"}],"collection":[{"href":"https:\/\/einimed.eu\/pl\/wp-json\/wp\/v2\/product"}],"about":[{"href":"https:\/\/einimed.eu\/pl\/wp-json\/wp\/v2\/types\/product"}],"replies":[{"embeddable":true,"href":"https:\/\/einimed.eu\/pl\/wp-json\/wp\/v2\/comments?post=16524"}],"version-history":[{"count":4,"href":"https:\/\/einimed.eu\/pl\/wp-json\/wp\/v2\/product\/16524\/revisions"}],"predecessor-version":[{"id":17258,"href":"https:\/\/einimed.eu\/pl\/wp-json\/wp\/v2\/product\/16524\/revisions\/17258"}],"wp:featuredmedia":[{"embeddable":true,"href":"https:\/\/einimed.eu\/pl\/wp-json\/wp\/v2\/media\/16527"}],"wp:attachment":[{"href":"https:\/\/einimed.eu\/pl\/wp-json\/wp\/v2\/media?parent=16524"}],"wp:term":[{"taxonomy":"product_cat","embeddable":true,"href":"https:\/\/einimed.eu\/pl\/wp-json\/wp\/v2\/product_cat?post=16524"},{"taxonomy":"product_tag","embeddable":true,"href":"https:\/\/einimed.eu\/pl\/wp-json\/wp\/v2\/product_tag?post=16524"}],"curies":[{"name":"wp","href":"https:\/\/api.w.org\/{rel}","templated":true}]}}