{"id":16500,"date":"2024-07-31T16:06:07","date_gmt":"2024-07-31T16:06:07","guid":{"rendered":"http:\/\/192.168.13.40\/?post_type=product&#038;p=16500"},"modified":"2024-08-28T19:45:48","modified_gmt":"2024-08-28T19:45:48","slug":"endoscope-image-processor-px-850e","status":"publish","type":"product","link":"https:\/\/einimed.eu\/pl\/shop\/endoskop-procesor-obrazu-px-850e\/","title":{"rendered":"Procesor przetwarzania obrazu endoskopu PX-850E"},"content":{"rendered":"<div data-elementor-type=\"product-post\" data-elementor-id=\"16500\" class=\"elementor elementor-16500\" data-elementor-post-type=\"product\">\n\t\t\t\t<div class=\"wd-negative-gap elementor-element elementor-element-df82f6a e-flex e-con-boxed e-con e-parent\" data-id=\"df82f6a\" data-element_type=\"container\">\n\t\t\t\t\t<div class=\"e-con-inner\">\n\t\t\t\t<div class=\"elementor-element elementor-element-c503b36 elementor-widget elementor-widget-wd_text_block\" data-id=\"c503b36\" data-element_type=\"widget\" data-widget_type=\"wd_text_block.default\">\n\t\t\t\t<div class=\"elementor-widget-container\">\n\t\t\t\t\t<div class=\"wd-text-block reset-last-child text-left\">\n\t\t\t\n\t\t\t<p>Poznaj szczytem techniki obrazowania za pomoc\u0105 endoskopowe procesora przetwarzania obrazu PX-850E. Opracowane w celu zapewnienia doskona\u0142ej wydajno\u015bci i uniwersalno\u015bci, to uniwersalne urz\u0105dzenie obs\u0142uguje 3D (FHD), 4K, NIR \/ ICG obrazu, co czyni go pot\u0119\u017cnym narz\u0119dziem do prowadzenia operacje minimalnie inwazyjne.<\/p><p><strong>Najwa\u017cniejsze cechy:<\/strong><\/p><ul><li><strong>Uniwersalny design:<\/strong> Wbudowane \u017ar\u00f3d\u0142o \u015bwiat\u0142a led i magnetowid, kt\u00f3re obs\u0142uguj\u0105 nagrywanie wideo w formacie 3D i 4K, optymalizuj\u0105 sw\u00f3j chirurgicznie proces.<\/li><li><strong>Wbudowane \u017ar\u00f3d\u0142o \u015bwiat\u0142a:<\/strong> Zapewnia optymalne o\u015bwietlenie w celu uzyskania dok\u0142adnej i przejrzystej wizualizacji podczas zabieg\u00f3w.<\/li><li><strong>Wbudowany Rejestrator wideo 4K\/full HD\/3D:<\/strong> \u0141atwo nagrywa\u0107 filmy w rozdzielczo\u015bci hd dzi\u0119ki wbudowanej funkcji nagrywania.<\/li><li><strong>Wysoka Kompatybilno\u015b\u0107:<\/strong> Obs\u0142uguje wszystkie g\u0142owice kamer platformy PX-850E, zapewniaj\u0105c p\u0142ynn\u0105 integracj\u0119 i elastyczno\u015b\u0107.<\/li><li><strong>Tryb pracy z wieloma dzia\u0142ami:<\/strong> Uniwersalna funkcjonalno\u015b\u0107 do obs\u0142ugi szerokiej gamy zastosowa\u0144 chirurgicznych, zwi\u0119kszaj\u0105c skuteczno\u015b\u0107 zabiegu.<\/li><li><strong>Tryb wielokrotnego wy\u015bwietlania:<\/strong> \u0141atwe prze\u0142\u0105czanie mi\u0119dzy trybami 2D i 3D obraz\u00f3w za pomoc\u0105 jednego klawisza, w tym lustrzane odbicie w lewo \/ prawo i g\u00f3ra \/ d\u00f3\u0142, a tak\u017ce obr\u00f3t obrazu o 180 \u00b0, aby rozszerzy\u0107 mo\u017cliwo\u015bci przegl\u0105darki.<\/li><li><strong>Poziom bezpiecze\u0144stwa Typu CF:<\/strong> Ma zastosowanie zar\u00f3wno do kardiochirurgicznych, jak i dla thoracic operacji, obejmuj\u0105ce jamy brzusznej \/ BF, jamy klatki piersiowej i jamy brzusznej \/ CF dla maksymalnego bezpiecze\u0144stwa.<\/li><li><strong>Kolory:<\/strong> Gama kolor\u00f3w BT.2020 i wysoka g\u0142\u0119bia kolor\u00f3w zapewniaj\u0105 wyra\u017an\u0105 i naturaln\u0105 wizualizacj\u0119, co jest niezwykle wa\u017cne dla szczeg\u00f3\u0142owej i dok\u0142adnej chirurgicznej wizualizacji.<\/li><\/ul><p><strong>Dodatkowe dane techniczne:<\/strong><\/p><ul><li><strong>10-bitowy Kompatybilny z BT.2020:<\/strong> Dla szerokiej gamy kolor\u00f3w i precyzyjnego odwzorowania kolor\u00f3w.<\/li><li><strong>Ekran dotykowy 10,1 cala:<\/strong> Intuicyjny i prosty w obs\u0142udze interfejs do efektywnej pracy.<\/li><li><strong>\u0421\u0432\u0435\u0440\u0445\u043d\u0438\u0437\u043a\u0430\u044f op\u00f3\u017anienie:<\/strong> Pozwala na uzyskanie obraz\u00f3w w czasie rzeczywistym z minimalnym op\u00f3\u017anieniem.<\/li><li><strong>Automatyczna Identyfikacja G\u0142owicy Kamery:<\/strong> Upraszcza i zwi\u0119ksza wygod\u0119 u\u017cytkowania.<\/li><li><strong>OKR\u0104G\u0141E Poprawa jako\u015bci Obrazu:<\/strong> Zaawansowana obr\u00f3bka w celu uzyskania bardziej wyra\u017anych zdj\u0119\u0107.<\/li><\/ul><p>Procesor przetwarzania obrazu endoskopu PX-850E zaprojektowany zgodnie z najwy\u017cszymi standardami obrazowania medycznego, zapewniaj\u0105c niezr\u00f3wnan\u0105 wydajno\u015b\u0107 i niezawodno\u015b\u0107 w nowoczesnej praktyce chirurgicznej. Wyposa\u017cy\u0107 sw\u00f3j gabinet chirurgiczny najlepszy w swojej klasie sprz\u0119t, gwarantuj\u0105c doskona\u0142e rezultaty zar\u00f3wno dla pacjent\u00f3w, jak i dla praktykuj\u0105cych lekarzy.<\/p>\n\t\t\t\t\t<\/div>\n\t\t\t\t<\/div>\n\t\t\t\t<\/div>\n\t\t\t\t\t<\/div>\n\t\t\t\t<\/div>\n\t\t\t\t<\/div>","protected":false},"excerpt":{"rendered":"<p>Procesor przetwarzania obrazu endoskopu PX-850E - to zaawansowane rozwi\u0105zanie dla uzyskania obrazowania medycznego &#034;wszystko w jednym&#034;, kt\u00f3ra obs\u0142uguje 3D (FHD), 4K, NIR \/ ICG obrazu. Jest on wyposa\u017cony we wbudowany led \u017ar\u00f3d\u0142em \u015bwiat\u0142a i magnetowidem, zapewniaj\u0105cym wysokiej jako\u015bci wizualizacji i zapisu. Dzi\u0119ki kilku tryb\u00f3w renderowania wysokiej zgodno\u015bci i zwi\u0119kszonego poziomu bezpiecze\u0144stwa, ten procesor jest przeznaczony do powszechnego i efektywnego wykorzystania w szerokim zakresie zastosowa\u0144 chirurgicznych. Idealnie nadaje si\u0119 zar\u00f3wno dla kardiochirurgicznych, jak i dla thoracic operacji, zapewnia znakomite odwzorowanie kolor\u00f3w i intuicyjna obs\u0142uga dzi\u0119ki ekranowi dotykowemu o przek\u0105tnej 10,1 cala i ultra niskie op\u00f3\u017anienie.<\/p>","protected":false},"featured_media":16537,"comment_status":"open","ping_status":"closed","template":"","meta":[],"product_cat":[73],"product_tag":[240],"class_list":{"0":"post-16500","1":"product","2":"type-product","3":"status-publish","4":"has-post-thumbnail","6":"product_cat-endoscopes","7":"product_tag-proxinse","9":"first","10":"onbackorder","11":"shipping-taxable","12":"purchasable","13":"product-type-simple"},"_links":{"self":[{"href":"https:\/\/einimed.eu\/pl\/wp-json\/wp\/v2\/product\/16500"}],"collection":[{"href":"https:\/\/einimed.eu\/pl\/wp-json\/wp\/v2\/product"}],"about":[{"href":"https:\/\/einimed.eu\/pl\/wp-json\/wp\/v2\/types\/product"}],"replies":[{"embeddable":true,"href":"https:\/\/einimed.eu\/pl\/wp-json\/wp\/v2\/comments?post=16500"}],"version-history":[{"count":6,"href":"https:\/\/einimed.eu\/pl\/wp-json\/wp\/v2\/product\/16500\/revisions"}],"predecessor-version":[{"id":16508,"href":"https:\/\/einimed.eu\/pl\/wp-json\/wp\/v2\/product\/16500\/revisions\/16508"}],"wp:featuredmedia":[{"embeddable":true,"href":"https:\/\/einimed.eu\/pl\/wp-json\/wp\/v2\/media\/16537"}],"wp:attachment":[{"href":"https:\/\/einimed.eu\/pl\/wp-json\/wp\/v2\/media?parent=16500"}],"wp:term":[{"taxonomy":"product_cat","embeddable":true,"href":"https:\/\/einimed.eu\/pl\/wp-json\/wp\/v2\/product_cat?post=16500"},{"taxonomy":"product_tag","embeddable":true,"href":"https:\/\/einimed.eu\/pl\/wp-json\/wp\/v2\/product_tag?post=16500"}],"curies":[{"name":"wp","href":"https:\/\/api.w.org\/{rel}","templated":true}]}}