{"id":15979,"date":"2024-07-29T14:21:54","date_gmt":"2024-07-29T14:21:54","guid":{"rendered":"http:\/\/192.168.13.40\/?post_type=product&#038;p=15979"},"modified":"2024-08-28T19:31:44","modified_gmt":"2024-08-28T19:31:44","slug":"dynapower7-saw-handpiece","status":"publish","type":"product","link":"https:\/\/einimed.eu\/pl\/shop\/dynapower7-pilarka\/","title":{"rendered":"Ko\u0144c\u00f3wka pi\u0142y DynaPower7"},"content":{"rendered":"<div data-elementor-type=\"product-post\" data-elementor-id=\"15979\" class=\"elementor elementor-15979\" data-elementor-post-type=\"product\">\n\t\t\t\t<div class=\"wd-negative-gap elementor-element elementor-element-e33954d e-flex e-con-boxed e-con e-parent\" data-id=\"e33954d\" data-element_type=\"container\">\n\t\t\t\t\t<div class=\"e-con-inner\">\n\t\t\t\t<div class=\"elementor-element elementor-element-e288a19 elementor-widget elementor-widget-wd_text_block\" data-id=\"e288a19\" data-element_type=\"widget\" data-widget_type=\"wd_text_block.default\">\n\t\t\t\t<div class=\"elementor-widget-container\">\n\t\t\t\t\t<div class=\"wd-text-block reset-last-child text-left\">\n\t\t\t\n\t\t\t<h3>DMP- 7000S Pi\u0142a r\u0119ka Piece Body by DynaMedic Co., Ltd.<\/h3><p>Przedstawiaj\u0105c DMP- 7000S, szczyt chirurgicznych narz\u0119dzi energetycznych zaprojektowanych przez DynaMedic Co., Ltd., lidera w dziedzinie. Ta pilarka cz\u0119\u015b\u0107 cia\u0142a \u0142\u0105czy ergonomiczny design, technologii ci\u0119cia kraw\u0119dzi i niezr\u00f3wnan\u0105 wydajno\u015b\u0107, aby sprosta\u0107 wymaganiom nowoczesnej chirurgii.<\/p><h4>Najwa\u017cniejsze cechy:<\/h4><ul><li><strong>Ergonomiczny projekt:<\/strong> Zapewnia lepsz\u0105 przyczepno\u015b\u0107 i komfort podczas u\u017cytkowania.<\/li><li><strong>Operacja bezprzewodowa:<\/strong> Korzystaj ze swobody przemieszczania si\u0119 bez sznurk\u00f3w, kt\u00f3re ci\u0119 utrudniaj\u0105.<\/li><li><strong>Bezpieczne zamkni\u0119cie ostrza:<\/strong> System Cam- style zapewnia bezpieczne i \u0142atwe zmiany ostrza.<\/li><li><strong>Wyzwalacze ze zmienn\u0105 pr\u0119dko\u015bci\u0105 obrotow\u0105:<\/strong> Regulowana pr\u0119dko\u015b\u0107 od 0 do 15 000 cpm dla precyzyjnego sterowania.<\/li><li><strong>Wszechstronne ci\u0119cie:<\/strong> Obraca si\u0119 w cztery pozycje w celu u\u0142atwienia ci\u0119cia w dowolnym samolocie.<\/li><li><strong>Niedobrana moc i pr\u0119dko\u015b\u0107:<\/strong> Dostarcza szybkie i kompletne osteotomie.<\/li><li><strong>Bateria d\u0142ugotrwa\u0142a:<\/strong> 11.1V Akumulator lijon\u00f3w zapewnia wyd\u0142u\u017cony czas pracy.<\/li><li><strong>Mo\u017cliwo\u015b\u0107 sterylizacji w autoklawie:<\/strong> W pe\u0142ni sterylny do bezpiecznego i higienicznego stosowania.<\/li><\/ul>\n\t\t\t\t\t<\/div>\n\t\t\t\t<\/div>\n\t\t\t\t<\/div>\n\t\t\t\t\t<\/div>\n\t\t\t\t<\/div>\n\t\t\t\t<\/div>","protected":false},"excerpt":{"rendered":"<p>DMP- 7000S (Pi\u0142a Hand Piece Body) oferuje ergonomiczny design i bezprzewodow\u0105 funkcjonalno\u015b\u0107 z bezpiecznym systemem blokady ostrzy w stylu cam-. Wyposa\u017cony jest w wyzwalacze o zmiennej pr\u0119dko\u015bci obrotowej (0- 15 000 cpm) i mo\u017ce obraca\u0107 si\u0119 na cztery pozycje do wszechstronnego ci\u0119cia. Nap\u0119dzany bateri\u0105 11.1V Lijon zapewnia niezr\u00f3wnan\u0105 moc i pr\u0119dko\u015b\u0107 dla szybkich osteotomii i jest autoklawowalny dla \u0142atwej sterylizacji.<\/p>","protected":false},"featured_media":15980,"comment_status":"open","ping_status":"closed","template":"","meta":[],"product_cat":[75],"product_tag":[237],"class_list":{"0":"post-15979","1":"product","2":"type-product","3":"status-publish","4":"has-post-thumbnail","6":"product_cat-orthopedic","7":"product_tag-dynamedic","9":"first","10":"onbackorder","11":"shipping-taxable","12":"purchasable","13":"product-type-simple"},"_links":{"self":[{"href":"https:\/\/einimed.eu\/pl\/wp-json\/wp\/v2\/product\/15979"}],"collection":[{"href":"https:\/\/einimed.eu\/pl\/wp-json\/wp\/v2\/product"}],"about":[{"href":"https:\/\/einimed.eu\/pl\/wp-json\/wp\/v2\/types\/product"}],"replies":[{"embeddable":true,"href":"https:\/\/einimed.eu\/pl\/wp-json\/wp\/v2\/comments?post=15979"}],"version-history":[{"count":5,"href":"https:\/\/einimed.eu\/pl\/wp-json\/wp\/v2\/product\/15979\/revisions"}],"predecessor-version":[{"id":16538,"href":"https:\/\/einimed.eu\/pl\/wp-json\/wp\/v2\/product\/15979\/revisions\/16538"}],"wp:featuredmedia":[{"embeddable":true,"href":"https:\/\/einimed.eu\/pl\/wp-json\/wp\/v2\/media\/15980"}],"wp:attachment":[{"href":"https:\/\/einimed.eu\/pl\/wp-json\/wp\/v2\/media?parent=15979"}],"wp:term":[{"taxonomy":"product_cat","embeddable":true,"href":"https:\/\/einimed.eu\/pl\/wp-json\/wp\/v2\/product_cat?post=15979"},{"taxonomy":"product_tag","embeddable":true,"href":"https:\/\/einimed.eu\/pl\/wp-json\/wp\/v2\/product_tag?post=15979"}],"curies":[{"name":"wp","href":"https:\/\/api.w.org\/{rel}","templated":true}]}}