{"id":15624,"date":"2024-07-26T20:47:33","date_gmt":"2024-07-26T20:47:33","guid":{"rendered":"http:\/\/192.168.13.40\/?post_type=product&#038;p=15624"},"modified":"2024-09-02T05:10:50","modified_gmt":"2024-09-02T05:10:50","slug":"polaris-u-arm-dr","status":"publish","type":"product","link":"https:\/\/einimed.eu\/pl\/shop\/polaris-u-arm-dr\/","title":{"rendered":"W kszta\u0142cie litery U, d\u017awignia Polaris DR"},"content":{"rendered":"<div data-elementor-type=\"product-post\" data-elementor-id=\"15624\" class=\"elementor elementor-15624\" data-elementor-post-type=\"product\">\n\t\t\t\t<div class=\"wd-negative-gap elementor-element elementor-element-c9ae8ad e-flex e-con-boxed e-con e-parent\" data-id=\"c9ae8ad\" data-element_type=\"container\">\n\t\t\t\t\t<div class=\"e-con-inner\">\n\t\t\t\t<div class=\"elementor-element elementor-element-70cd904 elementor-widget elementor-widget-wd_text_block\" data-id=\"70cd904\" data-element_type=\"widget\" data-widget_type=\"wd_text_block.default\">\n\t\t\t\t<div class=\"elementor-widget-container\">\n\t\t\t\t\t<div class=\"wd-text-block reset-last-child text-left\">\n\t\t\t\n\t\t\t<p><strong>U-kszta\u0142tna system DR z serii Polaris - doskona\u0142a ergonomia i dok\u0142adna wizualizacja<\/strong><\/p><p>Witamy w systemie U-arm DR z serii Polaris od SONTU, w kt\u00f3rej zaawansowany ergonomiczny design w po\u0142\u0105czeniu z zaawansowan\u0105 technologi\u0105 produkcji. Ta najnowocze\u015bniejsza cyfrowy system radiowizjografii zaprojektowany w celu zaspokojenia r\u00f3\u017cnych potrzeb klinicznych z niezr\u00f3wnan\u0105 dok\u0142adno\u015bci\u0105 i wydajno\u015bci\u0105.<\/p><p><strong>Najwa\u017cniejsze cechy:<\/strong><\/p><ul><li><strong>Generator promieniowania rentgenowskiego w\u0142asnego rozwoju<\/strong><ul><li>Opatentowany SONTU wysokiej cz\u0119stotliwo\u015bci generator wysokiego napi\u0119cia o mocy 50 kw zapewnia stabiln\u0105 i niezawodn\u0105 prac\u0119.<\/li><\/ul><\/li><li><strong>\u0141atwe Pozycjonowanie pacjenta<\/strong><ul><li>Wi\u0119ksza elastyczno\u015b\u0107 dzi\u0119ki ruchomemu bada\u0144 obr\u0119czy sto\u0142u.<\/li><li>Utrzymuje ci\u0119\u017car pacjent\u00f3w do 135 kg.<\/li><\/ul><\/li><li><strong>Automatyzacja i proste sterowanie<\/strong><ul><li>Elastyczny obrotowy detektor z obrotem o \u00b145 stopni.<\/li><li>Mo\u017cliwo\u015b\u0107 obracania rury o \u00b190 stopni.<\/li><li>Automatyczna regulacja SID na 1 m i 1,8 m i funkcji rozpoznawania wysoko\u015bci zapewniaj\u0105 bezawaryjn\u0105 prac\u0119.<\/li><\/ul><\/li><li><strong>Profesjonalne miejsce do pracy<\/strong><ul><li>Przyjazny dla u\u017cytkownika interfejs graficzny, zaprojektowany dla \u0142atwo\u015bci u\u017cytkowania.<\/li><li>Zawiera zaawansowane funkcje klinicznego zastosowania, aby zaspokoi\u0107 szerokie spektrum potrzeb diagnostycznych.<\/li><\/ul><\/li><\/ul><p><strong>Doskona\u0142a wizualizacja Kliniczna<\/strong><\/p><p>Uzyskaj doskona\u0142\u0105 jako\u015b\u0107 obrazu, kt\u00f3ra zwi\u0119ksza wiarygodno\u015b\u0107 diagnostyki i trosk\u0119 o pacjenta. System U-arm DR z serii Polaris zapewnia uzyskanie dok\u0142adnych obraz\u00f3w o wysokiej rozdzielczo\u015bci w celu dok\u0142adnej oceny klinicznej.<\/p>\n\t\t\t\t\t<\/div>\n\t\t\t\t<\/div>\n\t\t\t\t<\/div>\n\t\t\t\t\t<\/div>\n\t\t\t\t<\/div>\n\t\t\t\t<\/div>","protected":false},"excerpt":{"rendered":"<p>Odkryj system U-arm DR z serii Polaris od SONTU, cyfrow\u0105 \u0440\u0435\u043d\u0442\u0433\u0435\u043d\u043e\u0433\u0440\u0430\u0444\u0438\u0447\u0435\u0441\u043a\u0443\u044e system, kt\u00f3ry \u0142\u0105czy zaawansowany ergonomiczny design i wysokiej jako\u015bci produkcji. Wyposa\u017cony w pe\u0142nym pa\u015bmie wysokiej cz\u0119stotliwo\u015bci generatora SONTU o mocy 50 kw, zapewnia elastyczne pozycjonowanie pacjenta za pomoc\u0105 ruchomego sto\u0142u, \u0432\u044b\u0434\u0435\u0440\u0436\u0438\u0432\u0430\u044e\u0449\u0435\u0433\u043e obci\u0105\u017cenie 135 kg, automatyczn\u0105 regulacj\u0119 obrotowego detektora i rurki do sprawnego dzia\u0142ania, a tak\u017ce wygodne miejsce do pracy dla zaawansowanych klinicznych zastosowa\u0144. System U-arm DR z serii Polaris zapewnia doskona\u0142\u0105 jako\u015b\u0107 obrazu w celu dok\u0142adnej oceny klinicznej.<\/p>","protected":false},"featured_media":15637,"comment_status":"open","ping_status":"closed","template":"","meta":[],"product_cat":[72],"product_tag":[238],"class_list":{"0":"post-15624","1":"product","2":"type-product","3":"status-publish","4":"has-post-thumbnail","6":"product_cat-x-ray","7":"product_tag-sontu","9":"first","10":"onbackorder","11":"featured","12":"shipping-taxable","13":"purchasable","14":"product-type-simple"},"_links":{"self":[{"href":"https:\/\/einimed.eu\/pl\/wp-json\/wp\/v2\/product\/15624"}],"collection":[{"href":"https:\/\/einimed.eu\/pl\/wp-json\/wp\/v2\/product"}],"about":[{"href":"https:\/\/einimed.eu\/pl\/wp-json\/wp\/v2\/types\/product"}],"replies":[{"embeddable":true,"href":"https:\/\/einimed.eu\/pl\/wp-json\/wp\/v2\/comments?post=15624"}],"version-history":[{"count":6,"href":"https:\/\/einimed.eu\/pl\/wp-json\/wp\/v2\/product\/15624\/revisions"}],"predecessor-version":[{"id":16531,"href":"https:\/\/einimed.eu\/pl\/wp-json\/wp\/v2\/product\/15624\/revisions\/16531"}],"wp:featuredmedia":[{"embeddable":true,"href":"https:\/\/einimed.eu\/pl\/wp-json\/wp\/v2\/media\/15637"}],"wp:attachment":[{"href":"https:\/\/einimed.eu\/pl\/wp-json\/wp\/v2\/media?parent=15624"}],"wp:term":[{"taxonomy":"product_cat","embeddable":true,"href":"https:\/\/einimed.eu\/pl\/wp-json\/wp\/v2\/product_cat?post=15624"},{"taxonomy":"product_tag","embeddable":true,"href":"https:\/\/einimed.eu\/pl\/wp-json\/wp\/v2\/product_tag?post=15624"}],"curies":[{"name":"wp","href":"https:\/\/api.w.org\/{rel}","templated":true}]}}