{"id":4400,"date":"2021-10-12T15:51:09","date_gmt":"2021-10-12T15:51:09","guid":{"rendered":"http:\/\/dummy.xtemos.com\/woodmart2\/elementor\/?page_id=4400"},"modified":"2024-07-28T22:16:03","modified_gmt":"2024-07-28T22:16:03","slug":"about-us","status":"publish","type":"page","link":"https:\/\/einimed.eu\/pl\/o-nas\/","title":{"rendered":"O nas"},"content":{"rendered":"<div data-elementor-type=\"wp-page\" data-elementor-id=\"4400\" class=\"elementor elementor-4400\" data-elementor-post-type=\"page\">\n\t\t\t\t<div class=\"wd-negative-gap elementor-element elementor-element-4c943e0 e-flex e-con-boxed e-con e-parent\" data-id=\"4c943e0\" data-element_type=\"container\">\n\t\t\t\t\t<div class=\"e-con-inner\">\n\t\t\t\t<div class=\"elementor-element elementor-element-216e0d0 wd-width-100 elementor-widget elementor-widget-wd_title\" data-id=\"216e0d0\" data-element_type=\"widget\" data-widget_type=\"wd_title.default\">\n\t\t\t\t<div class=\"elementor-widget-container\">\n\t\t\t\t\t<div class=\"title-wrapper set-mb-s reset-last-child wd-title-color-default wd-title-style-default wd-title-size-default text-center\">\n\n\t\t\t\t\t\t\t<div class=\"title-subtitle subtitle-color-default subtitle-style-default wd-fontsize-xs\">\n\t\t\t\t\tO nas\t\t\t\t<\/div>\n\t\t\t\n\t\t\t<div class=\"liner-continer\">\n\t\t\t\t<h4 class=\"woodmart-title-container title wd-fontsize-l\">Kim Jeste\u015bmy<\/h4> \n\t\t\t\t\t\t\t<\/div>\n\n\t\t\t\t\t\t\t<div class=\"title-after_title set-cont-mb-s reset-last-child wd-fontsize-xs\">\n\t\t\t\t\t<p>Witamy w firmie EINIMED, wiod\u0105cego dostawcy wysokiej jako\u015bci technologii medycznych i materia\u0142\u00f3w eksploatacyjnych. B\u0119d\u0105c cz\u0119\u015bci\u0105 grupy EINIT, wykorzystujemy nasz\u0105 rozleg\u0142\u0105 sie\u0107 i do\u015bwiadczenie w celu zapewnienia wyj\u0105tkowej obs\u0142ugi i wsparcia w ca\u0142ej Europie. Dzi\u0119ki strategicznej lokalizacji naszych siedzib\u0105 w Warszawie i Berlinie i biura w Kijowie, staramy si\u0119 ulepsza\u0107 opiek\u0119 zdrowotn\u0105, zapewniaj\u0105c nowoczesny sprz\u0119t medyczny i rozwi\u0105zania, kt\u00f3re spe\u0142niaj\u0105 potrzeby instytucji medycznych, specjalist\u00f3w i pacjent\u00f3w.<\/p>\t\t\t\t<\/div>\n\t\t\t\t\t<\/div>\n\t\t\t\t<\/div>\n\t\t\t\t<\/div>\n\t\t\t\t<div class=\"elementor-element elementor-element-0584336 elementor-widget elementor-widget-wd_text_block\" data-id=\"0584336\" data-element_type=\"widget\" data-widget_type=\"wd_text_block.default\">\n\t\t\t\t<div class=\"elementor-widget-container\">\n\t\t\t\t\t<div class=\"wd-text-block reset-last-child text-left\">\n\t\t\t\n\t\t\t<h3>O nas<\/h3><h4>Kim Jeste\u015bmy<\/h4><p>Witamy w firmie EINIMED, wiod\u0105cego dostawcy wysokiej jako\u015bci technologii medycznych i materia\u0142\u00f3w eksploatacyjnych. Dzi\u0119ki strategicznej lokalizacji naszych siedzib\u0105 w Warszawie i Berlinie i biura w Kijowie, staramy si\u0119 zapewni\u0107 wyj\u0105tkow\u0105 obs\u0142ug\u0119 i wsparcie w ca\u0142ej Europie. Nasza misja polega na doskonaleniu zdrowia poprzez dostarczanie zaawansowanego sprz\u0119tu medycznego i rozwi\u0105za\u0144, kt\u00f3re spe\u0142niaj\u0105 potrzeby instytucji medycznych, specjalist\u00f3w i pacjent\u00f3w.<\/p><hr \/><h3>Nasza historia<\/h3><p>Firma EINIMED zosta\u0142a za\u0142o\u017cona w celu wype\u0142nienia luki mi\u0119dzy zaawansowanymi technologiami medycznymi i dostawcami us\u0142ug medycznych. Uznaj\u0105c problemy, z jakimi borykaj\u0105 si\u0119 instytucje medyczne podczas wyszukiwania, wdra\u017caniu i obs\u0142udze nowoczesnego sprz\u0119tu, opracowali\u015bmy kompleksowy model obs\u0142ugi, kt\u00f3ra skutecznie spe\u0142nia te potrzeby. Nasi za\u0142o\u017cyciele, posiadaj\u0105cy du\u017ce do\u015bwiadczenie udzia\u0142u w zam\u00f3wieniach publicznych i w sektorze opieki zdrowotnej, zobaczyli mo\u017cliwo\u015b\u0107 optymalizacji procesu zakup\u00f3w i poprawi\u0107 dost\u0119p do wysokiej jako\u015bci technologii medycznych.<\/p><h4>Kamienie milowe:<\/h4><ul><li><strong>Fundament:<\/strong> Za\u0142o\u017cona w celu przeprowadzi\u0107 rewolucj\u0119 w rozpowszechnianiu technologii medycznych.<\/li><li><strong>Rozszerzenie:<\/strong> Otworzy\u0142a biura w Warszawie, Berlinie i Kijowie, aby lepiej obs\u0142ugiwa\u0107 naszych europejskich klient\u00f3w.<\/li><li><strong>Partnerskie relacje:<\/strong> Tworz\u0105 sojusze strategiczne z wiod\u0105cymi producentami technologii medycznych.<\/li><li><strong>Innowacje:<\/strong> Uruchomi\u0142 szereg us\u0142ug, w tym mo\u017cliwo\u015bci finansowania, konserwacja i naprawy, zgodno\u015b\u0107 z przepisami i wiele innych.<\/li><\/ul><hr \/><h3>Nasza Misja<\/h3><p>Nasz\u0105 misj\u0105 jest umo\u017cliwienie dostawc\u00f3w us\u0142ug medycznych poprzez dostarczanie technologii medycznych na najwy\u017cszym poziomie i kompleksowych us\u0142ug pomocniczych. Staramy si\u0119 ulepsza\u0107 opieka nad pacjentem i ulepsza\u0107 klinicznych wyniki kosztem innowacji, niezawodno\u015bci i oddanego sprawie obs\u0142ugi klient\u00f3w.<\/p><h4>Podstawowe warto\u015bci:<\/h4><ul><li><strong>Integralno\u015b\u0107:<\/strong> Pracujemy zgodnie z najwy\u017cszymi standardami etycznymi, zapewniaj\u0105c przejrzysto\u015b\u0107 i uczciwo\u015b\u0107 we wszystkich naszych transakcjach.<\/li><li><strong>Innowacja:<\/strong> Nieustannie poszukujemy najnowsze osi\u0105gni\u0119cia w dziedzinie technologii medycznych, aby zapewni\u0107 naszym klientom najnowocze\u015bniejsze rozwi\u0105zania.<\/li><li><strong>Orientacja na klienta:<\/strong> Zwracamy priorytetow\u0105 uwag\u0119 potrzeby naszych klient\u00f3w, oferuj\u0105c indywidualne rozwi\u0105zania i wyj\u0105tkow\u0105 obs\u0142ug\u0119.<\/li><li><strong>Jako\u015b\u0107:<\/strong> Staramy si\u0119 dostarcza\u0107 produkty i us\u0142ugi najwy\u017cszej jako\u015bci, zapewniaj\u0105c optymaln\u0105 wydajno\u015b\u0107 i niezawodno\u015b\u0107.<\/li><\/ul><hr \/><h3>Nasze Do\u015bwiadczenie<\/h3><p>Jeste\u015bmy ekspertami w prowadzeniu przetarg\u00f3w publicznych, zapewniaj\u0105c, \u017ce nasze produkty spe\u0142niaj\u0105 rygorystyczne wymogi publicznych zak\u0142ad\u00f3w opieki zdrowotnej. Nasza specjalistyczna wiedza i do\u015bwiadczenie w tej dziedzinie pozwalaj\u0105 nam oferowa\u0107 naszym klientom najlepsze z mo\u017cliwych rozwi\u0105za\u0144.<\/p><h3>Strategiczne podej\u015bcie<\/h3><p>Nasze strategiczne podej\u015bcie obejmuje:<\/p><ul><li><strong>Publiczne Przetargi:<\/strong> Mamy du\u017ce do\u015bwiadczenie i sukcesy w udziale w przetargach publicznych w ca\u0142ej Polsce, Niemczech i na Ukrainie. Nasz zesp\u00f3\u0142 jest w stanie porusza\u0107 si\u0119 w trudnych wymaga\u0144 i przepis\u00f3w, zapewniaj\u0105c, \u017ce nasze produkty zostan\u0105 wybrane do projekt\u00f3w zdrowia publicznego.<\/li><li><strong>Zesp\u00f3\u0142 bezpo\u015bredniego promowania i sprzeda\u017cy:<\/strong> Nasz specjalny zesp\u00f3\u0142 sprzeda\u017cy aktywnie promuje nasze produkty i bezpo\u015brednio wsp\u00f3\u0142pracuje z dostawcami us\u0142ug medycznych. Takie praktyczne podej\u015bcie pomaga nam lepiej zrozumie\u0107 potrzeby klient\u00f3w i oferowa\u0107 indywidualne rozwi\u0105zania.<\/li><li><strong>In\u017cynierowie lekarze:<\/strong> Posiadamy zesp\u00f3\u0142 wysoko wykwalifikowanych in\u017cynier\u00f3w i lekarzy, kt\u00f3re mog\u0105 s\u0142u\u017cy\u0107 dostarczany przez nas sprz\u0119t. To gwarantuje, \u017ce nasi klienci otrzymuj\u0105 pe\u0142ne wsparcie i \u017ce ich sprz\u0119t dzia\u0142a z optymaln\u0105 wydajno\u015bci\u0105.<\/li><li><strong>Kompleksowe Us\u0142ugi:<\/strong> Oferujemy pe\u0142en zakres us\u0142ug dla szpitali, gabinet\u00f3w stomatologicznych, ortopedycznych klinik prywatnych instytucji medycznych i laboratori\u00f3w. Od dostawy produkt\u00f3w do monta\u017cu, szkolenia i obs\u0142ugi bie\u017c\u0105cej bierzemy pod uwag\u0119 wszystkie aspekty w celu zapewnienia sprawnego i efektywnego funkcjonowania.<\/li><\/ul><hr \/><h3>Nasze Produkty<\/h3><p>Oferujemy szeroki asortyment wysokiej jako\u015bci wyrob\u00f3w medycznych, w tym:<\/p><ul><li><strong>Jeden z nich:<\/strong> Wysokiej jako\u015bci materia\u0142y, niezb\u0119dne dla in\u017cynierii tkankowej, implant\u00f3w chirurgicznych i promocji nowoczesnych praktyk medycznych.<\/li><li><strong>Dental Equipment:<\/strong> Kompleksowy wyb\u00f3r system\u00f3w wizualizacji z\u0119b\u00f3w, leczniczych, urz\u0105dze\u0144 i materia\u0142\u00f3w eksploatacyjnych do poprawy jako\u015bci opieki stomatologicznej.<\/li><li><strong>Endoskopy:<\/strong> Zaawansowane endoskopowe systemy, kt\u00f3re zapewniaj\u0105 wizualizacj\u0119 wysokiej rozdzielczo\u015bci i wyj\u0105tkow\u0105 zwrotno\u015b\u0107 przy minimalnie inwazyjnych zabiegach.<\/li><li><strong>Sprz\u0119t medyczny:<\/strong> Pocz\u0105wszy od podstawowych narz\u0119dzi klinicznych, a ko\u0144cz\u0105c na zaawansowanych diagnostycznymi instalacjami, zapewniamy najwy\u017csze standardy jako\u015bci i niezawodno\u015bci.<\/li><li><strong>Narz\u0119dzia:<\/strong> Dok\u0142adne, trwa\u0142e narz\u0119dzia medyczne, przeznaczone dla r\u00f3\u017cnych specjalno\u015bci.<\/li><li><strong>Laryngoskopy:<\/strong> Niezawodne urz\u0105dzenia do badania krtani i strun g\u0142osowych, niezb\u0119dne do diagnostyki i procedur terapeutycznych.<\/li><li><strong>Urz\u0105dzenia do monitorowania stanu pacjenta:<\/strong> Rozwi\u0105zanie do ci\u0105g\u0142ego i dok\u0142adnego monitorowania pracownikom s\u0142u\u017cby zdrowia w podejmowaniu \u015bwiadomych decyzji.<\/li><li><strong>Ortopedyczne rozwi\u0105zania:<\/strong> Szeroki asortyment implant\u00f3w, narz\u0119dzi i urz\u0105dze\u0144 wspomagaj\u0105cych dla chirurg\u00f3w-ortoped\u00f3w i ich pacjent\u00f3w.<\/li><li><strong>Ultrad\u017awi\u0119kowe urz\u0105dzenia:<\/strong> Nowoczesne systemy, kt\u00f3re zapewniaj\u0105 wyj\u0105tkow\u0105 jako\u015b\u0107 obrazu dla r\u00f3\u017cnych zastosowa\u0144 medycznych.<\/li><li><strong>Wentylatory:<\/strong> Wysokowydajne systemy wentylacji i wsparcia oddechowego w celu leczenia chor\u00f3b uk\u0142adu oddechowego.<\/li><li><strong>Systemy rentgenowskie:<\/strong> Nowoczesne x-ray urz\u0105dzenia, zapewniaj\u0105ce wyra\u017any obraz do precyzyjnej diagnozy w r\u00f3\u017cnych warunkach klinicznych.<\/li><\/ul><hr \/><h3>Dlaczego wybra\u0142e\u015b w\u0142a\u015bnie nas?<\/h3><ul><li><strong>Dedykowany Zesp\u00f3\u0142:<\/strong> Nasz zesp\u00f3\u0142 ekspert\u00f3w ch\u0119tnie opiek\u0105 zdrowotn\u0105 i stara si\u0119 zapewni\u0107 najlepsz\u0105 obs\u0142ug\u0119 i wsparcie.<\/li><li><strong>Wysokiej jako\u015bci produkty:<\/strong> Dostarczamy nasze produkty od renomowanych producent\u00f3w, gwarantuj\u0105c niezawodno\u015b\u0107 i wydajno\u015b\u0107.<\/li><li><strong>Strategiczne lokalizacji:<\/strong> Maj\u0105c biura w Warszawie, Berlinie i Kijowie, mamy dobre mo\u017cliwo\u015bci obs\u0142ugi klient\u00f3w w ca\u0142ej Europie.<\/li><li><strong>Mo\u017cliwo\u015b\u0107 pe\u0142nego cyklu obs\u0142ugi:<\/strong> Oferujemy kompleksowe us\u0142ugi, w tym instalacji, konserwacji i wsparcia w celu zapewnienia ci\u0105g\u0142ego i efektywnego wykorzystania naszych produkt\u00f3w.<\/li><\/ul><hr \/><h3>Skontaktuj si\u0119 z nami<\/h3><p>Zapraszamy do dowiedzie\u0107 si\u0119, jak EINIMED mo\u017ce spe\u0142ni\u0107 twoje potrzeby w opiece medycznej. Skontaktuj si\u0119 z nami ju\u017c dzi\u015b, aby dowiedzie\u0107 si\u0119 wi\u0119cej o naszych produktach i us\u0142ugach i zastanowi\u0107 si\u0119, jak mo\u017cemy wsp\u00f3\u0142pracowa\u0107 w celu poprawy swojej praktyki medycznej.<\/p><ul><li><strong>Warszawski biuro:<\/strong> G\u00f3rskiego 6, 00-033 Warszawa, Poland<\/li><li><strong>Biuro w Berlinie:<\/strong> Adres: 11, 10587 Berlin, Niemcy<\/li><li><strong>E-mail:<\/strong> info@einimed.eu<\/li><\/ul><p>W EINIMED staramy si\u0119 rozwija\u0107 opiek\u0119 zdrowotn\u0105 za pomoc\u0105 innowacji i doskona\u0142o\u015bci. Do\u0142\u0105cz do nas w naszej podr\u00f3\u017cy, aby zmieni\u0107 sytuacj\u0119 w dziedzinie medycyny.<\/p>\n\t\t\t\t\t<\/div>\n\t\t\t\t<\/div>\n\t\t\t\t<\/div>\n\t\t\t\t\t<\/div>\n\t\t\t\t<\/div>\n\t\t\t\t<\/div>","protected":false},"excerpt":{"rendered":"<p>O nas, w kt\u00f3rych jeste\u015bmy Witamy, wiod\u0105cym dostawc\u0105 wysokiej jako\u015bci technologii medycznych i dostaw. W ramach<\/p>","protected":false},"author":1,"featured_media":0,"parent":0,"menu_order":0,"comment_status":"closed","ping_status":"closed","template":"","meta":{"footnotes":""},"class_list":["post-4400","page","type-page","status-publish","hentry"],"_links":{"self":[{"href":"https:\/\/einimed.eu\/pl\/wp-json\/wp\/v2\/pages\/4400"}],"collection":[{"href":"https:\/\/einimed.eu\/pl\/wp-json\/wp\/v2\/pages"}],"about":[{"href":"https:\/\/einimed.eu\/pl\/wp-json\/wp\/v2\/types\/page"}],"author":[{"embeddable":true,"href":"https:\/\/einimed.eu\/pl\/wp-json\/wp\/v2\/users\/1"}],"replies":[{"embeddable":true,"href":"https:\/\/einimed.eu\/pl\/wp-json\/wp\/v2\/comments?post=4400"}],"version-history":[{"count":36,"href":"https:\/\/einimed.eu\/pl\/wp-json\/wp\/v2\/pages\/4400\/revisions"}],"predecessor-version":[{"id":15934,"href":"https:\/\/einimed.eu\/pl\/wp-json\/wp\/v2\/pages\/4400\/revisions\/15934"}],"wp:attachment":[{"href":"https:\/\/einimed.eu\/pl\/wp-json\/wp\/v2\/media?parent=4400"}],"curies":[{"name":"wp","href":"https:\/\/api.w.org\/{rel}","templated":true}]}}