{"id":15831,"date":"2024-07-28T11:18:20","date_gmt":"2024-07-28T11:18:20","guid":{"rendered":"http:\/\/192.168.13.40\/?page_id=15831"},"modified":"2024-07-28T21:32:28","modified_gmt":"2024-07-28T21:32:28","slug":"training-certification","status":"publish","type":"page","link":"https:\/\/einimed.eu\/pl\/certyfikacja-szkolenia\/","title":{"rendered":"Szkolenia i Certyfikacja"},"content":{"rendered":"<div data-elementor-type=\"wp-page\" data-elementor-id=\"15831\" class=\"elementor elementor-15831\" data-elementor-post-type=\"page\">\n\t\t\t\t<div class=\"wd-negative-gap elementor-element elementor-element-1712360 e-flex e-con-boxed e-con e-parent\" data-id=\"1712360\" data-element_type=\"container\">\n\t\t\t\t\t<div class=\"e-con-inner\">\n\t\t\t\t<div class=\"elementor-element elementor-element-e067555 wd-width-100 elementor-widget elementor-widget-wd_title\" data-id=\"e067555\" data-element_type=\"widget\" data-widget_type=\"wd_title.default\">\n\t\t\t\t<div class=\"elementor-widget-container\">\n\t\t\t\t\t<div class=\"title-wrapper set-mb-s reset-last-child wd-title-color-default wd-title-style-default wd-title-size-default text-center\">\n\n\t\t\t\t\t\t\t<div class=\"title-subtitle subtitle-color-default subtitle-style-default wd-fontsize-xs\">\n\t\t\t\t\tPoszerz mo\u017cliwo\u015bci Swojej dru\u017cyny za pomoc\u0105 Ekspert\u00f3w Szkolenia i certyfikacji\t\t\t\t<\/div>\n\t\t\t\n\t\t\t<div class=\"liner-continer\">\n\t\t\t\t<h4 class=\"woodmart-title-container title wd-fontsize-l\">Kompleksowe Us\u0142ugi W zakresie Szkole\u0144 i certyfikacji<\/h4> \n\t\t\t\t\t\t\t<\/div>\n\n\t\t\t\t\t\t\t<div class=\"title-after_title set-cont-mb-s reset-last-child wd-fontsize-xs\">\n\t\t\t\t\t<p>W EINIMED zdajemy sobie spraw\u0119 kluczow\u0105 rol\u0119, jak\u0105 wykwalifikowani i certyfikowani specjali\u015bci graj\u0105 w dziedzinie medycyny. Nasze us\u0142ugi w zakresie szkole\u0144 i certyfikacji maj\u0105cej na celu rozszerzenie wiedzy i umiej\u0119tno\u015bci zespo\u0142u, zapewnienie, aby by\u0142y one wyposa\u017cone dla efektywnego wykorzystania najnowszych technologii medycznych. Niezale\u017cnie od tego, czy chcesz szkoli\u0107 nowych pracownik\u00f3w lub zaktualizowa\u0107 istniej\u0105ce umiej\u0119tno\u015bci, nasze programy pod kierunkiem ekspert\u00f3w zapewniaj\u0105 wszechstronne wykszta\u0142cenie, niezb\u0119dne do osi\u0105gni\u0119cia sukcesu.<\/p>\t\t\t\t<\/div>\n\t\t\t\t\t<\/div>\n\t\t\t\t<\/div>\n\t\t\t\t<\/div>\n\t\t\t\t\t<\/div>\n\t\t\t\t<\/div>\n\t\t<div class=\"wd-negative-gap elementor-element elementor-element-b4ab8e2 e-flex e-con-boxed e-con e-parent\" data-id=\"b4ab8e2\" data-element_type=\"container\">\n\t\t\t\t\t<div class=\"e-con-inner\">\n\t\t\t\t<div class=\"elementor-element elementor-element-e1533d1 elementor-widget elementor-widget-wd_text_block\" data-id=\"e1533d1\" data-element_type=\"widget\" data-widget_type=\"wd_text_block.default\">\n\t\t\t\t<div class=\"elementor-widget-container\">\n\t\t\t\t\t<div class=\"wd-text-block reset-last-child text-left\">\n\t\t\t\n\t\t\t<h3>Nasze Us\u0142ugi<\/h3><h4>Indywidualne Programy Nauczania<\/h4><p>Opracowujemy program szkolenia z uwzgl\u0119dnieniem konkretnych potrzeb i cel\u00f3w. Nasze indywidualne podej\u015bcie gwarantuje, \u017ce twoja dru\u017cyna otrzyma aktualny szkolenie praktyczne, bezpo\u015brednio stosowane do ich r\u00f3l.<\/p><p><strong>Zalety:<\/strong><\/p><ul><li><strong>Dla Marek:<\/strong> Gwarantuje, \u017ce twoje produkty s\u0105 u\u017cywane poprawnie i skutecznie.<\/li><li><strong>Dla plac\u00f3wek Medycznych:<\/strong> Szkolenie indywidualne, odpowiednie do cel\u00f3w instytucji.<\/li><li><strong>Dla pracownik\u00f3w s\u0142u\u017cby zdrowia:<\/strong> Aktualny praktyczne szkolenia, podnosz\u0105ce wydajno\u015b\u0107 pracy.<\/li><\/ul><h4>Kursy Certyfikacyjne<\/h4><p>Nasze kursy certyfikacyjne potwierdzaj\u0105 umiej\u0119tno\u015bci i wiedzy pracownik\u00f3w, zapewniaj\u0105c, \u017ce s\u0105 one zgodne ze standardami bran\u017cowymi. Oferujemy certyfikaty dla szerokiej gamy technologii medycznych i praktyk.<\/p><p><strong>Zalety:<\/strong><\/p><ul><li><strong>Dla Marek:<\/strong> Wzrost autorytetu i zaufania do swoich produkt\u00f3w.<\/li><li><strong>Dla plac\u00f3wek Medycznych:<\/strong> Certyfikowany personel, dzi\u0119ki czemu zwi\u0119ksza reputacj\u0119 instytucji.<\/li><li><strong>Dla pracownik\u00f3w s\u0142u\u017cby zdrowia:<\/strong> Przyznane certyfikaty, kt\u00f3re poprawiaj\u0105 perspektywy kariery i wiarygodno\u015bci zawodowej.<\/li><\/ul><h4>Kszta\u0142cenia ustawicznego<\/h4><p>Oferujemy r\u00f3wnie\u017c programy ci\u0105g\u0142ego uczenia si\u0119, aby utrzyma\u0107 sw\u00f3j zesp\u00f3\u0142 na bie\u017c\u0105co z najnowszych osi\u0105gni\u0119\u0107 technologii medycznych i praktyk. Nasze ci\u0105g\u0142e edukacja gwarantuje, \u017ce pracownicy pozostaj\u0105 w czo\u0142\u00f3wce bran\u017cy.<\/p><p><strong>Zalety:<\/strong><\/p><ul><li><strong>Dla Marek:<\/strong> Sta\u0142a wsp\u00f3\u0142praca ze swoimi produktami.<\/li><li><strong>Dla plac\u00f3wek Medycznych:<\/strong> Nowoczesny personel, kt\u00f3ry przyczynia si\u0119 do innowacji i rozwoju.<\/li><li><strong>Dla pracownik\u00f3w s\u0142u\u017cby zdrowia:<\/strong> Mo\u017cliwo\u015bci uczenia si\u0119 przez ca\u0142e \u017cycie, podnoszenie kwalifikacji i rozw\u00f3j zawodowy.<\/li><\/ul><h4>Warsztaty<\/h4><p>Nasze warsztaty pozwalaj\u0105 zdoby\u0107 praktyczne do\u015bwiadczenie w pracy z technologiami medycznymi. Te interaktywne zaj\u0119cia maj\u0105 na celu zrozumienie i umiej\u0119tno\u015bci korzystania z nowoczesnej aparatury medycznej.<\/p><p><strong>Zalety:<\/strong><\/p><ul><li><strong>Dla Marek:<\/strong> Podniesienie poziomu znajomo\u015bci swoimi produktami u\u017cytkownikami.<\/li><li><strong>Dla plac\u00f3wek Medycznych:<\/strong> Praktyczne szkolenia, podnosz\u0105ce wydajno\u015b\u0107 pracy.<\/li><li><strong>Dla pracownik\u00f3w s\u0142u\u017cby zdrowia:<\/strong> Bezpo\u015brednie do\u015bwiadczenie w pracy z zaawansowanymi technologiami.<\/li><\/ul><h4>Modu\u0142y kszta\u0142cenia Online<\/h4><p>Oferujemy elastyczne online-modu\u0142y szkoleniowe, kt\u00f3re pozwalaj\u0105 zespo\u0142owi uczy\u0107 si\u0119 w swoim w\u0142asnym tempie. Nasze kompleksowe zasoby online zapewniaj\u0105 dost\u0119pno\u015b\u0107 i wygoda dla wszystkich pracownik\u00f3w.<\/p><p><strong>Zalety:<\/strong><\/p><ul><li><strong>Dla Marek:<\/strong> Wi\u0119kszy zasi\u0119g i wdra\u017canie program\u00f3w szkoleniowych.<\/li><li><strong>Dla plac\u00f3wek Medycznych:<\/strong> Elastyczne rozwi\u0105zania dla nauki, odpowiednie r\u00f3\u017cnorodnych wykres\u00f3w.<\/li><li><strong>Dla pracownik\u00f3w s\u0142u\u017cby zdrowia:<\/strong> Wygodny dost\u0119p do materia\u0142\u00f3w szkoleniowych i kurs\u00f3w.<\/li><\/ul><h4>Ocena i opinie<\/h4><p>Przeprowadzamy rzeteln\u0105 ocen\u0119 i dajemy informacj\u0119 zwrotn\u0105, aby upewni\u0107 si\u0119, \u017ce twoja dru\u017cyna skutecznie odebra\u0142a szkolny materia\u0142. Nasz proces oceny pomaga zidentyfikowa\u0107 obszary do poprawy i zapewnia wysokie standardy kompetencji.<\/p><p><strong>Zalety:<\/strong><\/p><ul><li><strong>Dla Marek:<\/strong> Gwarancj\u0105 prawid\u0142owego u\u017cytkowania produktu i zadowolenia im.<\/li><li><strong>Dla plac\u00f3wek Medycznych:<\/strong> Wysoki poziom kompetencji, zwi\u0119kszaj\u0105c og\u00f3ln\u0105 jako\u015b\u0107 obs\u0142ugi.<\/li><li><strong>Dla pracownik\u00f3w s\u0142u\u017cby zdrowia:<\/strong> Konstruktywne informacje zwrotne, przyczyniaj\u0105c si\u0119 do ci\u0105g\u0142ego doskonalenia.<\/li><\/ul><hr \/><h3>Dlaczego wybra\u0142e\u015b w\u0142a\u015bnie nas?<\/h3><h4>Wiedza i Do\u015bwiadczenie<\/h4><p>Nasi trenerzy posiadaj\u0105 wieloletnie do\u015bwiadczenie w pracy w dziedzinie medycyny. \u0141\u0105czymy praktyczn\u0105 wiedz\u0119 z bran\u017cowym do\u015bwiadczeniem dla rozwoju wysokiej jako\u015bci program\u00f3w szkoleniowych.<\/p><h4>Indywidualne podej\u015bcie<\/h4><p>Dostosowujemy nasze programy nauczania i certyfikacji zgodnie z unikalnych potrzeb instytucji i pracownik\u00f3w, zapewniaj\u0105c maksymaln\u0105 aktualno\u015b\u0107 i skuteczno\u015b\u0107.<\/p><h4>Kompleksowe rozwi\u0105zania<\/h4><p>Pocz\u0105wszy od nauczania pocz\u0105tkowego do ci\u0105g\u0142ego powstawania, oferujemy pe\u0142n\u0105 gam\u0119 us\u0142ug w zakresie szkolenia, kt\u00f3re obejmuj\u0105 wszystkie aspekty technologii medycznych i praktyki.<\/p><h4>Sprawdzony Sukces<\/h4><p>Nasze do\u015bwiadczenie szkolenia i certyfikacji pracownik\u00f3w s\u0142u\u017cby zdrowia m\u00f3wi sam za siebie. Pomogli\u015bmy wielu instytucji i specjalist\u00f3w osi\u0105gn\u0105\u0107 doskona\u0142o\u015b\u0107 z pomoc\u0105 naszych ekspert\u00f3w program\u00f3w.<\/p><hr \/><h3>Skontaktuj si\u0119 z nami<\/h3><p>Gotowi zapewni\u0107 swojej dru\u017cynie fachowe us\u0142ugi w zakresie szkole\u0144 i certyfikacji? Skontaktuj si\u0119 z naszym zespo\u0142em ju\u017c dzi\u015b, aby um\u00f3wi\u0107 si\u0119 na konsultacj\u0119. Wype\u0142nij formularz kontaktowy na naszej stronie internetowej, a my zorganizujemy spotkanie lub odezw\u0119 si\u0119 z zespo\u0142ami w celu om\u00f3wienia twoich potrzeb. Czekamy na mo\u017cliwo\u015bci pom\u00f3c ci osi\u0105gn\u0105\u0107 swoje cele w dziedzinie uczenia si\u0119 za pomoc\u0105 indywidualnych rozwi\u0105za\u0144, kt\u00f3re pasuj\u0105 w\u0142a\u015bnie do ciebie.<\/p><p>W EINIMED staramy si\u0119 \u015bwiadczy\u0107 us\u0142ugi w zakresie szkole\u0144 i certyfikacji specjalist\u00f3w, kt\u00f3rzy przyczyniaj\u0105 si\u0119 do sukcesu. Pozw\u00f3l nam pom\u00f3c wyposa\u017cy\u0107 sw\u00f3j zesp\u00f3\u0142 wiedz\u0119 i umiej\u0119tno\u015bci, niezb\u0119dne do zapewnienia jak najlepszej opieki swoim pacjentom. Skontaktuj si\u0119 z nami pod adresem info@einimed.eu.<\/p>\n\t\t\t\t\t<\/div>\n\t\t\t\t<\/div>\n\t\t\t\t<\/div>\n\t\t\t\t\t<\/div>\n\t\t\t\t<\/div>\n\t\t\t\t<\/div>","protected":false},"excerpt":{"rendered":"<p>Empower Your Team with Expert Training &amp; Certification Comprehensive Training &amp; Certification Services At , we understand the crucial role<\/p>","protected":false},"author":1,"featured_media":0,"parent":0,"menu_order":0,"comment_status":"closed","ping_status":"closed","template":"","meta":{"footnotes":""},"class_list":["post-15831","page","type-page","status-publish","hentry"],"_links":{"self":[{"href":"https:\/\/einimed.eu\/pl\/wp-json\/wp\/v2\/pages\/15831"}],"collection":[{"href":"https:\/\/einimed.eu\/pl\/wp-json\/wp\/v2\/pages"}],"about":[{"href":"https:\/\/einimed.eu\/pl\/wp-json\/wp\/v2\/types\/page"}],"author":[{"embeddable":true,"href":"https:\/\/einimed.eu\/pl\/wp-json\/wp\/v2\/users\/1"}],"replies":[{"embeddable":true,"href":"https:\/\/einimed.eu\/pl\/wp-json\/wp\/v2\/comments?post=15831"}],"version-history":[{"count":7,"href":"https:\/\/einimed.eu\/pl\/wp-json\/wp\/v2\/pages\/15831\/revisions"}],"predecessor-version":[{"id":15899,"href":"https:\/\/einimed.eu\/pl\/wp-json\/wp\/v2\/pages\/15831\/revisions\/15899"}],"wp:attachment":[{"href":"https:\/\/einimed.eu\/pl\/wp-json\/wp\/v2\/media?parent=15831"}],"curies":[{"name":"wp","href":"https:\/\/api.w.org\/{rel}","templated":true}]}}