{"id":15826,"date":"2024-07-28T10:33:03","date_gmt":"2024-07-28T10:33:03","guid":{"rendered":"http:\/\/192.168.13.40\/?page_id=15826"},"modified":"2024-07-28T21:30:15","modified_gmt":"2024-07-28T21:30:15","slug":"marketing-promotion","status":"publish","type":"page","link":"https:\/\/einimed.eu\/pl\/promocja-marketingu\/","title":{"rendered":"Marketing i promocja"},"content":{"rendered":"<div data-elementor-type=\"wp-page\" data-elementor-id=\"15826\" class=\"elementor elementor-15826\" data-elementor-post-type=\"page\">\n\t\t\t\t<div class=\"wd-negative-gap elementor-element elementor-element-2d83f94 e-flex e-con-boxed e-con e-parent\" data-id=\"2d83f94\" data-element_type=\"container\">\n\t\t\t\t\t<div class=\"e-con-inner\">\n\t\t\t\t<div class=\"elementor-element elementor-element-4835646 wd-width-100 elementor-widget elementor-widget-wd_title\" data-id=\"4835646\" data-element_type=\"widget\" data-widget_type=\"wd_title.default\">\n\t\t\t\t<div class=\"elementor-widget-container\">\n\t\t\t\t\t<div class=\"title-wrapper set-mb-s reset-last-child wd-title-color-default wd-title-style-default wd-title-size-default text-center\">\n\n\t\t\t\t\t\t\t<div class=\"title-subtitle subtitle-color-default subtitle-style-default wd-fontsize-xs\">\n\t\t\t\t\tRozwijaj Swoj\u0105 mark\u0119 za pomoc\u0105 marketingu Strategicznego i promocji\t\t\t\t<\/div>\n\t\t\t\n\t\t\t<div class=\"liner-continer\">\n\t\t\t\t<h4 class=\"woodmart-title-container title wd-fontsize-l\">Kompleksowe Us\u0142ugi w zakresie marketingu i promocji<\/h4> \n\t\t\t\t\t\t\t<\/div>\n\n\t\t\t\t\t\t\t<div class=\"title-after_title set-cont-mb-s reset-last-child wd-fontsize-xs\">\n\t\t\t\t\t<p>W EINIMED zdajemy sobie spraw\u0119 z zaufanego marketingu i promocji na konkurencyjnym rynku technologii medycznych. Nasze kompleksowe us\u0142ugi w zakresie marketingu i promocji powo\u0142ani, aby zwi\u0119kszy\u0107 rozpoznawalno\u015b\u0107 twojej marki, przyci\u0105gn\u0105\u0107 do grupy docelowej i stymulowa\u0107 wzrost. Niezale\u017cnie od tego, uruchamiania, czy nowy produkt lub stara\u0107 si\u0119 wzmocni\u0107 swoj\u0105 obecno\u015b\u0107 na rynku, nasz zesp\u00f3\u0142 ekspert\u00f3w jest gotowa zaoferowa\u0107 ci wsparcie.<\/p>\t\t\t\t<\/div>\n\t\t\t\t\t<\/div>\n\t\t\t\t<\/div>\n\t\t\t\t<\/div>\n\t\t\t\t<div class=\"elementor-element elementor-element-8d4a2f7 elementor-widget elementor-widget-wd_text_block\" data-id=\"8d4a2f7\" data-element_type=\"widget\" data-widget_type=\"wd_text_block.default\">\n\t\t\t\t<div class=\"elementor-widget-container\">\n\t\t\t\t\t<div class=\"wd-text-block reset-last-child text-left\">\n\t\t\t\n\t\t\t<h3>Nasze Us\u0142ugi<\/h3><h4>Strategiczne planowanie Marketingowe<\/h4><p>Opracowujemy indywidualne strategie marketingowe, dopasowane do pa\u0144stwa cel\u00f3w biznesowych i dynamiki rynku. Nasze plany maj\u0105 na celu zwi\u0119kszenie \u015bwiadomo\u015bci marki i zaanga\u017cowanie odbiorc\u00f3w.<\/p><p><strong>Zalety:<\/strong><\/p><ul><li><strong>Dla Marek:<\/strong> Indywidualne strategie marketingowe, kt\u00f3re zwi\u0119kszaj\u0105 oddzia\u0142ywanie marki.<\/li><li><strong>Dla plac\u00f3wek Medycznych:<\/strong> Podnoszenie \u015bwiadomo\u015bci o swoich us\u0142ugach i ofertach.<\/li><li><strong>Dla pracownik\u00f3w s\u0142u\u017cby zdrowia:<\/strong> Wzrost reputacji i zaufania pacjent\u00f3w poprzez strategiczne promocji.<\/li><\/ul><h4>Tworzenie tre\u015bci i Zarz\u0105dzanie nimi<\/h4><p>Nasz zesp\u00f3\u0142 tworzy atrakcyjny, wysokiej jako\u015bci tre\u015bci, obejmuj\u0105ce produkty i us\u0142ugi. Mo\u017cemy kontrolowa\u0107 tre\u015bci na r\u00f3\u017cnych platformach, aby zapewni\u0107 sp\u00f3jn\u0105 i efektywn\u0105 komunikacj\u0119.<\/p><p><strong>Zalety:<\/strong><\/p><ul><li><strong>Dla Marek:<\/strong> Profesjonalny tre\u015bci, kt\u00f3re skutecznie prezentuje swoje produkty.<\/li><li><strong>Dla plac\u00f3wek Medycznych:<\/strong> Warto\u015bciowa tre\u015b\u0107, kt\u00f3ra uczy i przyci\u0105ga potencjalnych klient\u00f3w.<\/li><li><strong>Dla pracownik\u00f3w s\u0142u\u017cby zdrowia:<\/strong> Dost\u0119p do cennych informacji, kt\u00f3ra poprawia praktyk\u0119 zawodow\u0105.<\/li><\/ul><h4>Marketingu cyfrowego<\/h4><p>Stosujemy najnowsze techniki marketingu cyfrowego, w tym SEO, SEM, marketing w social media i kampanii e-mail, aby dotrze\u0107 do grupy docelowej i zwi\u0119kszy\u0107 zaanga\u017cowanie si\u0119 w Internecie.<\/p><p><strong>Zalety:<\/strong><\/p><ul><li><strong>Dla Marek:<\/strong> Zwi\u0119kszenie obecno\u015bci w Internecie i pozyskiwanie potencjalnych klient\u00f3w.<\/li><li><strong>Dla plac\u00f3wek Medycznych:<\/strong> Zaawansowana cyfrowa obecno\u015b\u0107, prowadz\u0105ce do wy\u017cszego zaanga\u017cowania pacjent\u00f3w.<\/li><li><strong>Dla pracownik\u00f3w s\u0142u\u017cby zdrowia:<\/strong> Lepsza reputacja w Internecie i interakcji z pacjentami.<\/li><\/ul><h4>Promocja imprezy<\/h4><p>Planujemy i promujemy swoje dzia\u0142ania, takie jak prezentacje produkt\u00f3w, seminaria i konferencje, zapewniaj\u0105c maksymalny udzia\u0142 grupy docelowej.<\/p><p><strong>Zalety:<\/strong><\/p><ul><li><strong>Dla Marek:<\/strong> Skuteczne prowadzenie dzia\u0142a\u0144 zwi\u0119kszaj\u0105cych \u015bwiadomo\u015b\u0107 marki.<\/li><li><strong>Dla plac\u00f3wek Medycznych:<\/strong> Ro\u015bnie udzia\u0142 i zainteresowanie instytucjonalnym wydarzenia.<\/li><li><strong>Dla pracownik\u00f3w s\u0142u\u017cby zdrowia:<\/strong> Mo\u017cliwo\u015bci komunikowania si\u0119 z kolegami i by\u0107 na bie\u017c\u0105co z trendami w bran\u017cy.<\/li><\/ul><h4>Zarz\u0105dzanie mark\u0105<\/h4><p>Nasze us\u0142ugi w zakresie zarz\u0105dzania mark\u0105 zapewniaj\u0105 sp\u00f3jne rozpowszechnianie informacji o marce i jego to\u017csamo\u015bci dla wszystkich marketingowe kana\u0142y dystrybucji, zwi\u0119kszaj\u0105c zaufanie do marki i rozpoznawalno\u015b\u0107.<\/p><p><strong>Zalety:<\/strong><\/p><ul><li><strong>Dla Marek:<\/strong> Wzmocni\u0107 to\u017csamo\u015b\u0107 marki i pozycji na rynku.<\/li><li><strong>Dla plac\u00f3wek Medycznych:<\/strong> Sp\u00f3jny branding, kt\u00f3ry przyci\u0105ga i zatrzymuje klient\u00f3w.<\/li><li><strong>Dla pracownik\u00f3w s\u0142u\u017cby zdrowia:<\/strong> Wzrost profesjonalnego wizerunku i zaufania pacjent\u00f3w.<\/li><\/ul><h4>Badania marketingowe i analiza<\/h4><p>Przeprowadzamy dok\u0142adne badania marketingowe, aby zrozumie\u0107 grupy docelowej, konkurencji i trend\u00f3w na rynku. Nasz analityk pomo\u017ce ci w podejmowaniu \u015bwiadomych decyzji marketingowych i wyprzedzi\u0107 konkurent\u00f3w.<\/p><p><strong>Zalety:<\/strong><\/p><ul><li><strong>Dla Marek:<\/strong> Strategie oparte na danych, kt\u00f3re poprawiaj\u0105 pozycjonowanie na rynku.<\/li><li><strong>Dla plac\u00f3wek Medycznych:<\/strong> Lepsze zrozumienie potrzeb pacjent\u00f3w i wymaga\u0144 rynku.<\/li><li><strong>Dla pracownik\u00f3w s\u0142u\u017cby zdrowia:<\/strong> Pomys\u0142y, kt\u00f3re informuj\u0105 i poprawiaj\u0105 praktyk\u0119 zawodow\u0105.<\/li><\/ul><hr \/><h3>Dlaczego wybra\u0142e\u015b w\u0142a\u015bnie nas?<\/h3><h4>Wiedza i Do\u015bwiadczenie<\/h4><p>Nasi specjali\u015bci ds. marketingu dysponuj\u0105 wieloletnim do\u015bwiadczeniem w pracy w sektorze technologii medycznych. Wykorzystujemy nasze do\u015bwiadczenie do opracowania skutecznych rozwi\u0105za\u0144 marketingowych, przyczyniaj\u0105cych si\u0119 do osi\u0105gni\u0119cia wynik\u00f3w.<\/p><h4>Podej\u015bcie zorientowane na klienta<\/h4><p>Tw\u00f3j sukces jest naszym priorytetem. \u015aci\u015ble wsp\u00f3\u0142pracujemy z tob\u0105 w opracowywaniu strategii marketingowych, kt\u00f3re docieraj\u0105 do odbiorc\u00f3w i osi\u0105gaj\u0105 swoich cel\u00f3w biznesowych.<\/p><h4>Innowacyjne rozwi\u0105zania<\/h4><p>Korzystamy z najnowszych narz\u0119dzi marketingowych i technologii do tworzenia innowacyjnych kampanii, kt\u00f3re przyci\u0105gaj\u0105 uwag\u0119 i wzbudzaj\u0105 zainteresowanie.<\/p><h4>Sprawdzony Sukces<\/h4><p>Nasz bilans m\u00f3wi sam za siebie. Mo\u017cemy z powodzeniem wielu marek poszerzy\u0107 swoj\u0105 obecno\u015b\u0107 na rynku i dotrze\u0107 do ich cel\u00f3w marketingowych.<\/p><hr \/><h3>Skontaktuj si\u0119 z nami<\/h3><p>Gotowi, aby poprawi\u0107 swoj\u0105 mark\u0119 za pomoc\u0105 us\u0142ug marketingu strategicznego i promocji? Skontaktuj si\u0119 z naszym zespo\u0142em ju\u017c dzi\u015b, aby um\u00f3wi\u0107 si\u0119 na konsultacj\u0119. Wype\u0142nij formularz kontaktowy na naszej stronie internetowej, a my zorganizujemy spotkanie lub zdzwonimy si\u0119 z kolegami w celu om\u00f3wienia twoich potrzeb. Czekamy na mo\u017cliwo\u015bci pom\u00f3c ci w osi\u0105gni\u0119ciu twoich cel\u00f3w marketingowych za pomoc\u0105 indywidualnych rozwi\u0105za\u0144, kt\u00f3re pasuj\u0105 w\u0142a\u015bnie do ciebie.<\/p><p>W EINIMED staramy si\u0119 \u015bwiadczy\u0107 fachowe us\u0142ugi w zakresie marketingu i promocji, kt\u00f3re przyczyniaj\u0105 si\u0119 do sukcesu. Pozw\u00f3l nam pom\u00f3c ci w poruszaniu si\u0119 na konkurencyjnym rynku i skutecznie obejmowa\u0107 odbiorc\u00f3w. Skontaktuj si\u0119 z nami pod adresem info@einimed.eu.<\/p>\n\t\t\t\t\t<\/div>\n\t\t\t\t<\/div>\n\t\t\t\t<\/div>\n\t\t\t\t\t<\/div>\n\t\t\t\t<\/div>\n\t\t\t\t<\/div>","protected":false},"excerpt":{"rendered":"<p>Podwy\u017csz swoj\u0105 mark\u0119 o strategiczne us\u0142ugi marketingowe i promocyjne W, uznajemy znaczenie<\/p>","protected":false},"author":1,"featured_media":0,"parent":0,"menu_order":0,"comment_status":"closed","ping_status":"closed","template":"","meta":{"footnotes":""},"class_list":["post-15826","page","type-page","status-publish","hentry"],"_links":{"self":[{"href":"https:\/\/einimed.eu\/pl\/wp-json\/wp\/v2\/pages\/15826"}],"collection":[{"href":"https:\/\/einimed.eu\/pl\/wp-json\/wp\/v2\/pages"}],"about":[{"href":"https:\/\/einimed.eu\/pl\/wp-json\/wp\/v2\/types\/page"}],"author":[{"embeddable":true,"href":"https:\/\/einimed.eu\/pl\/wp-json\/wp\/v2\/users\/1"}],"replies":[{"embeddable":true,"href":"https:\/\/einimed.eu\/pl\/wp-json\/wp\/v2\/comments?post=15826"}],"version-history":[{"count":10,"href":"https:\/\/einimed.eu\/pl\/wp-json\/wp\/v2\/pages\/15826\/revisions"}],"predecessor-version":[{"id":15896,"href":"https:\/\/einimed.eu\/pl\/wp-json\/wp\/v2\/pages\/15826\/revisions\/15896"}],"wp:attachment":[{"href":"https:\/\/einimed.eu\/pl\/wp-json\/wp\/v2\/media?parent=15826"}],"curies":[{"name":"wp","href":"https:\/\/api.w.org\/{rel}","templated":true}]}}