{"id":15805,"date":"2024-07-28T10:13:33","date_gmt":"2024-07-28T10:13:33","guid":{"rendered":"http:\/\/192.168.13.40\/?page_id=15805"},"modified":"2024-07-28T20:41:52","modified_gmt":"2024-07-28T20:41:52","slug":"sourcing-consultation","status":"publish","type":"page","link":"https:\/\/einimed.eu\/pl\/konsultacje-w-sprawie-zaopatrzenia\/","title":{"rendered":"Wyszukiwanie dostawc\u00f3w i konsultacje"},"content":{"rendered":"<div data-elementor-type=\"wp-page\" data-elementor-id=\"15805\" class=\"elementor elementor-15805\" data-elementor-post-type=\"page\">\n\t\t\t\t<div class=\"wd-negative-gap elementor-element elementor-element-5383ec6 e-flex e-con-boxed e-con e-parent\" data-id=\"5383ec6\" data-element_type=\"container\">\n\t\t\t\t\t<div class=\"e-con-inner\">\n\t\t\t\t<div class=\"elementor-element elementor-element-e322e7d wd-width-100 elementor-widget elementor-widget-wd_title\" data-id=\"e322e7d\" data-element_type=\"widget\" data-widget_type=\"wd_title.default\">\n\t\t\t\t<div class=\"elementor-widget-container\">\n\t\t\t\t\t<div class=\"title-wrapper set-mb-s reset-last-child wd-title-color-default wd-title-style-default wd-title-size-default text-center\">\n\n\t\t\t\t\t\t\t<div class=\"title-subtitle subtitle-color-default subtitle-style-default wd-fontsize-xs\">\n\t\t\t\t\tIndywidualne rozwi\u0105zania dla Twoich potrzeb w zam\u00f3wieniach\t\t\t\t<\/div>\n\t\t\t\n\t\t\t<div class=\"liner-continer\">\n\t\t\t\t<h4 class=\"woodmart-title-container title wd-fontsize-l\">Wyszukaj \u015brodk\u00f3w technicznych i doradztwo<\/h4> \n\t\t\t\t\t\t\t<\/div>\n\n\t\t\t\t\t\t\t<div class=\"title-after_title set-cont-mb-s reset-last-child wd-fontsize-xs\">\n\t\t\t\t\t<p>W EINIMED rozumiemy trudno\u015bci, zwi\u0105zane z zakupem nowych urz\u0105dze\u0144 medycznych i przygotowaniem przetarg\u00f3w. Nasze us\u0142ugi w zakresie doboru technologii i konsultacje maj\u0105 na celu pom\u00f3c plac\u00f3wkom s\u0142u\u017cby zdrowia w poszukiwaniu najlepszych rozwi\u0105za\u0144 technologicznych i nawigacji w trakcie zakup\u00f3w. Niezale\u017cnie od tego, czy potrzebujesz pomocy z doborem nowoczesnych urz\u0105dze\u0144 lub konsultacje dotycz\u0105ce najnowszych osi\u0105gni\u0119\u0107, nasz zesp\u00f3\u0142 ekspert\u00f3w jest gotowa wspiera\u0107 ci\u0119 na ka\u017cdym kroku.<\/p>\t\t\t\t<\/div>\n\t\t\t\t\t<\/div>\n\t\t\t\t<\/div>\n\t\t\t\t<\/div>\n\t\t\t\t<div class=\"elementor-element elementor-element-68d8e31 elementor-widget elementor-widget-wd_text_block\" data-id=\"68d8e31\" data-element_type=\"widget\" data-widget_type=\"wd_text_block.default\">\n\t\t\t\t<div class=\"elementor-widget-container\">\n\t\t\t\t\t<div class=\"wd-text-block reset-last-child text-left\">\n\t\t\t\n\t\t\t<h3>Nasze Us\u0142ugi<\/h3><h4>Indywidualne Konsultacje<\/h4><p>Nasi do\u015bwiadczeni konsultanci wsp\u00f3\u0142pracuj\u0105 z zespo\u0142em, aby zrozumie\u0107 twoje konkretne potrzeby i cele w dziedzinie zam\u00f3wie\u0144 publicznych. Przeprowadzamy rzeteln\u0105 ocen\u0119 w celu ustalenia najlepszego sprz\u0119tu medycznego i rozwi\u0105za\u0144 technologicznych, spe\u0142niaj\u0105cych wymagania i bud\u017cet\u00f3w przymusy.<\/p><p><strong>Zalety:<\/strong><\/p><ul><li><strong>Dla Marek:<\/strong> Zapewnia optymalne rozmieszczenie i wykorzystanie swoich produkt\u00f3w.<\/li><li><strong>Dla plac\u00f3wek Medycznych:<\/strong> Indywidualne zalecenia, odpowiednie do twoich indywidualnych potrzeb.<\/li><li><strong>Dla pracownik\u00f3w s\u0142u\u017cby zdrowia:<\/strong> Dost\u0119p do zaawansowanej sprz\u0119tu, \u0443\u043b\u0443\u0447\u0448\u0430\u044e\u0449\u0435\u043c\u0443 opieki nad pacjentami.<\/li><\/ul><h4>Pomoc W Przygotowaniu Przetargu<\/h4><p>W nawigacji w przetargu mo\u017ce by\u0107 trudne. Oferujemy kompleksowe wsparcie w przygotowaniu ofert, w tym sporz\u0105dzanie zestawie\u0144, wyceny opcji technologicznych i zapewnienie zgodno\u015bci z normami i przepisami. Naszym celem jest pom\u00f3c ci z\u0142o\u017cy\u0107 udane wnioski, kt\u00f3re wyr\u00f3\u017cniaj\u0105 si\u0119 na konkurencyjnych rynkach.<\/p><p><strong>Zalety:<\/strong><\/p><ul><li><strong>Dla Marek:<\/strong> Zwi\u0119kszone szanse na wygran\u0105 w przetargach i wzrost udzia\u0142u w rynku.<\/li><li><strong>Dla plac\u00f3wek Medycznych:<\/strong> Pomoc w znalezieniu najlepszych rozwi\u0105za\u0144 technologicznych.<\/li><li><strong>Dla pracownik\u00f3w s\u0142u\u017cby zdrowia:<\/strong> Zaawansowane procesy zakup\u00f3w, prowadz\u0105ce do poprawy dost\u0119pu do sprz\u0119tu.<\/li><\/ul><h4>Wyszukiwanie dostawc\u00f3w technologii<\/h4><p>Wykorzystujemy nasz\u0105 rozleg\u0142\u0105 sie\u0107 i bran\u017cowe wiedz\u0119 do \u015bwiadczenia lepszych technologii medycznych czo\u0142owych producent\u00f3w. Nasz zesp\u00f3\u0142 gwarantuje, \u017ce u\u017cytkownik b\u0119dzie mia\u0142 dost\u0119p do najnowszych osi\u0105gni\u0119\u0107 i innowacji, dostosowanym do potrzeb instytucji.<\/p><p><strong>Zalety:<\/strong><\/p><ul><li><strong>Dla Marek:<\/strong> Wi\u0119kszy zasi\u0119g i dystrybucj\u0119 zaawansowanych technologii medycznych.<\/li><li><strong>Dla plac\u00f3wek Medycznych:<\/strong> Dost\u0119p do najnowszych i najbardziej efektywnych technologii medycznych.<\/li><li><strong>Dla pracownik\u00f3w s\u0142u\u017cby zdrowia:<\/strong> Ulepszone mo\u017cliwo\u015bci diagnostyki i leczenia dzi\u0119ki zastosowaniu najnowocze\u015bniejszego sprz\u0119tu.<\/li><\/ul><h4>Optymalizacja procesu roboczego<\/h4><p>Skuteczno\u015b\u0107 jest kluczem do udanej integracji technologii. Nasi eksperci analizuj\u0105 bie\u017c\u0105ce przep\u0142ywy pracy i polecaj\u0105 rozwi\u0105zanie do optymalizacji operacji, zwi\u0119kszenia wydajno\u015bci i poprawy wynik\u00f3w leczenia pacjent\u00f3w. Optymalizowa\u0107 swoje procesy, pomagamy ci maksymalnie wykorzysta\u0107 zalety nowych technologii.<\/p><p><strong>Zalety:<\/strong><\/p><ul><li><strong>Dla Marek:<\/strong> Lepsza integracja produkt\u00f3w do plac\u00f3wek medycznych.<\/li><li><strong>Dla plac\u00f3wek Medycznych:<\/strong> Uproszczenie operacji i zwi\u0119kszenie wydajno\u015bci.<\/li><li><strong>Dla pracownik\u00f3w s\u0142u\u017cby zdrowia:<\/strong> Usprawniony przep\u0142yw pracy, prowadz\u0105cy do poprawy opieki nad pacjentami i zwi\u0119kszenie satysfakcji z pracy.<\/li><\/ul><h4>Planowanie i projektowanie przestrzeni<\/h4><p>Prawid\u0142owe planowanie ma zasadnicze znaczenie dla bezproblemowej integracji technologii. Nasze us\u0142ugi w zakresie projektowania wn\u0119trz i design gwarantuj\u0105, \u017ce tw\u00f3j nowy sprz\u0119t zostanie zainstalowany w taki spos\u00f3b, aby maksymalnie wykorzysta\u0107 przestrze\u0144 i utrzyma\u0107 optymalny przep\u0142yw pracy. Tworzymy ergonomiczne i efektywne planowanie, kt\u00f3ra poprawia jako\u015b\u0107 obs\u0142ugi zar\u00f3wno personelu jak i pacjent\u00f3w.<\/p><p><strong>Zalety:<\/strong><\/p><ul><li><strong>Dla Marek:<\/strong> Prawid\u0142owa instalacja i korzystanie z urz\u0105dzenia.<\/li><li><strong>Dla plac\u00f3wek Medycznych:<\/strong> Zoptymalizowana przestrze\u0144, kt\u00f3ra zapewnia efektywn\u0105 prac\u0119.<\/li><li><strong>Dla pracownik\u00f3w s\u0142u\u017cby zdrowia:<\/strong> Lepsze warunki pracy i przestrzeni do interakcji z pacjentami.<\/li><\/ul><h4>Integracja technologii<\/h4><p>Integracja nowej technologii z istniej\u0105cymi systemami wymaga specjalistycznej wiedzy. Oferujemy kompleksowe us\u0142ugi w zakresie integracji, w tym instalacji oprogramowania, konfiguracji sieci i integracj\u0119 danych, aby zapewni\u0107 harmonijn\u0105 wsp\u00f3\u0142prac\u0119 wszystkich twoich urz\u0105dze\u0144 medycznych i system\u00f3w IT.<\/p><p><strong>Zalety:<\/strong><\/p><ul><li><strong>Dla Marek:<\/strong> Gwarantuje kompatybilno\u015b\u0107 i bezproblemow\u0105 integracj\u0119 swoich produkt\u00f3w.<\/li><li><strong>Dla plac\u00f3wek Medycznych:<\/strong> Bezproblemowa integracja technologii dla bezawaryjnej pracy.<\/li><li><strong>Dla pracownik\u00f3w s\u0142u\u017cby zdrowia:<\/strong> \u0141atwy dost\u0119p do zintegrowanych system\u00f3w, poprawia procesy pracy w klinice.<\/li><\/ul><h4>Sta\u0142a Obs\u0142uga<\/h4><p>Nasze zaanga\u017cowanie sukcesu wykracza poza wst\u0119pnych konsultacji i zam\u00f3wie\u0144. Oferujemy sta\u0142e wsparcie dla rozwi\u0105za\u0144 wszelkich pojawiaj\u0105cych si\u0119 pyta\u0144 lub problem\u00f3w, zapewniaj\u0105c, \u017ce sprz\u0119t nadal skutecznie odpowiada twoim potrzebom.<\/p><p><strong>Zalety:<\/strong><\/p><ul><li><strong>Dla Marek:<\/strong> Bie\u017c\u0105ce wsparcie dla utrzymania wydajno\u015bci swoich produkt\u00f3w.<\/li><li><strong>Dla plac\u00f3wek Medycznych:<\/strong> Niezawodne us\u0142ugi w celu zapewnienia d\u0142ugotrwa\u0142ego u\u017cytkowania.<\/li><li><strong>Dla pracownik\u00f3w s\u0142u\u017cby zdrowia:<\/strong> Sta\u0142a pomoc w zapewnieniu optymalnego wykorzystania sprz\u0119tu.<\/li><\/ul><hr \/><h3>Dlaczego wybra\u0142e\u015b w\u0142a\u015bnie nas?<\/h3><h4>Wiedza i Do\u015bwiadczenie<\/h4><p>Nasi konsultanci posiadaj\u0105 wieloletnie do\u015bwiadczenie w obszarze zakup\u00f3w, technologii medycznych i doradztwa. \u015aledzimy osi\u0105gni\u0119cia bran\u017cy, aby zaoferowa\u0107 zaawansowane rozwi\u0105zania.<\/p><h4>Podej\u015bcie zorientowane na klienta<\/h4><p>Twoje zadowolenie jest naszym priorytetem. \u015aci\u015ble wsp\u00f3\u0142pracujemy z pa\u0144stwem w celu opracowania rozwi\u0105za\u0144, kt\u00f3re odpowiadaj\u0105 konkretnym potrzebom i spe\u0142niaj\u0105 twoje oczekiwania, zapewniaj\u0105c wysoki poziom obs\u0142ugi i wsparcia.<\/p><h4>Indywidualne rozwi\u0105zania<\/h4><p>Zdajemy sobie spraw\u0119, \u017ce ka\u017cda instytucja jest unikalna. Nasze indywidualne rozwi\u0105zania opracowane z uwzgl\u0119dnieniem konkretnych wymaga\u0144 co do zakup\u00f3w, pomagaj\u0105c ci osi\u0105gn\u0105\u0107 swoich cel\u00f3w strategicznych.<\/p><h4>Sprawdzony bilans<\/h4><p>Nasz udokumentowane do\u015bwiadczenie pom\u00f3c dostawcom us\u0142ug medycznych w doborze technologii i przygotowaniu przetarg\u00f3w m\u00f3wi sam za siebie. Pomogli\u015bmy wielu instytucji poprawi\u0107 ich dzia\u0142alno\u015b\u0107 i opieka nad pacjentami z pomoc\u0105 naszych ekspert\u00f3w us\u0142ug.<\/p><hr \/><h3>Skontaktuj si\u0119 z nami<\/h3><p>Gotowi poszerzy\u0107 mo\u017cliwo\u015bci swojego zak\u0142adu opieki zdrowotnej za wynik wyszukiwania wykwalifikowanych specjalist\u00f3w i us\u0142ug doradczych? Skontaktuj si\u0119 z naszym zespo\u0142em ju\u017c dzi\u015b, aby um\u00f3wi\u0107 si\u0119 na konsultacj\u0119. Wype\u0142nij formularz kontaktowy na naszej stronie internetowej, a my zorganizujemy spotkanie lub odezw\u0119 si\u0119 z pracownikami w celu om\u00f3wienia twoich potrzeb. Czekamy na mo\u017cliwo\u015bci pom\u00f3c ci osi\u0105gn\u0105\u0107 swoje cele w dziedzinie zam\u00f3wie\u0144 za pomoc\u0105 indywidualnych rozwi\u0105za\u0144, kt\u00f3re pasuj\u0105 w\u0142a\u015bnie do ciebie.<\/p><p>W EINIMED d\u0105\u017cymy do zapewnienia wykwalifikowanych techniczne i us\u0142ugi doradcze, kt\u00f3re przyczyniaj\u0105 si\u0119 do sukcesu. Pozw\u00f3l nam pom\u00f3c ci w poruszaniu si\u0119 w trakcie zakup\u00f3w i zapewni\u0107 swoim pacjentom najlepsz\u0105 opiek\u0119 z wykorzystaniem zaawansowanych technologii medycznych. Skontaktuj si\u0119 z nami pod adresem info@einimed.eu.<\/p>\n\t\t\t\t\t<\/div>\n\t\t\t\t<\/div>\n\t\t\t\t<\/div>\n\t\t\t\t\t<\/div>\n\t\t\t\t<\/div>\n\t\t\t\t<\/div>","protected":false},"excerpt":{"rendered":"<p>Rozwi\u0105zania dopracowane dla Twoich potrzeb w zakresie zam\u00f3wie\u0144 technicznych W, rozumiemy z\u0142o\u017cono\u015bci zwi\u0105zane z nabywaniem nowych<\/p>","protected":false},"author":1,"featured_media":0,"parent":0,"menu_order":0,"comment_status":"closed","ping_status":"closed","template":"","meta":{"footnotes":""},"class_list":["post-15805","page","type-page","status-publish","hentry"],"_links":{"self":[{"href":"https:\/\/einimed.eu\/pl\/wp-json\/wp\/v2\/pages\/15805"}],"collection":[{"href":"https:\/\/einimed.eu\/pl\/wp-json\/wp\/v2\/pages"}],"about":[{"href":"https:\/\/einimed.eu\/pl\/wp-json\/wp\/v2\/types\/page"}],"author":[{"embeddable":true,"href":"https:\/\/einimed.eu\/pl\/wp-json\/wp\/v2\/users\/1"}],"replies":[{"embeddable":true,"href":"https:\/\/einimed.eu\/pl\/wp-json\/wp\/v2\/comments?post=15805"}],"version-history":[{"count":23,"href":"https:\/\/einimed.eu\/pl\/wp-json\/wp\/v2\/pages\/15805\/revisions"}],"predecessor-version":[{"id":15890,"href":"https:\/\/einimed.eu\/pl\/wp-json\/wp\/v2\/pages\/15805\/revisions\/15890"}],"wp:attachment":[{"href":"https:\/\/einimed.eu\/pl\/wp-json\/wp\/v2\/media?parent=15805"}],"curies":[{"name":"wp","href":"https:\/\/api.w.org\/{rel}","templated":true}]}}