{"id":15772,"date":"2024-07-27T22:53:05","date_gmt":"2024-07-27T22:53:05","guid":{"rendered":"http:\/\/192.168.13.40\/?page_id=15772"},"modified":"2024-07-28T21:37:19","modified_gmt":"2024-07-28T21:37:19","slug":"maintenance-repair","status":"publish","type":"page","link":"https:\/\/einimed.eu\/pl\/naprawa-serwisowa\/","title":{"rendered":"Konserwacja i naprawa"},"content":{"rendered":"<div data-elementor-type=\"wp-page\" data-elementor-id=\"15772\" class=\"elementor elementor-15772\" data-elementor-post-type=\"page\">\n\t\t\t\t<div class=\"wd-negative-gap elementor-element elementor-element-480277cd e-flex e-con-boxed e-con e-parent\" data-id=\"480277cd\" data-element_type=\"container\">\n\t\t\t\t\t<div class=\"e-con-inner\">\n\t\t\t\t<div class=\"elementor-element elementor-element-3304dea wd-width-100 elementor-widget elementor-widget-wd_title\" data-id=\"3304dea\" data-element_type=\"widget\" data-widget_type=\"wd_title.default\">\n\t\t\t\t<div class=\"elementor-widget-container\">\n\t\t\t\t\t<div class=\"title-wrapper set-mb-s reset-last-child wd-title-color-default wd-title-style-default wd-title-size-default text-center\">\n\n\t\t\t\t\t\t\t<div class=\"title-subtitle subtitle-color-default subtitle-style-default wd-fontsize-xs\">\n\t\t\t\t\tZapewnia Bezawaryjn\u0105 prac\u0119 Urz\u0105dzenia, dzi\u0119ki wykwalifikowanym konserwacji i napraw\t\t\t\t<\/div>\n\t\t\t\n\t\t\t<div class=\"liner-continer\">\n\t\t\t\t<h4 class=\"woodmart-title-container title wd-fontsize-l\">Kompleksowe Us\u0142ugi W zakresie konserwacji i napraw<\/h4> \n\t\t\t\t\t\t\t<\/div>\n\n\t\t\t\t\t\t\t<div class=\"title-after_title set-cont-mb-s reset-last-child wd-fontsize-xs\">\n\t\t\t\t\t<p>W EINIMED zdajemy sobie spraw\u0119, \u017ce niezawodno\u015b\u0107 i wydajno\u015b\u0107 twojego sprz\u0119tu medycznego maj\u0105 kluczowe znaczenie dla \u015bwiadczenia wysokiej jako\u015bci opieki pacjentom. Nasze us\u0142ugi w zakresie naprawy i konserwacji s\u0105 przeznaczone do zapewnienia optymalnej pracy urz\u0105dze\u0144, minimalizacji przestoj\u00f3w i wyd\u0142u\u017cenie okresu ich eksploatacji. Niezale\u017cnie od tego, czy wymagane jest konserwacja lub napraw\u0105, nasi wykwalifikowani specjali\u015bci gotowi zaoferowa\u0107 ci wsparcie.<\/p>\t\t\t\t<\/div>\n\t\t\t\t\t<\/div>\n\t\t\t\t<\/div>\n\t\t\t\t<\/div>\n\t\t\t\t<div class=\"elementor-element elementor-element-6af6a1c1 color-scheme-inherit text-left elementor-widget elementor-widget-text-editor\" data-id=\"6af6a1c1\" data-element_type=\"widget\" data-widget_type=\"text-editor.default\">\n\t\t\t\t<div class=\"elementor-widget-container\">\n\t\t\t<style>\/*! elementor - v3.23.0 - 05-08-2024 *\/\n.elementor-widget-text-editor.elementor-drop-cap-view-stacked .elementor-drop-cap{background-color:#69727d;color:#fff}.elementor-widget-text-editor.elementor-drop-cap-view-framed .elementor-drop-cap{color:#69727d;border:3px solid;background-color:transparent}.elementor-widget-text-editor:not(.elementor-drop-cap-view-default) .elementor-drop-cap{margin-top:8px}.elementor-widget-text-editor:not(.elementor-drop-cap-view-default) .elementor-drop-cap-letter{width:1em;height:1em}.elementor-widget-text-editor .elementor-drop-cap{float:left;text-align:center;line-height:1;font-size:50px}.elementor-widget-text-editor .elementor-drop-cap-letter{display:inline-block}<\/style>\t\t\t\t<!-- wp:paragraph -->\n<h3>Nasze Us\u0142ugi<\/h3>\n<h4>Konserwacja<\/h4>\n<p>Oferujemy kompleksowe programy obs\u0142ugi zapobiegawczej, dostosowane do konkretnego urz\u0105dzenia i systemy u\u017cytkowania. Konserwacja pomaga zapobiec uszkodzenia i zapewnia optymaln\u0105 wydajno\u015b\u0107.<\/p>\n<p><strong>Zalety:<\/strong><\/p>\n<ul>\n<li><strong>Dla Marek:<\/strong> Zwi\u0119kszona niezawodno\u015b\u0107 produkt\u00f3w i zadowolenie klient\u00f3w.<\/li>\n<li><strong>Dla plac\u00f3wek Medycznych:<\/strong> Skr\u00f3cenie czasu przestoj\u00f3w maszyn i koszt\u00f3w utrzymania.<\/li>\n<li><strong>Dla pracownik\u00f3w s\u0142u\u017cby zdrowia:<\/strong> Stabilna praca sprz\u0119tu, kt\u00f3ry zapewnia wysokiej jako\u015bci opieki nad pacjentem.<\/li>\n<\/ul>\n<h4>Naprawy awaryjne<\/h4>\n<p>Nasz zesp\u00f3\u0142 jest gotowy wykona\u0107 naprawy awaryjne, minimalizuj\u0105c czas przestoju i szybko przywraca funkcjonalno\u015b\u0107. Mo\u017cemy szybko reagowa\u0107 na wszelkie problemy, aby zapewni\u0107 bezawaryjn\u0105 prac\u0119 urz\u0105dzenia.<\/p>\n<p><strong>Zalety:<\/strong><\/p>\n<ul>\n<li><strong>Dla Marek:<\/strong> Szybkie rozwi\u0105zanie problem\u00f3w, utrzymanie reputacji marki.<\/li>\n<li><strong>Dla plac\u00f3wek Medycznych:<\/strong> Szybkie przywracanie po awarii sprz\u0119tu, kt\u00f3ra zapewnia ci\u0105g\u0142o\u015b\u0107 obs\u0142ugi.<\/li>\n<li><strong>Dla pracownik\u00f3w s\u0142u\u017cby zdrowia:<\/strong> Niezawodny dost\u0119p do \u0444\u0443\u043d\u043a\u0446\u0438\u043e\u043d\u0438\u0440\u0443\u044e\u0449\u0435\u043c\u0443 urz\u0105dze\u0144, ogranicza przerwy w obs\u0142udze pacjent\u00f3w.<\/li>\n<\/ul>\n<h4>Us\u0142ugi kalibracji<\/h4>\n<p>\u015awiadczymy us\u0142ugi dok\u0142adnej kalibracji, aby upewni\u0107 si\u0119, \u017ce twoje urz\u0105dzenie jest zgodne ze standardami bran\u017cowymi i dzia\u0142a dok\u0142adnie. Regularna kalibracja jest konieczna dla utrzymania integralno\u015bci proces\u00f3w diagnostyki i leczenia.<\/p>\n<p><strong>Zalety:<\/strong><\/p>\n<ul>\n<li><strong>Dla Marek:<\/strong> Gwarancj\u0105 tego, \u017ce produkt jest zgodny z jego specyfikacjami.<\/li>\n<li><strong>Dla plac\u00f3wek Medycznych:<\/strong> Dok\u0142adna i niezawodna praca urz\u0105dze\u0144.<\/li>\n<li><strong>Dla pracownik\u00f3w s\u0142u\u017cby zdrowia:<\/strong> Zaufanie do dok\u0142adno\u015bci diagnostycznych i leczniczych narz\u0119dzi.<\/li>\n<\/ul>\n<h4>Wymiana cz\u0119\u015bci<\/h4>\n<p>Dostarczamy i wymieniamy cz\u0119\u015bci oryginalnych w celu utrzymania jako\u015bci i trwa\u0142o\u015bci sprz\u0119tu. Nasz dost\u0119p do danych, zatwierdzonym producentem, zapewnia najlepsze dopasowanie i wydajno\u015b\u0107.<\/p>\n<p><strong>Zalety:<\/strong><\/p>\n<ul>\n<li><strong>Dla Marek:<\/strong> Korzystanie z oryginalnych cz\u0119\u015bci zamiennych zwi\u0119ksza trwa\u0142o\u015b\u0107 i niezawodno\u015b\u0107 produktu.<\/li>\n<li><strong>Dla plac\u00f3wek Medycznych:<\/strong> Niezawodna wymiana cz\u0119\u015bci, zapewniaj\u0105ca trwa\u0142o\u015b\u0107 sprz\u0119tu.<\/li>\n<li><strong>Dla pracownik\u00f3w s\u0142u\u017cby zdrowia:<\/strong> Sta\u0142a optymalna wydajno\u015b\u0107 urz\u0105dze\u0144 medycznych.<\/li>\n<\/ul>\n<h4>Monitorowanie wydajno\u015bci<\/h4>\n<p>Oferujemy us\u0142ugi ci\u0105g\u0142ego monitorowania wydajno\u015bci w celu identyfikacji potencjalnych problem\u00f3w, zanim stan\u0105 si\u0119 one powa\u017cne. Nasze proaktywne podej\u015bcie pomaga utrzyma\u0107 niezawodno\u015b\u0107 sprz\u0119tu.<\/p>\n<p><strong>Zalety:<\/strong><\/p>\n<ul>\n<li><strong>Dla Marek:<\/strong> Proaktywne rozwi\u0105zanie problem\u00f3w, kt\u00f3re zapewnia ochron\u0119 wydajno\u015bci produktu.<\/li>\n<li><strong>Dla plac\u00f3wek Medycznych:<\/strong> Wczesne wykrycie problem\u00f3w, nie rozmazuje si\u0119, kosztowne naprawy.<\/li>\n<li><strong>Dla pracownik\u00f3w s\u0142u\u017cby zdrowia:<\/strong> Niezawodne urz\u0105dzenia, kt\u00f3re zapewnia sta\u0142\u0105 opiek\u0119 nad pacjentami.<\/li>\n<\/ul>\n<h4>Wsparcie Techniczne<\/h4>\n<p>Nasz wykwalifikowany zesp\u00f3\u0142 wsparcia jest gotowa zaoferowa\u0107 pomoc techniczn\u0105 i rozwi\u0105za\u0107 wszelkie problemy. Gwarantujemy, \u017ce pracownikom b\u0119dzie udzielona pe\u0142ne wsparcie w obs\u0142udze i konserwacji sprz\u0119tu.<\/p>\n<p><strong>Zalety:<\/strong><\/p>\n<ul>\n<li><strong>Dla Marek:<\/strong> Specjalne wsparcie zwi\u0119ksza lojalno\u015b\u0107 i zadowolenie klient\u00f3w.<\/li>\n<li><strong>Dla plac\u00f3wek Medycznych:<\/strong> Natychmiastowa pomoc techniczna, zmniejsza czas przestoju.<\/li>\n<li><strong>Dla pracownik\u00f3w s\u0142u\u017cby zdrowia:<\/strong> Kompetentny przewodnik, kt\u00f3ra zapewnia w\u0142a\u015bciwe wykorzystanie sprz\u0119tu i jego konserwacja.<\/li>\n<\/ul>\n<hr \/>\n<h3>Dlaczego wybra\u0142e\u015b w\u0142a\u015bnie nas?<\/h3>\n<h4>Wiedza i Do\u015bwiadczenie<\/h4>\n<p>Nasi specjali\u015bci posiadaj\u0105 bogate do\u015bwiadczenie w konserwacji i naprawy sprz\u0119tu medycznego. \u0141\u0105czymy wiedz\u0119 techniczn\u0105 ze znajomo\u015bci\u0105 bran\u017cy w celu zapewnienia wysokiej jako\u015bci us\u0142ug.<\/p>\n<h4>Indywidualne rozwi\u0105zania<\/h4>\n<p>Konfigurujemy nasze us\u0142ugi w zakresie konserwacji i napraw zgodnie z unikalnymi potrzebami twojego sprz\u0119tu i operacji, zapewniaj\u0105c aktualno\u015b\u0107 i skuteczno\u015b\u0107.<\/p>\n<h4>Kompleksowe rozwi\u0105zania<\/h4>\n<p>Od konserwacji do napraw awaryjnych - oferujemy pe\u0142en zakres us\u0142ug w celu utrzymania urz\u0105dzenia w idealnym stanie.<\/p>\n<h4>Sprawdzony Sukces<\/h4>\n<p>Nasze do\u015bwiadczenie w dostarczaniu niezawodnych us\u0142ug konserwacyjnych i naprawczych m\u00f3wi sam za siebie. Pomogli\u015bmy wielu instytucji obs\u0142ugiwa\u0107 sprz\u0119t i zapewni\u0107 optymaln\u0105 wydajno\u015b\u0107.<\/p>\n<hr \/>\n<h3>Skontaktuj si\u0119 z nami<\/h3>\n<p>Gotowi zapewni\u0107 niezawodn\u0105 prac\u0119 twojego sprz\u0119tu medycznego z pomoc\u0105 profesjonalnej obs\u0142ugi i naprawy? Skontaktuj si\u0119 z naszym zespo\u0142em ju\u017c dzi\u015b, aby um\u00f3wi\u0107 si\u0119 na konsultacj\u0119. Wype\u0142nij formularz kontaktowy na naszej stronie internetowej, a my zorganizujemy spotkanie lub odezw\u0119 si\u0119 z pracownikami w celu om\u00f3wienia twoich potrzeb. Czekamy na mo\u017cliwo\u015bci pom\u00f3c ci osi\u0105gn\u0105\u0107 swoje cele w dziedzinie konserwacji za pomoc\u0105 indywidualnych rozwi\u0105za\u0144, kt\u00f3re pasuj\u0105 w\u0142a\u015bnie do ciebie.<\/p>\n<p>W EINIMED d\u0105\u017cymy do zapewnienia wykwalifikowanych us\u0142ug konserwacyjnych i naprawczych, kt\u00f3re przyczyniaj\u0105 si\u0119 do sukcesu. Pozw\u00f3l nam pom\u00f3c utrzyma\u0107 nieprzerwan\u0105 prac\u0119 urz\u0105dzenia i zapewni\u0107 swoim pacjentom najlepsz\u0105 opiek\u0119. Skontaktuj si\u0119 z nami pod adresem info@einimed.eu.<\/p>\n<!-- \/wp:paragraph -->\t\t\t\t\t\t<\/div>\n\t\t\t\t<\/div>\n\t\t\t\t\t<\/div>\n\t\t\t\t<\/div>\n\t\t\t\t<\/div>","protected":false},"excerpt":{"rendered":"<p>Keep Your Equipment Running Smoothly with Expert Maintenance &amp; Repair Comprehensive Maintenance &amp; Repair Services At , we understand that<\/p>","protected":false},"author":1,"featured_media":0,"parent":0,"menu_order":0,"comment_status":"closed","ping_status":"closed","template":"","meta":{"footnotes":""},"class_list":["post-15772","page","type-page","status-publish","hentry"],"_links":{"self":[{"href":"https:\/\/einimed.eu\/pl\/wp-json\/wp\/v2\/pages\/15772"}],"collection":[{"href":"https:\/\/einimed.eu\/pl\/wp-json\/wp\/v2\/pages"}],"about":[{"href":"https:\/\/einimed.eu\/pl\/wp-json\/wp\/v2\/types\/page"}],"author":[{"embeddable":true,"href":"https:\/\/einimed.eu\/pl\/wp-json\/wp\/v2\/users\/1"}],"replies":[{"embeddable":true,"href":"https:\/\/einimed.eu\/pl\/wp-json\/wp\/v2\/comments?post=15772"}],"version-history":[{"count":4,"href":"https:\/\/einimed.eu\/pl\/wp-json\/wp\/v2\/pages\/15772\/revisions"}],"predecessor-version":[{"id":15906,"href":"https:\/\/einimed.eu\/pl\/wp-json\/wp\/v2\/pages\/15772\/revisions\/15906"}],"wp:attachment":[{"href":"https:\/\/einimed.eu\/pl\/wp-json\/wp\/v2\/media?parent=15772"}],"curies":[{"name":"wp","href":"https:\/\/api.w.org\/{rel}","templated":true}]}}