{"id":15766,"date":"2024-07-27T22:49:02","date_gmt":"2024-07-27T22:49:02","guid":{"rendered":"http:\/\/192.168.13.40\/?page_id=15766"},"modified":"2024-07-28T21:34:01","modified_gmt":"2024-07-28T21:34:01","slug":"regulatory-compliance","status":"publish","type":"page","link":"https:\/\/einimed.eu\/pl\/zgodnosci-regulacyjnej\/","title":{"rendered":"Zgodno\u015b\u0107 z przepisami"},"content":{"rendered":"<div data-elementor-type=\"wp-page\" data-elementor-id=\"15766\" class=\"elementor elementor-15766\" data-elementor-post-type=\"page\">\n\t\t\t\t<div class=\"wd-negative-gap elementor-element elementor-element-71df52b0 e-flex e-con-boxed e-con e-parent\" data-id=\"71df52b0\" data-element_type=\"container\">\n\t\t\t\t\t<div class=\"e-con-inner\">\n\t\t\t\t<div class=\"elementor-element elementor-element-17f85f8 wd-width-100 elementor-widget elementor-widget-wd_title\" data-id=\"17f85f8\" data-element_type=\"widget\" data-widget_type=\"wd_title.default\">\n\t\t\t\t<div class=\"elementor-widget-container\">\n\t\t\t\t\t<div class=\"title-wrapper set-mb-s reset-last-child wd-title-color-default wd-title-style-default wd-title-size-default text-center\">\n\n\t\t\t\t\t\t\t<div class=\"title-subtitle subtitle-color-default subtitle-style-default wd-fontsize-xs\">\n\t\t\t\t\tZapewni\u0107 zgodno\u015b\u0107 z Bieg\u0142ym Przepisami i zaleceniami\t\t\t\t<\/div>\n\t\t\t\n\t\t\t<div class=\"liner-continer\">\n\t\t\t\t<h4 class=\"woodmart-title-container title wd-fontsize-l\">Kompleksowe Us\u0142ugi W Zakresie Zgodno\u015bci Z Przepisami<\/h4> \n\t\t\t\t\t\t\t<\/div>\n\n\t\t\t\t\t\t\t<div class=\"title-after_title set-cont-mb-s reset-last-child wd-fontsize-xs\">\n\t\t\t\t\t<p>W EINIMED zdajemy sobie spraw\u0119 krytyczn\u0105 wag\u0119 do przestrzegania normatywnych standard\u00f3w w sektorze technologii medycznych. Nasze us\u0142ugi w zakresie przestrzegania przepis\u00f3w maj\u0105 na celu pom\u00f3c w organizacji porusza\u0107 si\u0119 w skomplikowanym krajobrazie zasad opieki zdrowotnej, zapewniaj\u0105c, \u017ce twoje produkty i operacje spe\u0142niaj\u0105 wszystkie niezb\u0119dne wymogi. Niezale\u017cnie od tego, uruchamiania, czy nowy produkt lub zachowa\u0107 zgodnie z obowi\u0105zuj\u0105cymi przepisami, nasz zesp\u00f3\u0142 ekspert\u00f3w jest gotowa towarzyszy\u0107 ci na ka\u017cdym etapie.<\/p>\t\t\t\t<\/div>\n\t\t\t\t\t<\/div>\n\t\t\t\t<\/div>\n\t\t\t\t<\/div>\n\t\t\t\t<div class=\"elementor-element elementor-element-1c50f9b6 color-scheme-inherit text-left elementor-widget elementor-widget-text-editor\" data-id=\"1c50f9b6\" data-element_type=\"widget\" data-widget_type=\"text-editor.default\">\n\t\t\t\t<div class=\"elementor-widget-container\">\n\t\t\t<style>\/*! elementor - v3.23.0 - 05-08-2024 *\/\n.elementor-widget-text-editor.elementor-drop-cap-view-stacked .elementor-drop-cap{background-color:#69727d;color:#fff}.elementor-widget-text-editor.elementor-drop-cap-view-framed .elementor-drop-cap{color:#69727d;border:3px solid;background-color:transparent}.elementor-widget-text-editor:not(.elementor-drop-cap-view-default) .elementor-drop-cap{margin-top:8px}.elementor-widget-text-editor:not(.elementor-drop-cap-view-default) .elementor-drop-cap-letter{width:1em;height:1em}.elementor-widget-text-editor .elementor-drop-cap{float:left;text-align:center;line-height:1;font-size:50px}.elementor-widget-text-editor .elementor-drop-cap-letter{display:inline-block}<\/style>\t\t\t\t<!-- wp:paragraph -->\n<h3>Nasze Us\u0142ugi<\/h3>\n<h4>Opracowanie Strategii Regulacji<\/h4>\n<p>Opracowujemy indywidualne strategie regulacji, dostosowanych do konkretnych potrzeb i cel\u00f3w rynkowych. Nasze strategiczne podej\u015bcie gwarantuje, \u017ce produkty od samego pocz\u0105tku jest zgodna z odpowiednimi przepisami.<\/p>\n<p><strong>Zalety:<\/strong><\/p>\n<ul>\n<li><strong>Dla Marek:<\/strong> Uproszczony spos\u00f3b do uzyskania aprobaty rynku i ni\u017csze ryzyko wyst\u0105pienia problem\u00f3w z regulacj\u0105.<\/li>\n<li><strong>Dla plac\u00f3wek Medycznych:<\/strong> Zapewniona zgodno\u015b\u0107 ze standardami bran\u017cowymi i przepisami.<\/li>\n<li><strong>Dla pracownik\u00f3w s\u0142u\u017cby zdrowia:<\/strong> Zaufanie do u\u017cywania odpowiednich wymaga\u0144 wysokiej jako\u015bci produkt\u00f3w.<\/li>\n<\/ul>\n<h4>Dokumentacja i prezentacja<\/h4>\n<p>Nasz zesp\u00f3\u0142 pomaga w przygotowaniu i przedstawieniu dokument\u00f3w normatywnych, zapewniaj\u0105c dok\u0142adno\u015b\u0107 i kompletno\u015b\u0107. Zarz\u0105dzamy ca\u0142ym procesem sk\u0142adania dokument\u00f3w, aby u\u0142atwi\u0107 terminowe zatwierdzenie.<\/p>\n<p><strong>Zalety:<\/strong><\/p>\n<ul>\n<li><strong>Dla Marek:<\/strong> Skuteczny proces dokumentowania i bardziej szybkie terminy zatwierdzenia.<\/li>\n<li><strong>Dla plac\u00f3wek Medycznych:<\/strong> Zmniejszenie obowi\u0105zk\u00f3w administracyjnych i uproszczenie zgodno\u015bci z przepisami.<\/li>\n<li><strong>Dla pracownik\u00f3w s\u0142u\u017cby zdrowia:<\/strong> Gwarancja korzystania z produkt\u00f3w, kt\u00f3re przesz\u0142y \u015bcis\u0142ej kontroli organ\u00f3w regulacyjnych.<\/li>\n<\/ul>\n<h4>Audyty zgodno\u015bci z Wymaganiami<\/h4>\n<p>Przeprowadzamy dok\u0142adne audyty zgodno\u015bci z wymaganiami w celu identyfikacji i rozwi\u0105zywania potencjalnych problem\u00f3w normatywnych. Nasze audyty gwarantuj\u0105, \u017ce transakcje i produkty pozostaj\u0105 odpowiednimi obowi\u0105zuj\u0105cymi normami.<\/p>\n<p><strong>Zalety:<\/strong><\/p>\n<ul>\n<li><strong>Dla Marek:<\/strong> Wczesne wykrycie i rozwi\u0105zanie problemu z zachowaniem wymog\u00f3w prawa.<\/li>\n<li><strong>Dla plac\u00f3wek Medycznych:<\/strong> Sta\u0142e zapewnienie zgodno\u015bci z wymogami i zmniejszenie ryzyka.<\/li>\n<li><strong>Dla pracownik\u00f3w s\u0142u\u017cby zdrowia:<\/strong> Sta\u0142e zaufanie do bezpiecze\u0144stwa i skuteczno\u015bci produkt\u00f3w stosowanych w praktyce.<\/li>\n<\/ul>\n<h4>Szkolenia i praca edukacyjna<\/h4>\n<p>Oferujemy programy szkoleniowe, aby poinformowa\u0107 sw\u00f3j zesp\u00f3\u0142 o prawne i dobrych praktyk. Nasze edukacyjne inicjatywy gwarantuj\u0105, \u017ce pracownicy b\u0119d\u0105 na bie\u017c\u0105co z najnowszymi zmianami w przepisach.<\/p>\n<p><strong>Zalety:<\/strong><\/p>\n<ul>\n<li><strong>Dla Marek:<\/strong> Kompetentny personel, potrafi\u0105cy sprawnie zarz\u0105dza\u0107 procesami regulacji.<\/li>\n<li><strong>Dla plac\u00f3wek Medycznych:<\/strong> Dobrze poinformowane zesp\u00f3\u0142, kt\u00f3ry zapewnia zgodno\u015b\u0107 z wymaganiami na wszystkich poziomach.<\/li>\n<li><strong>Dla pracownik\u00f3w s\u0142u\u017cby zdrowia:<\/strong> G\u0142\u0119bsze zrozumienie przepis\u00f3w norm, maj\u0105cych wp\u0142yw na codzienn\u0105 praktyk\u0119.<\/li>\n<\/ul>\n<h4>\u041f\u043e\u0441\u0442\u0440\u044b\u043d\u043e\u0447\u043d\u044b\u0439 nadz\u00f3r<\/h4>\n<p>Nasze us\u0142ugi \u043f\u043e\u0441\u0442\u0440\u044b\u043d\u043e\u0447\u043d\u043e\u0433\u043e nadzoru monitorowanie wydajno\u015bci i bezpiecze\u0144stwa swoich produkt\u00f3w po jej wej\u015bciu na rynek. Pomagamy ci zachowa\u0107 zgodno\u015b\u0107 z przepisami i rozwi\u0105zywa\u0107 wszelkie pojawiaj\u0105ce si\u0119 problemy z regulacj\u0105.<\/p>\n<p><strong>Zalety:<\/strong><\/p>\n<ul>\n<li><strong>Dla Marek:<\/strong> Sta\u0142e monitorowanie bezpiecze\u0144stwa produkt\u00f3w i utrzymanie zgodno\u015bci z wymaganiami.<\/li>\n<li><strong>Dla plac\u00f3wek Medycznych:<\/strong> Gwarancj\u0105 sta\u0142ych osi\u0105g\u00f3w i bezpiecze\u0144stwa produktu.<\/li>\n<li><strong>Dla pracownik\u00f3w s\u0142u\u017cby zdrowia:<\/strong> Niezawodne produkty, kt\u00f3re utrzymuj\u0105 wysokie standardy opieki.<\/li>\n<\/ul>\n<h4>Zarz\u0105dzanie ryzykiem<\/h4>\n<p>Oferujemy kompleksowe us\u0142ugi w zakresie zarz\u0105dzania ryzykiem w celu identyfikacji, oceny i redukcji regulacyjnych ryzyka. Nasze proaktywne podej\u015bcie gwarantuje, \u017ce potencjalne problemy z zachowaniem wymog\u00f3w zostan\u0105 usuni\u0119te, zanim przerodz\u0105 si\u0119 w problemy.<\/p>\n<p><strong>Zalety:<\/strong><\/p>\n<ul>\n<li><strong>Dla Marek:<\/strong> Proaktywne zarz\u0105dzanie ryzykiem, kt\u00f3ra chroni swoj\u0105 pozycj\u0119 na rynku.<\/li>\n<li><strong>Dla plac\u00f3wek Medycznych:<\/strong> Minimalizacja regulacyjnych ryzyka i zwi\u0105zanych z nimi koszt\u00f3w.<\/li>\n<li><strong>Dla pracownik\u00f3w s\u0142u\u017cby zdrowia:<\/strong> Gwarancj\u0105 pracy z produktami, w kt\u00f3rych priorytetem jest bezpiecze\u0144stwo pacjent\u00f3w.<\/li>\n<\/ul>\n<hr \/>\n<h3>Dlaczego wybra\u0142e\u015b w\u0142a\u015bnie nas?<\/h3>\n<h4>Wiedza i Do\u015bwiadczenie<\/h4>\n<p>Nasi eksperci ds. posiadaj\u0105 bogate do\u015bwiadczenie w zakresie przestrzegania przepis\u00f3w w zakresie ochrony zdrowia. Wykorzystujemy nasz\u0105 wiedz\u0119, aby zapewni\u0107 pa\u0144stwu niezawodne rozwi\u0105zania w celu zapewnienia zgodno\u015bci z przepisami.<\/p>\n<h4>Indywidualne podej\u015bcie<\/h4>\n<p>Konfigurujemy nasze us\u0142ugi w zakresie zgodno\u015bci zgodnie z unikalnymi potrzebami organizacji, zapewniaj\u0105c aktualno\u015b\u0107 i skuteczno\u015b\u0107.<\/p>\n<h4>Kompleksowe rozwi\u0105zania<\/h4>\n<p>Od opracowania strategii do \u043f\u043e\u0441\u0442\u0440\u044b\u043d\u043e\u0447\u043d\u043e\u0433\u043e nadzoru - oferujemy pe\u0142n\u0105 gam\u0119 us\u0142ug w zakresie zgodno\u015bci z przepisami, obejmuj\u0105ce wszystkie aspekty przepisami.<\/p>\n<h4>Sprawdzony Sukces<\/h4>\n<p>Nasze pozytywne do\u015bwiadczenia kierownictwa organizacji w zakresie zgodno\u015bci z przepisami m\u00f3wi sam za siebie. Pomogli\u015bmy wielu marek i instytucji osi\u0105gn\u0105\u0107 i utrzyma\u0107 zgodno\u015b\u0107 z wymaganiami.<\/p>\n<hr \/>\n<h3>Skontaktuj si\u0119 z nami<\/h3>\n<p>Gotowi zapewni\u0107 zgodno\u015b\u0107 organizacji z przepisami i zaleceniami ekspert\u00f3w? Skontaktuj si\u0119 z naszym zespo\u0142em ju\u017c dzi\u015b, aby um\u00f3wi\u0107 si\u0119 na konsultacj\u0119. Wype\u0142nij formularz kontaktowy na naszej stronie internetowej, a my zorganizujemy spotkanie lub zdzwonimy si\u0119 z kolegami w celu om\u00f3wienia twoich potrzeb. Czekamy na mo\u017cliwo\u015bci pom\u00f3c ci osi\u0105gn\u0105\u0107 swoje cele w zakresie zgodno\u015bci z przepisami z pomoc\u0105 indywidualnych rozwi\u0105za\u0144, kt\u00f3re pasuj\u0105 w\u0142a\u015bnie do ciebie.<\/p>\n<p>W EINIMED staramy si\u0119 \u015bwiadczy\u0107 fachowe us\u0142ugi w zakresie zgodno\u015bci z przepisami, kt\u00f3re przyczyniaj\u0105 si\u0119 do sukcesu. Pozw\u00f3l nam pom\u00f3c ci w poruszaniu si\u0119 w normatywno-prawnej i upewni\u0107 si\u0119, \u017ce twoje produkty spe\u0142niaj\u0105 wszystkie niezb\u0119dne normy. Skontaktuj si\u0119 z nami pod adresem info@einimed.eu.<\/p>\n<!-- \/wp:paragraph -->\t\t\t\t\t\t<\/div>\n\t\t\t\t<\/div>\n\t\t\t\t\t<\/div>\n\t\t\t\t<\/div>\n\t\t\t\t<\/div>","protected":false},"excerpt":{"rendered":"<p>Ensure Compliance with Expert Regulatory Guidance Comprehensive Regulatory Compliance Services At , we understand the critical importance of adhering to<\/p>","protected":false},"author":1,"featured_media":0,"parent":0,"menu_order":0,"comment_status":"closed","ping_status":"closed","template":"","meta":{"footnotes":""},"class_list":["post-15766","page","type-page","status-publish","hentry"],"_links":{"self":[{"href":"https:\/\/einimed.eu\/pl\/wp-json\/wp\/v2\/pages\/15766"}],"collection":[{"href":"https:\/\/einimed.eu\/pl\/wp-json\/wp\/v2\/pages"}],"about":[{"href":"https:\/\/einimed.eu\/pl\/wp-json\/wp\/v2\/types\/page"}],"author":[{"embeddable":true,"href":"https:\/\/einimed.eu\/pl\/wp-json\/wp\/v2\/users\/1"}],"replies":[{"embeddable":true,"href":"https:\/\/einimed.eu\/pl\/wp-json\/wp\/v2\/comments?post=15766"}],"version-history":[{"count":6,"href":"https:\/\/einimed.eu\/pl\/wp-json\/wp\/v2\/pages\/15766\/revisions"}],"predecessor-version":[{"id":15902,"href":"https:\/\/einimed.eu\/pl\/wp-json\/wp\/v2\/pages\/15766\/revisions\/15902"}],"wp:attachment":[{"href":"https:\/\/einimed.eu\/pl\/wp-json\/wp\/v2\/media?parent=15766"}],"curies":[{"name":"wp","href":"https:\/\/api.w.org\/{rel}","templated":true}]}}