{"id":15757,"date":"2024-07-27T22:44:54","date_gmt":"2024-07-27T22:44:54","guid":{"rendered":"http:\/\/192.168.13.40\/?page_id=15757"},"modified":"2024-07-28T22:49:32","modified_gmt":"2024-07-28T22:49:32","slug":"join-our-team","status":"publish","type":"page","link":"https:\/\/einimed.eu\/pl\/dolacz-do-naszego-zespolu\/","title":{"rendered":"Do\u0142\u0105cz do Naszego Zespo\u0142u"},"content":{"rendered":"<div data-elementor-type=\"wp-page\" data-elementor-id=\"15757\" class=\"elementor elementor-15757\" data-elementor-post-type=\"page\">\n\t\t\t\t<div class=\"wd-negative-gap elementor-element elementor-element-ce980c6 e-flex e-con-boxed e-con e-parent\" data-id=\"ce980c6\" data-element_type=\"container\">\n\t\t\t\t\t<div class=\"e-con-inner\">\n\t\t\t\t<div class=\"elementor-element elementor-element-18cd73d wd-width-100 elementor-widget elementor-widget-wd_title\" data-id=\"18cd73d\" data-element_type=\"widget\" data-widget_type=\"wd_title.default\">\n\t\t\t\t<div class=\"elementor-widget-container\">\n\t\t\t\t\t<div class=\"title-wrapper set-mb-s reset-last-child wd-title-color-default wd-title-style-default wd-title-size-default text-center\">\n\n\t\t\t\t\t\t\t<div class=\"title-subtitle subtitle-color-default subtitle-style-default wd-fontsize-xs\">\n\t\t\t\t\tB\u0105d\u017a cz\u0119\u015bci\u0105 innowacji i doskona\u0142o\u015bci\t\t\t\t<\/div>\n\t\t\t\n\t\t\t<div class=\"liner-continer\">\n\t\t\t\t<h4 class=\"woodmart-title-container title wd-fontsize-l\">Rozwijaj si\u0119 razem z nami: Do\u0142\u0105cz do naszego zespo\u0142u<\/h4> \n\t\t\t\t\t\t\t<\/div>\n\n\t\t\t\t\t\t\t<div class=\"title-after_title set-cont-mb-s reset-last-child wd-fontsize-xs\">\n\t\t\t\t\t<p>W EINIMED zawsze szukamy entuzjastycznych i zaanga\u017cowanych specjalist\u00f3w, kt\u00f3rzy mogliby do\u0142\u0105czy\u0107 do naszego dynamicznego zespo\u0142u. Je\u015bli jeste\u015b entuzjastycznie nastawiony do rozwoju opieki zdrowotnej i udzielania rzeczywistego wp\u0142ywu, zapraszamy ci\u0119 zbada\u0107 nasze mo\u017cliwo\u015bci rozwoju kariery.<\/p>\t\t\t\t<\/div>\n\t\t\t\t\t<\/div>\n\t\t\t\t<\/div>\n\t\t\t\t<\/div>\n\t\t\t\t<div class=\"elementor-element elementor-element-80e66ab elementor-widget elementor-widget-wd_text_block\" data-id=\"80e66ab\" data-element_type=\"widget\" data-widget_type=\"wd_text_block.default\">\n\t\t\t\t<div class=\"elementor-widget-container\">\n\t\t\t\t\t<div class=\"wd-text-block reset-last-child text-left\">\n\t\t\t\n\t\t\t<h3>Dlaczego warto z Nami Pracowa\u0107?<\/h3><h4>D\u0105\u017cenie do Doskona\u0142o\u015bci<\/h4><p>W EINIMED jeste\u015bmy dumni z naszym d\u0105\u017ceniem do doskona\u0142o\u015bci we wszystkich aspektach naszej dzia\u0142alno\u015bci. Staramy si\u0119 zapewni\u0107 naszym klientom technologie medyczne i us\u0142ugi najwy\u017cszej jako\u015bci i poszukujemy cz\u0142onk\u00f3w zespo\u0142u, kt\u00f3rzy podzielaj\u0105 nasze zaanga\u017cowanie wybitnych wynik\u00f3w.<\/p><h4>Innowacje i wzrost<\/h4><p>Znajdujemy si\u0119 w czo\u0142\u00f3wce innowacji w obszarze technologii medycznych. Nasz zesp\u00f3\u0142 ci\u0105gle uczy si\u0119 nowych pomys\u0142\u00f3w i rozwi\u0105za\u0144 w celu poprawy opieki medycznej. Przy\u0142\u0105czaj\u0105c si\u0119 do nas, dostaniesz mo\u017cliwo\u015b\u0107 pracy z zaawansowanymi technologiami i wnie\u015b\u0107 sw\u00f3j wk\u0142ad w innowacyjne osi\u0105gni\u0119cia w dziedzinie medycyny.<\/p><h4>\u015arodowisko do pracy zespo\u0142owej<\/h4><p>Wierzymy w tworzenie wsp\u00f3lnej i wspieraj\u0105cego \u015brodowiska pracy, w kt\u00f3rym ka\u017cdy cz\u0142onek zespo\u0142u mo\u017ce si\u0119 rozwija\u0107. Nasza kultura promuje prac\u0119 zespo\u0142ow\u0105, ci\u0105g\u0142e szkolenia i rozw\u00f3j zawodowy. Cenimy r\u00f3\u017cne perspektywy i staramy si\u0119 stworzy\u0107 integracyjny system miejsce pracy.<\/p><h4>Rozw\u00f3j Zawodowy<\/h4><p>Tw\u00f3j wzrost jest dla nas wa\u017cny. Oferujemy szeroki wachlarz mo\u017cliwo\u015bci rozwoju zawodowego, w tym szkolenia, warsztaty i doradztwo. W EINIMED masz zasoby i wsparcie potrzebne do awansu zawodowego i osi\u0105gni\u0119cia swoich cel\u00f3w zawodowych.<\/p><hr \/><h3>Mo\u017cliwo\u015bci rozwoju kariery<\/h3><p>Oferujemy wiele mo\u017cliwo\u015bci rozwoju kariery w r\u00f3\u017cnych obszarach naszej dzia\u0142alno\u015bci:<\/p><ul><li><strong>Sprzeda\u017c i marketing:<\/strong> Pom\u00f3\u017c nam poszerzy\u0107 zasi\u0119g i promowa\u0107 nasze innowacyjne produkty w\u015br\u00f3d pracownik\u00f3w s\u0142u\u017cby zdrowia.<\/li><li><strong>In\u017cynieryjno-Techniczna:<\/strong> Pracuj nad rozwojem i utrzymaniem w dobrym stanie naszych zaawansowanych technologii medycznych.<\/li><li><strong>Normatywne pytania:<\/strong> Upewnij si\u0119, \u017ce nasze produkty spe\u0142niaj\u0105 wszelkie normy i standardy.<\/li><li><strong>Obs\u0142uga klienta:<\/strong> Miejcie wyj\u0105tkow\u0105 obs\u0142ug\u0119 naszych klient\u00f3w i pom\u00f3c im jak najlepiej wykorzysta\u0107 nasze produkty.<\/li><li><strong>Administracja i operacji:<\/strong> Utrzymanie skuteczne prowadzenie naszej dzia\u0142alno\u015bci za pomoc\u0105 swoich umiej\u0119tno\u015bci organizacyjnych.<\/li><\/ul><hr \/><h3>Jak si\u0119 ubiega\u0107<\/h3><p>Je\u015bli jeste\u015b gotowy, aby do\u0142\u0105czy\u0107 do zespo\u0142u, kt\u00f3ry stara si\u0119 zmieni\u0107 sytuacj\u0119 w opiece zdrowotnej, chcemy us\u0142ysze\u0107 wasze zdanie. Oto jak mo\u017cna ubiega\u0107 si\u0119:<\/p><ol><li><strong>Poznaj Mo\u017cliwo\u015bci:<\/strong> Odwied\u017a nasz\u0105 stron\u0119 kariery, aby zapozna\u0107 si\u0119 z aktualnymi ofertami pracy.<\/li><li><strong>Prze\u015blij Swoje o\u015bwiadczenie:<\/strong> Z\u0142\u00f3\u017c wniosek online, wysy\u0142aj\u0105c swoje cv i list motywacyjny wraz z dok\u0142adnym opisem kwalifikacji i zaanga\u017cowania na danym stanowisku.<\/li><li><strong>Proces rozmowy kwalifikacyjnej:<\/strong> Je\u015bli wniosek przejdzie w kr\u00f3tk\u0105 list\u0119, nasz dzia\u0142 kadr skontaktuje si\u0119 z pa\u0144stwem, aby um\u00f3wi\u0107 si\u0119 na rozmow\u0119 kwalifikacyjn\u0105. Mo\u017cemy sp\u0119dzi\u0107 kilka rund kwalifikacyjnych, aby zapewni\u0107 zgodno\u015b\u0107 z przepisami.<\/li><li><strong>Do\u0142\u0105cz do Naszego Zespo\u0142u:<\/strong> Wybrani kandydaci otrzymaj\u0105 oferty i do\u0142\u0105cz\u0105 do nas w naszej misji rozwoju opieki zdrowotnej.<\/li><\/ol><hr \/><h3>Skontaktuj si\u0119 z nami<\/h3><p>W przypadku jakichkolwiek pyta\u0144 dotycz\u0105cych mo\u017cliwo\u015bci rozwoju zawodowego w EINIMED, prosz\u0119 zwr\u00f3ci\u0107 si\u0119 do naszego dzia\u0142u kadr:<\/p><ul><li><strong>E-mail:<\/strong> info@einimed.eu<\/li><\/ul><hr \/><h3>Co M\u00f3wi\u0105 Nasi Pracownicy<\/h3><p>\"Praca w EINIMED by\u0142a do\u015bwiadczeniem transformacyjnym. \u015arodowisko wsp\u00f3\u0142pracy i zaanga\u017cowanie na rzecz innowacji pozwoli\u0142y mi rozwija\u0107 si\u0119 zar\u00f3wno osobi\u015bcie, jak i zawodowo\". - [Nazwa pracownika], [stanowisko]<\/p><hr \/><h3>Do\u0142\u0105cz do Nas ju\u017c Dzi\u015b<\/h3><p>Zosta\u0144 cz\u0119\u015bci\u0105 EINIMED i z\u0142\u00f3\u017c sw\u00f3j wk\u0142ad w przysz\u0142o\u015b\u0107 opieki zdrowotnej. Poznaj nasze mo\u017cliwo\u015bci rozwoju kariery i zr\u00f3b kolejny krok na swojej zawodowej drodze razem z nami.<\/p><p>Dzi\u0119kujemy za to, \u017ce my\u015bli pan o karierze w EINIMED. Czekamy na przyj\u0119cie do naszego zespo\u0142u.<\/p>\n\t\t\t\t\t<\/div>\n\t\t\t\t<\/div>\n\t\t\t\t<\/div>\n\t\t\t\t\t<\/div>\n\t\t\t\t<\/div>\n\t\t\t\t<\/div>","protected":false},"excerpt":{"rendered":"<p>Be a Part of Innovation and Excellence Grow with Us: Join Our Team At , we are always looking for<\/p>","protected":false},"author":1,"featured_media":0,"parent":0,"menu_order":0,"comment_status":"closed","ping_status":"closed","template":"","meta":{"footnotes":""},"class_list":["post-15757","page","type-page","status-publish","hentry"],"_links":{"self":[{"href":"https:\/\/einimed.eu\/pl\/wp-json\/wp\/v2\/pages\/15757"}],"collection":[{"href":"https:\/\/einimed.eu\/pl\/wp-json\/wp\/v2\/pages"}],"about":[{"href":"https:\/\/einimed.eu\/pl\/wp-json\/wp\/v2\/types\/page"}],"author":[{"embeddable":true,"href":"https:\/\/einimed.eu\/pl\/wp-json\/wp\/v2\/users\/1"}],"replies":[{"embeddable":true,"href":"https:\/\/einimed.eu\/pl\/wp-json\/wp\/v2\/comments?post=15757"}],"version-history":[{"count":6,"href":"https:\/\/einimed.eu\/pl\/wp-json\/wp\/v2\/pages\/15757\/revisions"}],"predecessor-version":[{"id":15966,"href":"https:\/\/einimed.eu\/pl\/wp-json\/wp\/v2\/pages\/15757\/revisions\/15966"}],"wp:attachment":[{"href":"https:\/\/einimed.eu\/pl\/wp-json\/wp\/v2\/media?parent=15757"}],"curies":[{"name":"wp","href":"https:\/\/api.w.org\/{rel}","templated":true}]}}