{"id":16924,"date":"2024-08-29T16:49:57","date_gmt":"2024-08-29T16:49:57","guid":{"rendered":"https:\/\/einimed.eu\/?post_type=product&#038;p=16924"},"modified":"2024-09-02T05:11:24","modified_gmt":"2024-09-02T05:11:24","slug":"tutom200e-8s-portable-flat-panel-detector","status":"publish","type":"product","link":"https:\/\/einimed.eu\/de\/shop\/tutom200e-8s-tragbarer-flachbildschirm\/","title":{"rendered":"TUTOM200E-8S Portable Flat Panel Detektor"},"content":{"rendered":"<h3><strong>TUTOM200E-8S 8A Portable Flat Panel Detector &amp; #8211; Precision Imaging for Modern Healthcare<\/strong><\/h3>\n<p>Schritt in die Zukunft der radiographischen Bildgebung mit dem TUTOM200E-8S 8A Portable Flat Panel Detector von SONTU. Entwickelt, um hervorragende Bildqualit\u00e4t und betriebliche Effizienz zu liefern, ist dieser fortschrittliche Detektor ein wesentliches Werkzeug f\u00fcr medizinische Fachkr\u00e4fte, die eine hohe Leistung in einem kompakten und tragbaren Formfaktor suchen.<\/p>\n<p><strong>Schl\u00fcsselmerkmale:<\/strong><\/p>\n<ul>\n<li><strong>Hochaufl\u00f6sende Bildgebung<\/strong>\n<ul>\n<li>Ausgestattet mit modernster digitaler Bildgebungstechnologie erfasst der TUTOM200E-8S 8A ultraklare, hochaufl\u00f6sende Bilder und unterst\u00fctzt genaue Diagnosen.<\/li>\n<li>Schnelle Bildaufnahme reduziert die Wartezeit des Patienten und verbessert die Workflow-Effizienz.<\/li>\n<\/ul>\n<\/li>\n<li><strong>Tragbares und dauerhaftes Design<\/strong>\n<ul>\n<li>Leicht und robust, dieser Detektor ist f\u00fcr die Mobilit\u00e4t gebaut, so dass er ideal f\u00fcr eine breite Palette von klinischen Umgebungen, von Notr\u00e4umen bis Feldbetrieb.<\/li>\n<li>Langlebige Konstruktion sorgt f\u00fcr langfristige Zuverl\u00e4ssigkeit, auch in anspruchsvollen Gesundheitseinstellungen.<\/li>\n<\/ul>\n<\/li>\n<li><strong>Digitale Verbindung erweitert<\/strong>\n<ul>\n<li>Nahtlos integriert sich mit bestehenden PACS-Systemen und Radiographie-Setups und bietet optimierte Daten\u00fcbertragungs- und Speicherm\u00f6glichkeiten.<\/li>\n<li>Drahtlose Kommunikationsm\u00f6glichkeiten f\u00fcr eine verbesserte Flexibilit\u00e4t und einfache Nutzung in verschiedenen medizinischen Einstellungen.<\/li>\n<\/ul>\n<\/li>\n<li><strong>Benutzerfreundliche Bedienung<\/strong>\n<ul>\n<li>Intuitive Schnittstelle f\u00fcr einfache Bedienung konzipiert, die Lernkurve f\u00fcr neue Benutzer zu minimieren.<\/li>\n<li>Umfassende Software-Suite enthalten, mit fortschrittlichen Bildverarbeitungs-Tools und anpassbaren Einstellungen, um bestimmte diagnostische Bed\u00fcrfnisse zu erf\u00fcllen.<\/li>\n<\/ul>\n<\/li>\n<\/ul>\n<p><strong>Verbesserte klinische Leistung<\/strong><\/p>\n<p>Die TUTOM200E-8S 8A liefert pr\u00e4zise, konsequente Ergebnisse, die Gesundheitsexperten vertrauen k\u00f6nnen. Seine \u00fcberlegenen bildgebenden F\u00e4higkeiten und das nutzerzentrierte Design machen es zu einem wertvollen Vorteil in jeder klinischen Umgebung, um eine hochwertige Pflege und verbesserte Patientenergebnisse zu gew\u00e4hrleisten.<\/p>","protected":false},"excerpt":{"rendered":"<p>Der TUTOM200E-8S 8A von SONTU ist ein tragbarer Flachbildschirm-Detektor, der eine schnelle und genaue Bildaufnahme bietet, die f\u00fcr Vielseitigkeit in der medizinischen Bildgebung konzipiert ist. Es kombiniert hohe Leistung mit benutzerfreundlicher Bedienung und ist damit ideal f\u00fcr vielf\u00e4ltige radiografische Anwendungen.<\/p>","protected":false},"featured_media":16921,"comment_status":"open","ping_status":"closed","template":"","meta":[],"product_cat":[86,72],"product_tag":[238],"class_list":{"0":"post-16924","1":"product","2":"type-product","3":"status-publish","4":"has-post-thumbnail","6":"product_cat-veterinary","7":"product_cat-x-ray","8":"product_tag-sontu","10":"first","11":"onbackorder","12":"featured","13":"shipping-taxable","14":"purchasable","15":"product-type-simple"},"_links":{"self":[{"href":"https:\/\/einimed.eu\/de\/wp-json\/wp\/v2\/product\/16924"}],"collection":[{"href":"https:\/\/einimed.eu\/de\/wp-json\/wp\/v2\/product"}],"about":[{"href":"https:\/\/einimed.eu\/de\/wp-json\/wp\/v2\/types\/product"}],"replies":[{"embeddable":true,"href":"https:\/\/einimed.eu\/de\/wp-json\/wp\/v2\/comments?post=16924"}],"version-history":[{"count":1,"href":"https:\/\/einimed.eu\/de\/wp-json\/wp\/v2\/product\/16924\/revisions"}],"predecessor-version":[{"id":16925,"href":"https:\/\/einimed.eu\/de\/wp-json\/wp\/v2\/product\/16924\/revisions\/16925"}],"wp:featuredmedia":[{"embeddable":true,"href":"https:\/\/einimed.eu\/de\/wp-json\/wp\/v2\/media\/16921"}],"wp:attachment":[{"href":"https:\/\/einimed.eu\/de\/wp-json\/wp\/v2\/media?parent=16924"}],"wp:term":[{"taxonomy":"product_cat","embeddable":true,"href":"https:\/\/einimed.eu\/de\/wp-json\/wp\/v2\/product_cat?post=16924"},{"taxonomy":"product_tag","embeddable":true,"href":"https:\/\/einimed.eu\/de\/wp-json\/wp\/v2\/product_tag?post=16924"}],"curies":[{"name":"wp","href":"https:\/\/api.w.org\/{rel}","templated":true}]}}