{"id":16916,"date":"2024-08-29T13:49:54","date_gmt":"2024-08-29T13:49:54","guid":{"rendered":"https:\/\/einimed.eu\/?post_type=product&#038;p=16916"},"modified":"2024-09-02T05:10:56","modified_gmt":"2024-09-02T05:10:56","slug":"vicor-cv-swift-medical-angiography-x-ray-system","status":"publish","type":"product","link":"https:\/\/einimed.eu\/de\/shop\/vicor-cv-schnelle-medizinische-angiographie-rontgensystem\/","title":{"rendered":"Vicor-CV SWIFT Medizinische Angiographie R\u00f6ntgensystem"},"content":{"rendered":"<h3><strong>Vicor-CV SWIFT Medizinische Angiographie R\u00f6ntgensystem<\/strong><\/h3>\n<p>Das Vicor-CV SWIFT ist ein hochmodernes medizinisches Angiographie-R\u00f6ntgensystem, das unabh\u00e4ngig von Lepu Medical Equipment (Beijing) Co., Ltd. entwickelt wurde. Mit \u00fcber 30 Jahren Erfahrung in der Herstellung bietet dieses System eine hochaufl\u00f6sende und stabile Abbildung, um genaue und effiziente klinische Diagnosen zu unterst\u00fctzen. Das System ist mit einem digitalen Flachbildschirm-Detektor, mehreren Panel-Modellen ausgestattet und bietet eine Aufl\u00f6sung von bis zu 1956\u00d71956. Es verf\u00fcgt auch \u00fcber eine langlebige 3,0M W\u00e4rmekapazit\u00e4t R\u00f6ntgenr\u00f6hre, die eine dauerhafte und stabile Lebensdauer gew\u00e4hrleistet. Die Vicor-CV SWIFT ist mit fortschrittlichen Strahlenschutzfunktionen und benutzerfreundlichen Softwaresystemen f\u00fcr einen sicheren und sicheren Betrieb in allen Abteilungen konzipiert.<\/p>","protected":false},"excerpt":{"rendered":"<p>Das Vicor-CV SWIFT ist ein fortschrittliches medizinisches Angiographie-R\u00f6ntgensystem von Lepu Medical und bietet hochaufl\u00f6sende Bildgebung, langlebige Leistung und robuste Sicherheitsfunktionen. Es ist ideal f\u00fcr umfassende Herz-Kreislauf- und periphere Gef\u00e4\u00dfdiagnostik.<\/p>","protected":false},"featured_media":16915,"comment_status":"open","ping_status":"closed","template":"","meta":[],"product_cat":[72],"product_tag":[245],"class_list":{"0":"post-16916","1":"product","2":"type-product","3":"status-publish","4":"has-post-thumbnail","6":"product_cat-x-ray","7":"product_tag-lepu-medical","9":"first","10":"onbackorder","11":"featured","12":"shipping-taxable","13":"purchasable","14":"product-type-simple"},"_links":{"self":[{"href":"https:\/\/einimed.eu\/de\/wp-json\/wp\/v2\/product\/16916"}],"collection":[{"href":"https:\/\/einimed.eu\/de\/wp-json\/wp\/v2\/product"}],"about":[{"href":"https:\/\/einimed.eu\/de\/wp-json\/wp\/v2\/types\/product"}],"replies":[{"embeddable":true,"href":"https:\/\/einimed.eu\/de\/wp-json\/wp\/v2\/comments?post=16916"}],"version-history":[{"count":2,"href":"https:\/\/einimed.eu\/de\/wp-json\/wp\/v2\/product\/16916\/revisions"}],"predecessor-version":[{"id":16918,"href":"https:\/\/einimed.eu\/de\/wp-json\/wp\/v2\/product\/16916\/revisions\/16918"}],"wp:featuredmedia":[{"embeddable":true,"href":"https:\/\/einimed.eu\/de\/wp-json\/wp\/v2\/media\/16915"}],"wp:attachment":[{"href":"https:\/\/einimed.eu\/de\/wp-json\/wp\/v2\/media?parent=16916"}],"wp:term":[{"taxonomy":"product_cat","embeddable":true,"href":"https:\/\/einimed.eu\/de\/wp-json\/wp\/v2\/product_cat?post=16916"},{"taxonomy":"product_tag","embeddable":true,"href":"https:\/\/einimed.eu\/de\/wp-json\/wp\/v2\/product_tag?post=16916"}],"curies":[{"name":"wp","href":"https:\/\/api.w.org\/{rel}","templated":true}]}}