{"id":16899,"date":"2024-08-29T13:19:18","date_gmt":"2024-08-29T13:19:18","guid":{"rendered":"https:\/\/einimed.eu\/?post_type=product&#038;p=16899"},"modified":"2024-08-29T14:10:51","modified_gmt":"2024-08-29T14:10:51","slug":"lepu-sp-20-handheld-pulse-oximeter-with-spo2-and-temperature-monitoring","status":"publish","type":"product","link":"https:\/\/einimed.eu\/de\/shop\/lepu-sp-20-handpulsoximeter-mit-spo2-und-temperaturuberwachung\/","title":{"rendered":"Lepu SP-20 Handheld Puls-Oximeter mit SpO2 und Temperatur\u00fcberwachung"},"content":{"rendered":"<h3><strong>Lepu SP-20 Handheld Puls-Oximeter mit SpO2 und Temperatur\u00fcberwachung<\/strong><\/h3>\n<p>Der Lepu SP-20 ist ein vielseitiges Handpulsoximeter, das f\u00fcr die kontinuierliche oder Punkt-Check-\u00dcberwachung von SpO2, Pulsrate und Temperatur ausgelegt ist. Mit einem 3,5-Zoll-Farb-TFT-Display unterst\u00fctzt das Ger\u00e4t adulte, p\u00e4diatrische und neonate Messungen und sorgt f\u00fcr Usability in allen Patienten demographics. Es bietet eine Akkulaufzeit von bis zu 18 Stunden und kann bis zu 500 Stunden SpO2-Daten speichern, so dass es sowohl f\u00fcr Krankenhaus- als auch f\u00fcr Heimpflege-Einstellungen zuverl\u00e4ssig ist. Die SP-20\u2019s leichtes Design und intuitive Schnittstelle machen es einfach zu bedienen, w\u00e4hrend seine fortschrittlichen Sensoren f\u00fcr genaue Messwerte f\u00fcr alle Hautpigmentierungen sorgen.<\/p>","protected":false},"excerpt":{"rendered":"<p>Das Lepu SP-20 ist ein Handpulsoximeter mit einem 3,5-Zoll-TFT-Display, das eine kontinuierliche oder Punkt-Check-\u00dcberwachung von SpO2, Pulsrate und Temperatur bietet. Es ist f\u00fcr alle Patiententypen geeignet und bietet bis zu 18 Stunden Akkulaufzeit und 500 Stunden Datenspeicher.<\/p>","protected":false},"featured_media":16889,"comment_status":"open","ping_status":"closed","template":"","meta":[],"product_cat":[76],"product_tag":[245],"class_list":{"0":"post-16899","1":"product","2":"type-product","3":"status-publish","4":"has-post-thumbnail","6":"product_cat-patient-monitoring","7":"product_tag-lepu-medical","9":"first","10":"onbackorder","11":"shipping-taxable","12":"purchasable","13":"product-type-simple"},"_links":{"self":[{"href":"https:\/\/einimed.eu\/de\/wp-json\/wp\/v2\/product\/16899"}],"collection":[{"href":"https:\/\/einimed.eu\/de\/wp-json\/wp\/v2\/product"}],"about":[{"href":"https:\/\/einimed.eu\/de\/wp-json\/wp\/v2\/types\/product"}],"replies":[{"embeddable":true,"href":"https:\/\/einimed.eu\/de\/wp-json\/wp\/v2\/comments?post=16899"}],"version-history":[{"count":1,"href":"https:\/\/einimed.eu\/de\/wp-json\/wp\/v2\/product\/16899\/revisions"}],"predecessor-version":[{"id":16900,"href":"https:\/\/einimed.eu\/de\/wp-json\/wp\/v2\/product\/16899\/revisions\/16900"}],"wp:featuredmedia":[{"embeddable":true,"href":"https:\/\/einimed.eu\/de\/wp-json\/wp\/v2\/media\/16889"}],"wp:attachment":[{"href":"https:\/\/einimed.eu\/de\/wp-json\/wp\/v2\/media?parent=16899"}],"wp:term":[{"taxonomy":"product_cat","embeddable":true,"href":"https:\/\/einimed.eu\/de\/wp-json\/wp\/v2\/product_cat?post=16899"},{"taxonomy":"product_tag","embeddable":true,"href":"https:\/\/einimed.eu\/de\/wp-json\/wp\/v2\/product_tag?post=16899"}],"curies":[{"name":"wp","href":"https:\/\/api.w.org\/{rel}","templated":true}]}}