{"id":16859,"date":"2024-08-28T21:40:24","date_gmt":"2024-08-28T21:40:24","guid":{"rendered":"https:\/\/einimed.eu\/?post_type=product&#038;p=16859"},"modified":"2024-09-02T05:09:24","modified_gmt":"2024-09-02T05:09:24","slug":"viv-80-color-doppler-ultrasound","status":"publish","type":"product","link":"https:\/\/einimed.eu\/de\/shop\/viv-80-farbdoppler-ultraschall\/","title":{"rendered":"ViV 80 Farbe Doppler Ultraschall"},"content":{"rendered":"<h3><strong>ViV 80 Farbe Doppler Ultraschall<\/strong><\/h3>\n<h4><strong>Craftsmanship Guarding, Pr\u00e4zision mit Geschwindigkeit<\/strong><\/h4>\n<p>Erleben Sie die modernste Technologie und Innovation des ViV 80, einem leistungsstarken, wagenbasierten, Farbdoppler-Ultraschallsystem von Zoncare. Mit der neuesten uSeed Metadaten ultra-schnelle Bildgebungstechnologie und ausgestattet mit Dual-Prozessor CPU+GPU heterogenen Computing, bietet die ViV 80 hervorragende Bildgebungsqualit\u00e4t und beispiellose Reaktionsf\u00e4higkeit.<\/p>\n<h4><strong>Schl\u00fcsselmerkmale<\/strong><\/h4>\n<p><strong>Advanced Single-Crystal Multi-Matching Layer Sonden:<\/strong><\/p>\n<ul>\n<li><strong>Enhanced Imaging F\u00e4higkeiten:<\/strong> Bietet breitere Bandbreite, st\u00e4rkere Penetration und h\u00f6here Aufl\u00f6sung f\u00fcr genaue Diagnosen.<\/li>\n<li><strong>Dedizierte Sonden f\u00fcr spezifische Bed\u00fcrfnisse:<\/strong> Inklusive einer reinen Wellen-Einkristallsonde und einer breitbandigen Hochfrequenzsonde, die sich auf die Brust- und Schilddr\u00fcsenabbildung spezialisiert hat und eine pr\u00e4zise Gewebedarstellung gew\u00e4hrleistet.<\/li>\n<\/ul>\n<p><strong>Benutzerfreundliche Steuerung:<\/strong><\/p>\n<ul>\n<li><strong>Ergonomisches Design:<\/strong> Intuitive und benutzerfreundliche Bedienelemente f\u00fcr den nahtlosen Betrieb.<\/li>\n<li><strong>Effizienter Workflow:<\/strong> Optimiert f\u00fcr einen schnellen und effizienten klinischen Einsatz, wodurch die Erm\u00fcdung des Bedieners reduziert wird.<\/li>\n<\/ul>\n<h4><strong>Produktvorteile<\/strong><\/h4>\n<p>Die ViV 80 ist eine vielseitige und leistungsf\u00e4hige L\u00f6sung, die fortschrittliche Technologie und benutzerfreundliches Design vereint. Mit seiner hochmodernen Plattform verbessert die ViV 80 die Diagnosegenauigkeit, insbesondere f\u00fcr herausfordernde F\u00e4lle, und liefert klare, detaillierte Bilder.<\/p>\n<h4><strong>Advanced Imaging Technologies<\/strong><\/h4>\n<p>Die ViV 80 umfasst eine umfassende Palette von bildgebenden Technologien, die die klinische Effizienz deutlich steigern und die diagnostischen F\u00e4higkeiten verbessern:<\/p>\n<ul>\n<li><strong>Echtzeit-Elastographie:<\/strong> Bietet quantitative Bewertung der Gewebeelastizit\u00e4t, entscheidend zur Identifizierung von weichen und harten L\u00e4sionen.<\/li>\n<li><strong>3D Spectral Imaging:<\/strong> Liefert pr\u00e4zise Flussberechnungen mit Multi-Sampling-Gate dreidimensionale Doppler-Spektrum-Technologie.<\/li>\n<li><strong>Nichtlinear parametrisch Bild:<\/strong> Erleichtert die Identifizierung von Lebererkrankungen durch quantitative Abbildung nichtlinearer Gewebeparameter.<\/li>\n<li><strong>Harmonic Fusion Imaging:<\/strong> Kombiniert hochdetail-Aufl\u00f6sung mit tiefem Eindringen f\u00fcr insgesamt verbesserte Bildqualit\u00e4t.<\/li>\n<\/ul>\n<p>Lassen Sie die Zukunft der diagnostischen Bildgebung mit dem ViV 80 ein, wo die Geschwindigkeit Pr\u00e4zision erf\u00fcllt und die h\u00f6chste Qualit\u00e4t f\u00fcr Ihre Patienten gew\u00e4hrleistet. Die ViV 80, ausgestattet mit zwei fortschrittlichen Sonden, renoviert, was in der Ultraschall-Bildgebung m\u00f6glich ist, bietet eine unvergleichliche Klarheit und Detail f\u00fcr eine breite Palette von klinischen Anwendungen.<\/p>","protected":false},"excerpt":{"rendered":"<p>ViV 80 Farbe Doppler Ultraschall &amp; #8211; Ein hochleistungsf\u00e4higes Ultraschallsystem mit fortschrittlicher uSeed Bildgebungstechnologie und CPU+GPU Dual-Prozessor f\u00fcr unvergleichliche Pr\u00e4zision und Geschwindigkeit. Enth\u00e4lt zwei spezialisierte Sonden f\u00fcr Brust, Schilddr\u00fcse und mehr. Perfekt f\u00fcr moderne diagnostische Bed\u00fcrfnisse.<\/p>","protected":false},"featured_media":16858,"comment_status":"open","ping_status":"closed","template":"","meta":[],"product_cat":[71],"product_tag":[244],"class_list":{"0":"post-16859","1":"product","2":"type-product","3":"status-publish","4":"has-post-thumbnail","6":"product_cat-ultrasounds","7":"product_tag-zoncare","9":"first","10":"onbackorder","11":"featured","12":"shipping-taxable","13":"purchasable","14":"product-type-simple"},"_links":{"self":[{"href":"https:\/\/einimed.eu\/de\/wp-json\/wp\/v2\/product\/16859"}],"collection":[{"href":"https:\/\/einimed.eu\/de\/wp-json\/wp\/v2\/product"}],"about":[{"href":"https:\/\/einimed.eu\/de\/wp-json\/wp\/v2\/types\/product"}],"replies":[{"embeddable":true,"href":"https:\/\/einimed.eu\/de\/wp-json\/wp\/v2\/comments?post=16859"}],"version-history":[{"count":2,"href":"https:\/\/einimed.eu\/de\/wp-json\/wp\/v2\/product\/16859\/revisions"}],"predecessor-version":[{"id":16865,"href":"https:\/\/einimed.eu\/de\/wp-json\/wp\/v2\/product\/16859\/revisions\/16865"}],"wp:featuredmedia":[{"embeddable":true,"href":"https:\/\/einimed.eu\/de\/wp-json\/wp\/v2\/media\/16858"}],"wp:attachment":[{"href":"https:\/\/einimed.eu\/de\/wp-json\/wp\/v2\/media?parent=16859"}],"wp:term":[{"taxonomy":"product_cat","embeddable":true,"href":"https:\/\/einimed.eu\/de\/wp-json\/wp\/v2\/product_cat?post=16859"},{"taxonomy":"product_tag","embeddable":true,"href":"https:\/\/einimed.eu\/de\/wp-json\/wp\/v2\/product_tag?post=16859"}],"curies":[{"name":"wp","href":"https:\/\/api.w.org\/{rel}","templated":true}]}}