{"id":16524,"date":"2024-07-31T18:15:29","date_gmt":"2024-07-31T18:15:29","guid":{"rendered":"http:\/\/192.168.13.40\/?post_type=product&#038;p=16524"},"modified":"2024-09-03T20:05:11","modified_gmt":"2024-09-03T20:05:11","slug":"color-doppler-high-end-ultrasound-apogee-6500","status":"publish","type":"product","link":"https:\/\/einimed.eu\/de\/shop\/apogee-6500-high-end-ultraschallsystem\/","title":{"rendered":"Color Doppler High-end Ultrasound Apogee 6500"},"content":{"rendered":"<p><strong>Apogee 6500 High-End Ultraschallsystem<\/strong><\/p>\n<p>Revolutionieren Sie die klinische Entscheidungsfindung mit der Apogee 6500. Mit RealView+ ausgestattet, bietet dieses High-End-Ultraschallsystem Erfahrungen und L\u00f6sungen auf der n\u00e4chsten Ebene, um diagnostische Herausforderungen zu bew\u00e4ltigen. Verbesserte Scaneffizienz, fortschrittliche Bildgebungstechnologie und ein optimierter Workflow sorgen f\u00fcr eine \u00fcberlegene Bildqualit\u00e4t und Benutzerkomfort.<\/p>\n<p><strong>Schl\u00fcsselmerkmale<\/strong><\/p>\n<p><strong>Real View+:<\/strong><br \/>\nRealView+ unterst\u00fctzt mit einem innovativen Algorithmus die Scaneffizienz und das benutzerfreundliche Engagement. Die Plattform erm\u00f6glicht eine bildgebende Erfahrung und L\u00f6sungen auf der n\u00e4chsten Ebene, um diagnostische Anforderungen zu erf\u00fcllen.<\/p>\n<p><strong>Pixel Echo Zone (PEZ):<\/strong><br \/>\nBei der breitbandigen Bildverarbeitung sammelt das System automatisch Echoinformationen durch eine gr\u00f6\u00dfere Verarbeitungszone, um die Akquisitionseffizienz und Rechengeschwindigkeit zu erh\u00f6hen. Erh\u00f6hte Bildrahmenrate erleichtert ein besseres und schnelleres Diagnoseerlebnis.<\/p>\n<p><strong>Zielfokus:<\/strong><br \/>\nDer Bildfokus im Nah- und Fernfeld erfordert unterschiedliche Signalintensit\u00e4t. Diese aufger\u00fcstete Technologie bietet eine automatische Kompensation der Signal\u00fcbertragung und verbessert die Fokusgenauigkeit und Bildgleichm\u00e4\u00dfigkeit \u00fcber den gesamten Bildbereich.<\/p>\n<p><strong>Gewichtete Fusion (W-Fusion):<\/strong><br \/>\nDynamische Analyse des Doppler-Echospektrums erm\u00f6glicht es dem System, effektive Signale in niedrigen und hochfrequenten Bereichen zu erfassen. Pr\u00e4zise Steuerung und Verschmelzung dieser Signale tragen zu einer optimalen Bildqualit\u00e4t mit einer besseren Kombination von Aufl\u00f6sung und Penetration bei.<\/p>\n<p><strong>Passende Filter:<\/strong><br \/>\nUng\u00fcltige Signale w\u00e4hrend der \u00dcbertragung st\u00f6ren den Abbildungsprozess zwangsl\u00e4ufig. Um diesen Einfluss zu reduzieren, m\u00fcssen g\u00fcltige Signale verst\u00e4rkt werden. Diese Technologie filtert Signale \u00fcber das gesamte Frequenzband in unterschiedlichen Tiefen. Ma\u00dfgeschneiderte Verarbeitung verbessert g\u00fcltige Signale und unterdr\u00fcckt ung\u00fcltige, erh\u00f6ht das S\/N-Verh\u00e4ltnis f\u00fcr besseren Bildkontrast.<\/p>\n<p><strong>Echo Tune:<\/strong><br \/>\nEchtzeit-intellektuelle Analyse bei der breitbandigen Strahlformung erm\u00f6glicht die Selbstabstimmung bei der Energieabgabe und -empfang. Die Bilduniformalit\u00e4t wird verbessert, ohne die Aufl\u00f6sung des Fokusbereichs zu beeintr\u00e4chtigen.<\/p>\n<p><strong>Konvex- und Linearsondenkompatibilit\u00e4t:<\/strong><br \/>\nDer Apogee 6500 ist mit konvexen und linearen Sonden kompatibel und sorgt f\u00fcr vielseitige Anwendung in einer Vielzahl von klinischen Szenarien. Das System unterst\u00fctzt konvexe Sonden f\u00fcr die tiefe Gewebeabbildung und lineare Sonden f\u00fcr oberfl\u00e4chliche Strukturen und bietet eine umfassende Abdeckung f\u00fcr verschiedene diagnostische Bed\u00fcrfnisse. Beide Arten von Sonden profitieren von den fortschrittlichen Bildgebungstechnologien des Systems und gew\u00e4hrleisten eine hohe Aufl\u00f6sung und Gleichm\u00e4\u00dfigkeit unabh\u00e4ngig vom Sondentyp.<\/p>","protected":false},"excerpt":{"rendered":"<p>Revolutionieren Sie die klinische Entscheidungsfindung mit der Apogee 6500. Mit RealView+ ausgestattet, bietet dieses High-End-Ultraschallsystem Erfahrungen und L\u00f6sungen auf der n\u00e4chsten Ebene, um diagnostische Herausforderungen zu bew\u00e4ltigen. Verbesserte Scaneffizienz, fortschrittliche Bildgebungstechnologie und ein optimierter Workflow sorgen f\u00fcr eine \u00fcberlegene Bildqualit\u00e4t und Benutzerkomfort.<\/p>","protected":false},"featured_media":16527,"comment_status":"open","ping_status":"closed","template":"","meta":[],"product_cat":[71],"product_tag":[236],"class_list":{"0":"post-16524","1":"product","2":"type-product","3":"status-publish","4":"has-post-thumbnail","6":"product_cat-ultrasounds","7":"product_tag-siui","9":"first","10":"onbackorder","11":"shipping-taxable","12":"purchasable","13":"product-type-simple"},"_links":{"self":[{"href":"https:\/\/einimed.eu\/de\/wp-json\/wp\/v2\/product\/16524"}],"collection":[{"href":"https:\/\/einimed.eu\/de\/wp-json\/wp\/v2\/product"}],"about":[{"href":"https:\/\/einimed.eu\/de\/wp-json\/wp\/v2\/types\/product"}],"replies":[{"embeddable":true,"href":"https:\/\/einimed.eu\/de\/wp-json\/wp\/v2\/comments?post=16524"}],"version-history":[{"count":4,"href":"https:\/\/einimed.eu\/de\/wp-json\/wp\/v2\/product\/16524\/revisions"}],"predecessor-version":[{"id":17258,"href":"https:\/\/einimed.eu\/de\/wp-json\/wp\/v2\/product\/16524\/revisions\/17258"}],"wp:featuredmedia":[{"embeddable":true,"href":"https:\/\/einimed.eu\/de\/wp-json\/wp\/v2\/media\/16527"}],"wp:attachment":[{"href":"https:\/\/einimed.eu\/de\/wp-json\/wp\/v2\/media?parent=16524"}],"wp:term":[{"taxonomy":"product_cat","embeddable":true,"href":"https:\/\/einimed.eu\/de\/wp-json\/wp\/v2\/product_cat?post=16524"},{"taxonomy":"product_tag","embeddable":true,"href":"https:\/\/einimed.eu\/de\/wp-json\/wp\/v2\/product_tag?post=16524"}],"curies":[{"name":"wp","href":"https:\/\/api.w.org\/{rel}","templated":true}]}}