{"id":16500,"date":"2024-07-31T16:06:07","date_gmt":"2024-07-31T16:06:07","guid":{"rendered":"http:\/\/192.168.13.40\/?post_type=product&#038;p=16500"},"modified":"2024-08-28T19:45:48","modified_gmt":"2024-08-28T19:45:48","slug":"endoscope-image-processor-px-850e","status":"publish","type":"product","link":"https:\/\/einimed.eu\/de\/shop\/endoskop-bildprozessor-px-850e\/","title":{"rendered":"Endoskop Bildprozessor PX-850E"},"content":{"rendered":"<div data-elementor-type=\"product-post\" data-elementor-id=\"16500\" class=\"elementor elementor-16500\" data-elementor-post-type=\"product\">\n\t\t\t\t<div class=\"wd-negative-gap elementor-element elementor-element-df82f6a e-flex e-con-boxed e-con e-parent\" data-id=\"df82f6a\" data-element_type=\"container\">\n\t\t\t\t\t<div class=\"e-con-inner\">\n\t\t\t\t<div class=\"elementor-element elementor-element-c503b36 elementor-widget elementor-widget-wd_text_block\" data-id=\"c503b36\" data-element_type=\"widget\" data-widget_type=\"wd_text_block.default\">\n\t\t\t\t<div class=\"elementor-widget-container\">\n\t\t\t\t\t<div class=\"wd-text-block reset-last-child text-left\">\n\t\t\t\n\t\t\t<p>Erleben Sie mit dem PX-850E Endoskop Image Processor das Wunder der medizinischen Bildgebungstechnologie. Dieses All-in-one-Ger\u00e4t unterst\u00fctzt 3D (FHD), 4K, NIR\/ICG-Bildgebung und macht es zu einem Powerhouse f\u00fcr minimalinvasive Operationen.<\/p><p><strong>Schl\u00fcsselmerkmale:<\/strong><\/p><ul><li><strong>All-in-One Design:<\/strong> Integrierte LED-Lichtquelle und Videorecorder unterst\u00fctzen sowohl 3D- als auch 4K-Videoaufnahme, wodurch Ihr operativer Workflow optimiert wird.<\/li><li><strong>Eingebaute Lichtquelle:<\/strong> Sorgt f\u00fcr eine optimale Ausleuchtung f\u00fcr eine pr\u00e4zise und klare Abbildung w\u00e4hrend der Prozeduren.<\/li><li><strong>Eingebaute 4K\/FHD\/3D Video Recorder:<\/strong> Erfassen Sie hochaufl\u00f6sende Videos m\u00fchelos mit der integrierten Aufnahmefunktionalit\u00e4t.<\/li><li><strong>Hohe Kompatibilit\u00e4t:<\/strong> Unterst\u00fctzt alle PX-850E Plattformkamerak\u00f6pfe, sorgt f\u00fcr eine nahtlose Integration und Flexibilit\u00e4t.<\/li><li><strong>Mehrere Abteilungen Modus:<\/strong> Vielf\u00e4ltige Funktionalit\u00e4t, um eine breite Palette von chirurgischen Anwendungen zu unterst\u00fctzen, die Verfahrenseffizienz zu verbessern.<\/li><li><strong>Mehrfachbildmodus:<\/strong> Wechseln Sie einfach zwischen 2D- und 3D-Bildgebung mit einer Taste, einschlie\u00dflich linker\/rechts- und Hoch-\/Down-Spiegelung, sowie 180\u00b0-Bild-Flipping f\u00fcr umfassende Betrachtungsoptionen.<\/li><li><strong>Typ CF Sicherheitsstufe:<\/strong> Geeignet f\u00fcr Herz- und Brustchirurgen, die Bauchh\u00f6hle\/BF, Brusth\u00f6hle und Bauchh\u00f6hle\/CF f\u00fcr maximale Sicherheit abdecken.<\/li><li><strong>Farbe Reproduktion:<\/strong> BT.2020 Farb-Gamut und hohe Farbtiefe sorgen f\u00fcr eine klare und nat\u00fcrliche Visualisierung, entscheidend f\u00fcr eine detaillierte und genaue chirurgische Abbildung.<\/li><\/ul><p><strong>Zus\u00e4tzliche Spezifikationen:<\/strong><\/p><ul><li><strong>10 Bit, BT.2020 Kompatibel:<\/strong> F\u00fcr einen breiten Farbbereich und pr\u00e4zise Farbdarstellung.<\/li><li><strong>10.1\" Touchscreen:<\/strong> Intuitive und einfach zu bedienende Schnittstelle f\u00fcr einen effizienten Betrieb.<\/li><li><strong>Ultra-Low Delay:<\/strong> Sorgt f\u00fcr Echtzeit-Bildgebung mit minimaler Verz\u00f6gerung.<\/li><li><strong>Automatische Kamerakopf-Identifikation:<\/strong> Vereinfacht die Einrichtung und verbessert die Bedienbarkeit.<\/li><li><strong>PIE Bildverbesserung:<\/strong> Erweiterte Verarbeitung f\u00fcr sch\u00e4rfere, klarere Bilder.<\/li><\/ul><p>Die PX-850E Endoskop Image Processor wird entwickelt, um die h\u00f6chsten Standards der medizinischen Bildgebung zu erf\u00fcllen und bietet eine unvergleichliche Leistung und Zuverl\u00e4ssigkeit f\u00fcr moderne chirurgische Praktiken. Stellen Sie Ihre chirurgische Suite mit den besten in der Klasse, um \u00fcberlegene Ergebnisse f\u00fcr Patienten und Praktizierende.<\/p>\n\t\t\t\t\t<\/div>\n\t\t\t\t<\/div>\n\t\t\t\t<\/div>\n\t\t\t\t\t<\/div>\n\t\t\t\t<\/div>\n\t\t\t\t<\/div>","protected":false},"excerpt":{"rendered":"<p>Die PX-850E Endoskop Image Processor ist eine fortschrittliche All-in-one medizinische Bildgebungsl\u00f6sung, die 3D (FHD), 4K, NIR\/ICG-Bildgebung unterst\u00fctzt. Es verf\u00fcgt \u00fcber eine eingebaute LED-Lichtquelle und Videorekorder, die eine hochwertige Visualisierung und Aufnahme gew\u00e4hrleisten. Mit mehreren Abbildungsmodi, hoher Kompatibilit\u00e4t und verbesserten Sicherheitsstufen ist dieser Prozessor f\u00fcr vielseitige und effiziente Anwendungen in einer Vielzahl von chirurgischen Anwendungen konzipiert. Ideal f\u00fcr Herz- und Thoraxchirurgie, bietet es eine \u00fcberlegene Farbwiedergabe und intuitive Bedienung mit einem 10.1\u2033 Touchscreen und ultra-niedrige Verz\u00f6gerung.<\/p>","protected":false},"featured_media":16537,"comment_status":"open","ping_status":"closed","template":"","meta":[],"product_cat":[73],"product_tag":[240],"class_list":{"0":"post-16500","1":"product","2":"type-product","3":"status-publish","4":"has-post-thumbnail","6":"product_cat-endoscopes","7":"product_tag-proxinse","9":"first","10":"onbackorder","11":"shipping-taxable","12":"purchasable","13":"product-type-simple"},"_links":{"self":[{"href":"https:\/\/einimed.eu\/de\/wp-json\/wp\/v2\/product\/16500"}],"collection":[{"href":"https:\/\/einimed.eu\/de\/wp-json\/wp\/v2\/product"}],"about":[{"href":"https:\/\/einimed.eu\/de\/wp-json\/wp\/v2\/types\/product"}],"replies":[{"embeddable":true,"href":"https:\/\/einimed.eu\/de\/wp-json\/wp\/v2\/comments?post=16500"}],"version-history":[{"count":6,"href":"https:\/\/einimed.eu\/de\/wp-json\/wp\/v2\/product\/16500\/revisions"}],"predecessor-version":[{"id":16508,"href":"https:\/\/einimed.eu\/de\/wp-json\/wp\/v2\/product\/16500\/revisions\/16508"}],"wp:featuredmedia":[{"embeddable":true,"href":"https:\/\/einimed.eu\/de\/wp-json\/wp\/v2\/media\/16537"}],"wp:attachment":[{"href":"https:\/\/einimed.eu\/de\/wp-json\/wp\/v2\/media?parent=16500"}],"wp:term":[{"taxonomy":"product_cat","embeddable":true,"href":"https:\/\/einimed.eu\/de\/wp-json\/wp\/v2\/product_cat?post=16500"},{"taxonomy":"product_tag","embeddable":true,"href":"https:\/\/einimed.eu\/de\/wp-json\/wp\/v2\/product_tag?post=16500"}],"curies":[{"name":"wp","href":"https:\/\/api.w.org\/{rel}","templated":true}]}}