{"id":15979,"date":"2024-07-29T14:21:54","date_gmt":"2024-07-29T14:21:54","guid":{"rendered":"http:\/\/192.168.13.40\/?post_type=product&#038;p=15979"},"modified":"2024-08-28T19:31:44","modified_gmt":"2024-08-28T19:31:44","slug":"dynapower7-saw-handpiece","status":"publish","type":"product","link":"https:\/\/einimed.eu\/de\/shop\/dynapower7-sah-handstuck\/","title":{"rendered":"DynaPower7 S\u00e4gehandst\u00fcck"},"content":{"rendered":"<div data-elementor-type=\"product-post\" data-elementor-id=\"15979\" class=\"elementor elementor-15979\" data-elementor-post-type=\"product\">\n\t\t\t\t<div class=\"wd-negative-gap elementor-element elementor-element-e33954d e-flex e-con-boxed e-con e-parent\" data-id=\"e33954d\" data-element_type=\"container\">\n\t\t\t\t\t<div class=\"e-con-inner\">\n\t\t\t\t<div class=\"elementor-element elementor-element-e288a19 elementor-widget elementor-widget-wd_text_block\" data-id=\"e288a19\" data-element_type=\"widget\" data-widget_type=\"wd_text_block.default\">\n\t\t\t\t<div class=\"elementor-widget-container\">\n\t\t\t\t\t<div class=\"wd-text-block reset-last-child text-left\">\n\t\t\t\n\t\t\t<h3>DMP-7000S Hands\u00e4ge Piece Body von DynaMedic Co., Ltd.<\/h3><p>Einf\u00fchrung der DMP-7000S, der Pinnacle von chirurgischen Elektrowerkzeugen entworfen von DynaMedic Co., Ltd., ein f\u00fchrender in diesem Bereich. Dieser S\u00e4ge-Handst\u00fcckk\u00f6rper kombiniert ergonomisches Design, modernste Technik und unvergleichliche Leistung, um den Anforderungen der modernen Chirurgie gerecht zu werden.<\/p><h4>Schl\u00fcsselmerkmale:<\/h4><ul><li><strong>Ergonomisches Design:<\/strong> Sorgt f\u00fcr besseren Halt und Komfort beim Gebrauch.<\/li><li><strong>Akkubetrieb:<\/strong> Genie\u00dfen Sie die Bewegungsfreiheit ohne Schnur, um Sie zu behindern.<\/li><li><strong>Secure Blade Locking:<\/strong> Cam-Stil System bietet sichere und einfache Klingenwechsel.<\/li><li><strong>Variable-Speed Trigger:<\/strong> Einstellbare Geschwindigkeit von 0 bis 15.000 cpm f\u00fcr pr\u00e4zise Steuerung.<\/li><li><strong>Vielseitiger Schnitt:<\/strong> Dreht in vier Positionen, um das Schneiden in jeder Ebene zu erleichtern.<\/li><li><strong>Un\u00fcbertroffene Leistung und Geschwindigkeit:<\/strong> Liefert schnelle und vollst\u00e4ndige Osteotome.<\/li><li><strong>Long-Lasting Batterie:<\/strong> 11.1V Li-ion Akku sorgt f\u00fcr l\u00e4ngere Laufzeit.<\/li><li><strong>Autoklavierbar:<\/strong> Voll sterilisierbar f\u00fcr sicheren und hygienischen Einsatz.<\/li><\/ul>\n\t\t\t\t\t<\/div>\n\t\t\t\t<\/div>\n\t\t\t\t<\/div>\n\t\t\t\t\t<\/div>\n\t\t\t\t<\/div>\n\t\t\t\t<\/div>","protected":false},"excerpt":{"rendered":"<p>DMP-7000S (Saw Hand Piece Body) bietet ergonomische Design- und Akku-Funktionalit\u00e4t mit einem sicheren Kulissenverschluss. Es verf\u00fcgt \u00fcber variable Geschwindigkeitsausl\u00f6ser (0-15.000 cpm) und kann in vier Positionen zum vielseitigen Schneiden rotieren. Mit einer Li-Ionen-Akku von 11.1V bietet sie unvergleichliche Leistung und Geschwindigkeit f\u00fcr schnelle Osteotome und ist autoklavierbar f\u00fcr einfache Sterilisation.<\/p>","protected":false},"featured_media":15980,"comment_status":"open","ping_status":"closed","template":"","meta":[],"product_cat":[75],"product_tag":[237],"class_list":{"0":"post-15979","1":"product","2":"type-product","3":"status-publish","4":"has-post-thumbnail","6":"product_cat-orthopedic","7":"product_tag-dynamedic","9":"first","10":"onbackorder","11":"shipping-taxable","12":"purchasable","13":"product-type-simple"},"_links":{"self":[{"href":"https:\/\/einimed.eu\/de\/wp-json\/wp\/v2\/product\/15979"}],"collection":[{"href":"https:\/\/einimed.eu\/de\/wp-json\/wp\/v2\/product"}],"about":[{"href":"https:\/\/einimed.eu\/de\/wp-json\/wp\/v2\/types\/product"}],"replies":[{"embeddable":true,"href":"https:\/\/einimed.eu\/de\/wp-json\/wp\/v2\/comments?post=15979"}],"version-history":[{"count":5,"href":"https:\/\/einimed.eu\/de\/wp-json\/wp\/v2\/product\/15979\/revisions"}],"predecessor-version":[{"id":16538,"href":"https:\/\/einimed.eu\/de\/wp-json\/wp\/v2\/product\/15979\/revisions\/16538"}],"wp:featuredmedia":[{"embeddable":true,"href":"https:\/\/einimed.eu\/de\/wp-json\/wp\/v2\/media\/15980"}],"wp:attachment":[{"href":"https:\/\/einimed.eu\/de\/wp-json\/wp\/v2\/media?parent=15979"}],"wp:term":[{"taxonomy":"product_cat","embeddable":true,"href":"https:\/\/einimed.eu\/de\/wp-json\/wp\/v2\/product_cat?post=15979"},{"taxonomy":"product_tag","embeddable":true,"href":"https:\/\/einimed.eu\/de\/wp-json\/wp\/v2\/product_tag?post=15979"}],"curies":[{"name":"wp","href":"https:\/\/api.w.org\/{rel}","templated":true}]}}