{"id":15624,"date":"2024-07-26T20:47:33","date_gmt":"2024-07-26T20:47:33","guid":{"rendered":"http:\/\/192.168.13.40\/?post_type=product&#038;p=15624"},"modified":"2024-09-02T05:10:50","modified_gmt":"2024-09-02T05:10:50","slug":"polaris-u-arm-dr","status":"publish","type":"product","link":"https:\/\/einimed.eu\/de\/shop\/polis-u-arm-dr\/","title":{"rendered":"Polaris U-Arm DR"},"content":{"rendered":"<div data-elementor-type=\"product-post\" data-elementor-id=\"15624\" class=\"elementor elementor-15624\" data-elementor-post-type=\"product\">\n\t\t\t\t<div class=\"wd-negative-gap elementor-element elementor-element-c9ae8ad e-flex e-con-boxed e-con e-parent\" data-id=\"c9ae8ad\" data-element_type=\"container\">\n\t\t\t\t\t<div class=\"e-con-inner\">\n\t\t\t\t<div class=\"elementor-element elementor-element-70cd904 elementor-widget elementor-widget-wd_text_block\" data-id=\"70cd904\" data-element_type=\"widget\" data-widget_type=\"wd_text_block.default\">\n\t\t\t\t<div class=\"elementor-widget-container\">\n\t\t\t\t\t<div class=\"wd-text-block reset-last-child text-left\">\n\t\t\t\n\t\t\t<p><strong>Polaris Serie U-arm DR System - Ergonomische Exzellenz und Pr\u00e4zisionsimaging<\/strong><\/p><p>Willkommen in der Polaris Serie U-Arm DR System von SONTU, wo fortschrittliches ergonomisches Design auf High-End-Herstellungstechnik trifft. Dieses hochmoderne digitale Radiographiesystem wird entwickelt, um unterschiedliche klinische Anforderungen mit unvergleichlicher Pr\u00e4zision und Effizienz zu erf\u00fcllen.<\/p><p><strong>Schl\u00fcsselmerkmale:<\/strong><\/p><ul><li><strong>Selbstentwickelter R\u00f6ntgengenerator<\/strong><ul><li>Der propriet\u00e4re 50kW Hochfrequenz-Hochspannungsgenerator der SONTU sorgt f\u00fcr gleichbleibende und zuverl\u00e4ssige Leistung.<\/li><\/ul><\/li><li><strong>Einfache Patientenpositionierung<\/strong><ul><li>Verbesserte Flexibilit\u00e4t mit einem beweglichen Radiographietisch.<\/li><li>Unterst\u00fctzt Patienten bis 135kg.<\/li><\/ul><\/li><li><strong>Automatisierung und einfache Bedienung<\/strong><ul><li>Flexibler Drehmelder mit \u00b145 Grad Rotation.<\/li><li>Rohrdrehf\u00e4higkeit von \u00b190 Grad.<\/li><li>Automatisierte 1m &amp; 1.8m SID-Einstellungen und H\u00f6henerkennungsfunktionen f\u00fcr den nahtlosen Betrieb.<\/li><\/ul><\/li><li><strong>Professionelle Workstation<\/strong><ul><li>Benutzerfreundliche grafische Schnittstelle f\u00fcr einfache Bedienung.<\/li><li>Enth\u00e4lt erweiterte klinische Anwendung Funktionen, um eine breite Palette von diagnostischen Anforderungen zu unterst\u00fctzen.<\/li><\/ul><\/li><\/ul><p><strong>\u00dcberlegene klinische Bildgebung<\/strong><\/p><p>Erleben Sie eine \u00fcberlegene Bildqualit\u00e4t, die das Diagnosevertrauen und die Patientenversorgung verbessert. Das U-Arm DR-System der Polaris Serie liefert pr\u00e4zise, hochaufl\u00f6sende Bilder f\u00fcr genaue klinische Bewertungen.<\/p>\n\t\t\t\t\t<\/div>\n\t\t\t\t<\/div>\n\t\t\t\t<\/div>\n\t\t\t\t\t<\/div>\n\t\t\t\t<\/div>\n\t\t\t\t<\/div>","protected":false},"excerpt":{"rendered":"<p>Entdecken Sie die Polaris Serie U-Arm DR System von SONTU, ein digitales Radiographiesystem, das fortschrittliches ergonomisches Design mit High-End-Herstellung kombiniert. SONTU\u2019s propriet\u00e4r 50kW Hochfrequenzgenerator bietet flexible Patientenpositionierung mit einem beweglichen Tisch, der bis zu 135kg, automatisierte Drehdetektor- und Rohreinstellungen f\u00fcr den nahtlosen Betrieb und eine benutzerfreundliche Workstation mit fortschrittlichen klinischen Anwendungen unterst\u00fctzt. Erzielen Sie \u00fcberlegene Bildqualit\u00e4t f\u00fcr pr\u00e4zise klinische Bewertungen mit dem U-arm DR System der Polaris Serie.<\/p>","protected":false},"featured_media":15637,"comment_status":"open","ping_status":"closed","template":"","meta":[],"product_cat":[72],"product_tag":[238],"class_list":{"0":"post-15624","1":"product","2":"type-product","3":"status-publish","4":"has-post-thumbnail","6":"product_cat-x-ray","7":"product_tag-sontu","9":"first","10":"onbackorder","11":"featured","12":"shipping-taxable","13":"purchasable","14":"product-type-simple"},"_links":{"self":[{"href":"https:\/\/einimed.eu\/de\/wp-json\/wp\/v2\/product\/15624"}],"collection":[{"href":"https:\/\/einimed.eu\/de\/wp-json\/wp\/v2\/product"}],"about":[{"href":"https:\/\/einimed.eu\/de\/wp-json\/wp\/v2\/types\/product"}],"replies":[{"embeddable":true,"href":"https:\/\/einimed.eu\/de\/wp-json\/wp\/v2\/comments?post=15624"}],"version-history":[{"count":6,"href":"https:\/\/einimed.eu\/de\/wp-json\/wp\/v2\/product\/15624\/revisions"}],"predecessor-version":[{"id":16531,"href":"https:\/\/einimed.eu\/de\/wp-json\/wp\/v2\/product\/15624\/revisions\/16531"}],"wp:featuredmedia":[{"embeddable":true,"href":"https:\/\/einimed.eu\/de\/wp-json\/wp\/v2\/media\/15637"}],"wp:attachment":[{"href":"https:\/\/einimed.eu\/de\/wp-json\/wp\/v2\/media?parent=15624"}],"wp:term":[{"taxonomy":"product_cat","embeddable":true,"href":"https:\/\/einimed.eu\/de\/wp-json\/wp\/v2\/product_cat?post=15624"},{"taxonomy":"product_tag","embeddable":true,"href":"https:\/\/einimed.eu\/de\/wp-json\/wp\/v2\/product_tag?post=15624"}],"curies":[{"name":"wp","href":"https:\/\/api.w.org\/{rel}","templated":true}]}}