{"id":15826,"date":"2024-07-28T10:33:03","date_gmt":"2024-07-28T10:33:03","guid":{"rendered":"http:\/\/192.168.13.40\/?page_id=15826"},"modified":"2024-07-28T21:30:15","modified_gmt":"2024-07-28T21:30:15","slug":"marketing-promotion","status":"publish","type":"page","link":"https:\/\/einimed.eu\/de\/marketing-promotion\/","title":{"rendered":"Marketing &amp; Promotion"},"content":{"rendered":"<div data-elementor-type=\"wp-page\" data-elementor-id=\"15826\" class=\"elementor elementor-15826\" data-elementor-post-type=\"page\">\n\t\t\t\t<div class=\"wd-negative-gap elementor-element elementor-element-2d83f94 e-flex e-con-boxed e-con e-parent\" data-id=\"2d83f94\" data-element_type=\"container\">\n\t\t\t\t\t<div class=\"e-con-inner\">\n\t\t\t\t<div class=\"elementor-element elementor-element-4835646 wd-width-100 elementor-widget elementor-widget-wd_title\" data-id=\"4835646\" data-element_type=\"widget\" data-widget_type=\"wd_title.default\">\n\t\t\t\t<div class=\"elementor-widget-container\">\n\t\t\t\t\t<div class=\"title-wrapper set-mb-s reset-last-child wd-title-color-default wd-title-style-default wd-title-size-default text-center\">\n\n\t\t\t\t\t\t\t<div class=\"title-subtitle subtitle-color-default subtitle-style-default wd-fontsize-xs\">\n\t\t\t\t\tErh\u00f6hen Sie Ihre Marke mit strategischem Marketing &amp; Promotion\t\t\t\t<\/div>\n\t\t\t\n\t\t\t<div class=\"liner-continer\">\n\t\t\t\t<h4 class=\"woodmart-title-container title wd-fontsize-l\">Umfassende Marketing &amp; Promotion Services<\/h4> \n\t\t\t\t\t\t\t<\/div>\n\n\t\t\t\t\t\t\t<div class=\"title-after_title set-cont-mb-s reset-last-child wd-fontsize-xs\">\n\t\t\t\t\t<p>Bei EINIMED erkennen wir die Bedeutung einer robusten Vermarktung und F\u00f6rderung im wettbewerbsf\u00e4higen Medizintechnikmarkt. Unsere umfassenden Marketing &amp; Promotion-Services sind darauf ausgerichtet, die Sichtbarkeit Ihrer Marke zu steigern, Ihr Zielpublikum zu engagieren und das Wachstum zu steigern. Egal, ob Sie ein neues Produkt starten oder Ihre Marktpr\u00e4senz st\u00e4rken m\u00f6chten, unser Expertenteam ist hier, um Ihnen die gew\u00fcnschte Unterst\u00fctzung zu bieten.<\/p>\t\t\t\t<\/div>\n\t\t\t\t\t<\/div>\n\t\t\t\t<\/div>\n\t\t\t\t<\/div>\n\t\t\t\t<div class=\"elementor-element elementor-element-8d4a2f7 elementor-widget elementor-widget-wd_text_block\" data-id=\"8d4a2f7\" data-element_type=\"widget\" data-widget_type=\"wd_text_block.default\">\n\t\t\t\t<div class=\"elementor-widget-container\">\n\t\t\t\t\t<div class=\"wd-text-block reset-last-child text-left\">\n\t\t\t\n\t\t\t<h3>Unsere Dienstleistungen<\/h3><h4>Strategische Marketingplanung<\/h4><p>Wir entwickeln ma\u00dfgeschneiderte Marketingstrategien, die sich an Ihre Gesch\u00e4ftsziele und Marktdynamik ausrichten. Unsere Pl\u00e4ne sind entworfen, um Ihre Markensicht zu verbessern und Ihr Zielpublikum anzuziehen.<\/p><p><strong>Vorteile:<\/strong><\/p><ul><li><strong>F\u00fcr Marken:<\/strong> Ma\u00dfgeschneiderte Marketingstrategien, die den Einfluss der Marke maximieren.<\/li><li><strong>F\u00fcr medizinische Einrichtungen:<\/strong> Erh\u00f6hte Wahrnehmung Ihrer Dienste und Angebote.<\/li><li><strong>F\u00fcr Mediziner:<\/strong> Verbesserte Reputation und Vertrauen der Patienten durch strategische F\u00f6rderung.<\/li><\/ul><h4>Content Creation &amp; Management<\/h4><p>Unser Team erstellt ansprechende, qualitativ hochwertige Inhalte, die Ihre Produkte und Dienstleistungen hervorheben. Wir verwalten Inhalte auf verschiedenen Plattformen, um eine konsequente und wirkungsvolle Kommunikation zu gew\u00e4hrleisten.<\/p><p><strong>Vorteile:<\/strong><\/p><ul><li><strong>F\u00fcr Marken:<\/strong> Professionelle Inhalte, die Ihre Produkte effektiv pr\u00e4sentieren.<\/li><li><strong>F\u00fcr medizinische Einrichtungen:<\/strong> Informative Inhalte, die potenzielle Kunden erziehen und gewinnen.<\/li><li><strong>F\u00fcr Mediziner:<\/strong> Zugang zu wertvollen Informationen, die professionelle Praxis verbessert.<\/li><\/ul><h4>Digitales Marketing<\/h4><p>Wir nutzen die neuesten digitalen Marketing-Techniken, darunter SEO, SEM, Social Media Marketing und E-Mail-Kampagnen, um Ihr Zielpublikum zu erreichen und Online-Verlobung zu betreiben.<\/p><p><strong>Vorteile:<\/strong><\/p><ul><li><strong>F\u00fcr Marken:<\/strong> Erh\u00f6hte Online-Pr\u00e4senz und Lead-Generation.<\/li><li><strong>F\u00fcr medizinische Einrichtungen:<\/strong> Verbesserter digitaler Fu\u00dfabdruck, der zu einem h\u00f6heren Patienteneingriff f\u00fchrt.<\/li><li><strong>F\u00fcr Mediziner:<\/strong> Verbesserte Online-Reputation und Patienteninteraktion.<\/li><\/ul><h4>Event Promotion<\/h4><p>Wir planen und f\u00f6rdern Ihre Veranstaltungen, wie Produkteinf\u00fchrungen, Webinare und Konferenzen, um maximale Teilnahme und Engagement von Ihrem Zielpublikum zu gew\u00e4hrleisten.<\/p><p><strong>Vorteile:<\/strong><\/p><ul><li><strong>F\u00fcr Marken:<\/strong> Erfolgreiche Ereignisausf\u00fchrung, die Markenbewusstsein treibt.<\/li><li><strong>F\u00fcr medizinische Einrichtungen:<\/strong> Erh\u00f6hte Beteiligung und Interesse an institutionellen Veranstaltungen.<\/li><li><strong>F\u00fcr Mediziner:<\/strong> M\u00f6glichkeiten, sich mit Kollegen zu besch\u00e4ftigen und mit Branchentrends aktualisiert zu bleiben.<\/li><\/ul><h4>Markenmanagement<\/h4><p>Unsere Marken-Management-Services sorgen f\u00fcr konsequente Marken-Messaging und Identit\u00e4t in allen Marketing-Kan\u00e4len und verbessern die Glaubw\u00fcrdigkeit und Anerkennung Ihrer Marke.<\/p><p><strong>Vorteile:<\/strong><\/p><ul><li><strong>F\u00fcr Marken:<\/strong> St\u00e4rkung der Markenidentit\u00e4t und Marktposition.<\/li><li><strong>F\u00fcr medizinische Einrichtungen:<\/strong> Cohesive Branding, das Kunden anzieht und beh\u00e4lt.<\/li><li><strong>F\u00fcr Mediziner:<\/strong> Verbessertes professionelles Image und Patientenvertrauen.<\/li><\/ul><h4>Marktforschung &amp; Analyse<\/h4><p>Wir f\u00fchren gr\u00fcndliche Marktforschung durch, um Ihre Zielgruppe, Wettbewerber und Markttrends zu verstehen. Unsere Erkenntnisse helfen Ihnen, fundierte Marketing-Entscheidungen zu treffen und vor dem Wettbewerb zu bleiben.<\/p><p><strong>Vorteile:<\/strong><\/p><ul><li><strong>F\u00fcr Marken:<\/strong> Datengetriebene Strategien zur Verbesserung der Marktpositionierung.<\/li><li><strong>F\u00fcr medizinische Einrichtungen:<\/strong> Besseres Verst\u00e4ndnis der Patientenbed\u00fcrfnisse und Marktanforderungen.<\/li><li><strong>F\u00fcr Mediziner:<\/strong> Einblicke, die professionelle Praxis informieren und verbessern.<\/li><\/ul><hr \/><h3>Warum w\u00e4hlen Sie uns?<\/h3><h4>Kompetenz &amp; Erfahrung<\/h4><p>Unsere Marketing-Profis bringen langj\u00e4hrige Erfahrung in der Medizintechnik. Wir nutzen unser Know-how, um effektvolle Marketing-L\u00f6sungen zu liefern, die Ergebnisse treiben.<\/p><h4>Kundenspezifischer Ansatz<\/h4><p>Ihr Erfolg ist unsere Priorit\u00e4t. Wir arbeiten eng mit Ihnen zusammen, um Marketingstrategien zu entwickeln, die mit Ihrem Publikum in Resonanz treten und Ihre Gesch\u00e4ftsziele erreichen.<\/p><h4>Innovative L\u00f6sungen<\/h4><p>Wir nutzen die neuesten Marketing-Tools und Techniken, um innovative Kampagnen zu erstellen, die Aufmerksamkeit erfassen und Interesse generieren.<\/p><h4>Erfolg bew\u00e4hrt<\/h4><p>Unser Track Record spricht f\u00fcr sich. Wir haben vielen Marken erfolgreich geholfen, ihre Marktpr\u00e4senz zu verbessern und ihre Marketingziele zu erreichen.<\/p><hr \/><h3>Kontaktieren Sie uns<\/h3><p>Bereit, Ihre Marke mit strategischen Marketing- und Promotion-Services zu erh\u00f6hen? Kontaktieren Sie unser Team heute, um eine Beratung zu planen. F\u00fcllen Sie das Kontaktformular auf unserer Website aus, und wir werden folgen, um ein Treffen oder Teams rufen, um Ihre Bed\u00fcrfnisse zu diskutieren. Wir freuen uns darauf, Ihnen bei der Erreichung Ihrer Marketingziele mit ma\u00dfgeschneiderten L\u00f6sungen zu helfen, die f\u00fcr Sie arbeiten.<\/p><p>Bei EINIMED widmen wir uns der Bereitstellung von kompetenten Marketing- und Werbedienstleistungen, die Ihren Erfolg unterst\u00fctzen. Lassen Sie uns Ihnen helfen, den Wettbewerbsmarkt zu navigieren und Ihr Publikum effektiv zu erreichen. Kontaktieren Sie uns unter info@einimed.eu.<\/p>\n\t\t\t\t\t<\/div>\n\t\t\t\t<\/div>\n\t\t\t\t<\/div>\n\t\t\t\t\t<\/div>\n\t\t\t\t<\/div>\n\t\t\t\t<\/div>","protected":false},"excerpt":{"rendered":"<p>Elevate Your Brand with Strategic Marketing &amp; Promotion Comprehensive Marketing &amp; Promotion Services At , we recognize the importance of<\/p>","protected":false},"author":1,"featured_media":0,"parent":0,"menu_order":0,"comment_status":"closed","ping_status":"closed","template":"","meta":{"footnotes":""},"class_list":["post-15826","page","type-page","status-publish","hentry"],"_links":{"self":[{"href":"https:\/\/einimed.eu\/de\/wp-json\/wp\/v2\/pages\/15826"}],"collection":[{"href":"https:\/\/einimed.eu\/de\/wp-json\/wp\/v2\/pages"}],"about":[{"href":"https:\/\/einimed.eu\/de\/wp-json\/wp\/v2\/types\/page"}],"author":[{"embeddable":true,"href":"https:\/\/einimed.eu\/de\/wp-json\/wp\/v2\/users\/1"}],"replies":[{"embeddable":true,"href":"https:\/\/einimed.eu\/de\/wp-json\/wp\/v2\/comments?post=15826"}],"version-history":[{"count":10,"href":"https:\/\/einimed.eu\/de\/wp-json\/wp\/v2\/pages\/15826\/revisions"}],"predecessor-version":[{"id":15896,"href":"https:\/\/einimed.eu\/de\/wp-json\/wp\/v2\/pages\/15826\/revisions\/15896"}],"wp:attachment":[{"href":"https:\/\/einimed.eu\/de\/wp-json\/wp\/v2\/media?parent=15826"}],"curies":[{"name":"wp","href":"https:\/\/api.w.org\/{rel}","templated":true}]}}