{"id":15805,"date":"2024-07-28T10:13:33","date_gmt":"2024-07-28T10:13:33","guid":{"rendered":"http:\/\/192.168.13.40\/?page_id=15805"},"modified":"2024-07-28T20:41:52","modified_gmt":"2024-07-28T20:41:52","slug":"sourcing-consultation","status":"publish","type":"page","link":"https:\/\/einimed.eu\/de\/beschaffungsberatung\/","title":{"rendered":"Sourcing &amp; Beratung"},"content":{"rendered":"<div data-elementor-type=\"wp-page\" data-elementor-id=\"15805\" class=\"elementor elementor-15805\" data-elementor-post-type=\"page\">\n\t\t\t\t<div class=\"wd-negative-gap elementor-element elementor-element-5383ec6 e-flex e-con-boxed e-con e-parent\" data-id=\"5383ec6\" data-element_type=\"container\">\n\t\t\t\t\t<div class=\"e-con-inner\">\n\t\t\t\t<div class=\"elementor-element elementor-element-e322e7d wd-width-100 elementor-widget elementor-widget-wd_title\" data-id=\"e322e7d\" data-element_type=\"widget\" data-widget_type=\"wd_title.default\">\n\t\t\t\t<div class=\"elementor-widget-container\">\n\t\t\t\t\t<div class=\"title-wrapper set-mb-s reset-last-child wd-title-color-default wd-title-style-default wd-title-size-default text-center\">\n\n\t\t\t\t\t\t\t<div class=\"title-subtitle subtitle-color-default subtitle-style-default wd-fontsize-xs\">\n\t\t\t\t\tMa\u00dfgeschneiderte L\u00f6sungen f\u00fcr Ihre Beschaffungsbed\u00fcrfnisse\t\t\t\t<\/div>\n\t\t\t\n\t\t\t<div class=\"liner-continer\">\n\t\t\t\t<h4 class=\"woodmart-title-container title wd-fontsize-l\">Tech Sourcing &amp; Beratung<\/h4> \n\t\t\t\t\t\t\t<\/div>\n\n\t\t\t\t\t\t\t<div class=\"title-after_title set-cont-mb-s reset-last-child wd-fontsize-xs\">\n\t\t\t\t\t<p>Bei EINIMED verstehen wir die Komplexit\u00e4t der Beschaffung neuer medizinischer Ger\u00e4te und der Vorbereitung von Angeboten. Unsere Tech Sourcing &amp; Consultation Services sind darauf ausgerichtet, medizinische Einrichtungen bei der Suche nach den besten Technologiel\u00f6sungen und der Navigation des Beschaffungsprozesses zu unterst\u00fctzen. Egal, ob Sie Hilfe bei der Beschaffung modernster Ger\u00e4te oder Beratung zu den neuesten Weiterentwicklungen ben\u00f6tigen, unser Expertenteam ist hier, um Sie jeden Schritt des Weges zu unterst\u00fctzen.<\/p>\t\t\t\t<\/div>\n\t\t\t\t\t<\/div>\n\t\t\t\t<\/div>\n\t\t\t\t<\/div>\n\t\t\t\t<div class=\"elementor-element elementor-element-68d8e31 elementor-widget elementor-widget-wd_text_block\" data-id=\"68d8e31\" data-element_type=\"widget\" data-widget_type=\"wd_text_block.default\">\n\t\t\t\t<div class=\"elementor-widget-container\">\n\t\t\t\t\t<div class=\"wd-text-block reset-last-child text-left\">\n\t\t\t\n\t\t\t<h3>Unsere Dienstleistungen<\/h3><h4>Personalisierte Beratungen<\/h4><p>Unsere erfahrenen Berater arbeiten mit Ihrem Team zusammen, um Ihre spezifischen Beschaffungsbed\u00fcrfnisse und Ziele zu verstehen. Wir f\u00fchren gr\u00fcndliche Bewertungen durch, um die besten medizinischen Ger\u00e4te und Technologiel\u00f6sungen zu identifizieren, die Ihren Anforderungen und Budgetzw\u00e4ngen entsprechen.<\/p><p><strong>Vorteile:<\/strong><\/p><ul><li><strong>F\u00fcr Marken:<\/strong> Sorgt f\u00fcr eine optimale Platzierung und Ausnutzung Ihrer Produkte.<\/li><li><strong>F\u00fcr medizinische Einrichtungen:<\/strong> Passende Empfehlungen, die Ihren einzigartigen Anforderungen entsprechen.<\/li><li><strong>F\u00fcr Mediziner:<\/strong> Zugang zu modernsten Ger\u00e4ten, die die Patientenversorgung verbessern.<\/li><\/ul><h4>Unterst\u00fctzung der Ausschreibungsvorbereitung<\/h4><p>Das Navigieren des Ausschreibungsprozesses kann schwierig sein. Wir bieten umfassende Unterst\u00fctzung bei der Ausarbeitung von Angeboten, einschlie\u00dflich der Erstellung von Spezifikationen, der Bewertung von Technologieoptionen und der Sicherstellung der Einhaltung regulatorischer Standards. Unser Ziel ist es, Ihnen bei der Einreichung von erfolgreichen Angeboten zu helfen, die auf wettbewerbsf\u00e4higen M\u00e4rkten stehen.<\/p><p><strong>Vorteile:<\/strong><\/p><ul><li><strong>F\u00fcr Marken:<\/strong> Verbesserte Chancen, Angebote zu gewinnen und Marktanteil zu erh\u00f6hen.<\/li><li><strong>F\u00fcr medizinische Einrichtungen:<\/strong> Unterst\u00fctzung bei der Sicherung der besten Technologiel\u00f6sungen.<\/li><li><strong>F\u00fcr Mediziner:<\/strong> Verbesserte Beschaffungsprozesse, die zu einem besseren Zugang zu Ger\u00e4ten f\u00fchren.<\/li><\/ul><h4>Technologie Sauering<\/h4><p>Wir nutzen unser umfangreiches Netzwerk- und Branchenwissen, um die beste Medizintechnik f\u00fchrender Hersteller zu nutzen. Unser Team stellt sicher, dass Sie Zugang zu den neuesten Fortschritten und Innovationen haben, die auf die Bed\u00fcrfnisse Ihrer Institution zugeschnitten sind.<\/p><p><strong>Vorteile:<\/strong><\/p><ul><li><strong>F\u00fcr Marken:<\/strong> Mehr Reichweite und Verbreitung Ihrer fortschrittlichen medizinischen Technologien.<\/li><li><strong>F\u00fcr medizinische Einrichtungen:<\/strong> Zugang zu den neuesten und effektivsten medizinischen Technologien.<\/li><li><strong>F\u00fcr Mediziner:<\/strong> Verbesserte Diagnose- und Behandlungsfunktionen mit modernster Ausr\u00fcstung.<\/li><\/ul><h4>Optimierung des Workflows<\/h4><p>Effizienz ist ein Schl\u00fcssel zur erfolgreichen Technologieintegration. Unsere Experten analysieren Ihre aktuellen Workflows und empfehlen L\u00f6sungen, um den Betrieb zu optimieren, die Produktivit\u00e4t zu steigern und die Patientenergebnisse zu verbessern. Durch die Optimierung Ihrer Prozesse helfen wir Ihnen, die Vorteile neuer Technologien zu maximieren.<\/p><p><strong>Vorteile:<\/strong><\/p><ul><li><strong>F\u00fcr Marken:<\/strong> Bessere Integration Ihrer Produkte in Gesundheitseinstellungen.<\/li><li><strong>F\u00fcr medizinische Einrichtungen:<\/strong> Optimierte Operationen und gesteigerte Effizienz.<\/li><li><strong>F\u00fcr Mediziner:<\/strong> Verbesserter Workflow, der zu einer besseren Patientenversorgung und Arbeitszufriedenheit f\u00fchrt.<\/li><\/ul><h4>Raumplanung &amp; Design<\/h4><p>Die richtige Planung ist f\u00fcr die nahtlose Technologieintegration unerl\u00e4sslich. Unsere Raumplanungs- und Designleistungen sorgen daf\u00fcr, dass Ihr neues Equipment so installiert ist, dass die Raumauslastung maximiert und einen optimalen Workflow unterst\u00fctzt. Wir schaffen ergonomische und effiziente Layouts, die sowohl Personal- als auch Patientenerfahrungen verbessern.<\/p><p><strong>Vorteile:<\/strong><\/p><ul><li><strong>F\u00fcr Marken:<\/strong> Richtige Installation und Nutzung Ihrer Ausr\u00fcstung.<\/li><li><strong>F\u00fcr medizinische Einrichtungen:<\/strong> Optimierter Raum, der effizient arbeitet.<\/li><li><strong>F\u00fcr Mediziner:<\/strong> Verbesserte Arbeitsbedingungen und Patienteninteraktionsr\u00e4ume.<\/li><\/ul><h4>Technologieintegration<\/h4><p>Die Integration neuer Technologien mit Ihren bestehenden Systemen erfordert Kompetenz. Wir bieten nahtlose Integrationsdienste, einschlie\u00dflich Software-Installation, Netzwerkkonfiguration und Datenintegration, um sicherzustellen, dass alle Ihre medizinischen Ger\u00e4te und IT-Systeme harmonisch zusammenarbeiten.<\/p><p><strong>Vorteile:<\/strong><\/p><ul><li><strong>F\u00fcr Marken:<\/strong> Stellen Sie sicher, dass Ihre Produkte kompatibel und reibungslos integriert sind.<\/li><li><strong>F\u00fcr medizinische Einrichtungen:<\/strong> Nahtlose Technologieintegration f\u00fcr ununterbrochene Operationen.<\/li><li><strong>F\u00fcr Mediziner:<\/strong> Einfacher Zugang zu integrierten Systemen, Verbesserung der klinischen Arbeitsabl\u00e4ufe.<\/li><\/ul><h4>Weiterf\u00fchrende Unterst\u00fctzung<\/h4><p>Unser Engagement f\u00fcr Ihren Erfolg reicht \u00fcber die erste Beratung und Beschaffung hinaus. Wir bieten st\u00e4ndige Unterst\u00fctzung, um Fragen oder Probleme zu beantworten, die entstehen, um sicherzustellen, dass Ihre Ausr\u00fcstung weiterhin Ihren Bed\u00fcrfnissen gerecht wird.<\/p><p><strong>Vorteile:<\/strong><\/p><ul><li><strong>F\u00fcr Marken:<\/strong> St\u00e4ndige Unterst\u00fctzung, um die Leistung Ihrer Produkte zu erhalten.<\/li><li><strong>F\u00fcr medizinische Einrichtungen:<\/strong> Zuverl\u00e4ssiger Service und Wartung f\u00fcr den nachhaltigen Betrieb.<\/li><li><strong>F\u00fcr Mediziner:<\/strong> St\u00e4ndige Unterst\u00fctzung f\u00fcr eine optimale Nutzung der Ausr\u00fcstung.<\/li><\/ul><hr \/><h3>Warum w\u00e4hlen Sie uns?<\/h3><h4>Kompetenz &amp; Erfahrung<\/h4><p>Unsere Berater bringen langj\u00e4hrige Erfahrung in der Medizintechnik-Beschaffung und Beratung. Wir bleiben aktuell mit Branchenfortschritten, um Ihnen innovative L\u00f6sungen zu bieten.<\/p><h4>Kundenspezifischer Ansatz<\/h4><p>Ihre Zufriedenheit ist unsere Priorit\u00e4t. Wir arbeiten eng mit Ihnen zusammen, um L\u00f6sungen zu entwickeln, die Ihren spezifischen Bed\u00fcrfnissen entsprechen und Ihre Erwartungen \u00fcbertreffen und ein hohes Ma\u00df an Service und Support gew\u00e4hrleisten.<\/p><h4>Ma\u00dfgeschneiderte L\u00f6sungen<\/h4><p>Wir verstehen, dass jede Institution einzigartig ist. Unsere ma\u00dfgeschneiderten L\u00f6sungen sind so konzipiert, dass Sie Ihren speziellen Beschaffungsanforderungen entsprechen und Ihnen dabei helfen, Ihre strategischen Ziele zu erreichen.<\/p><h4>Aufzeichnung des bew\u00e4hrten Tracks<\/h4><p>Unsere erfolgreiche Erfolgsbilanz bei der Unterst\u00fctzung von Healthcare-Anbietern mit Technologie-Surcing und Ausschreibungsvorbereitung spricht f\u00fcr sich. Wir haben zahlreichen Institutionen geholfen, ihren Betrieb und die Patientenversorgung durch unsere Expertendienste zu verbessern.<\/p><hr \/><h3>Kontaktieren Sie uns<\/h3><p>Sind Sie bereit, Ihre medizinische Einrichtung mit kompetenten Tech-Surcing- und Beratungsdiensten zu verbessern? Kontaktieren Sie unser Team heute, um eine Beratung zu planen. F\u00fcllen Sie das Kontaktformular auf unserer Website aus, und wir werden folgen, um ein Treffen oder Teams rufen, um Ihre Bed\u00fcrfnisse zu diskutieren. Wir freuen uns darauf, Ihnen bei der Erreichung Ihrer Beschaffungsziele mit ma\u00dfgeschneiderten L\u00f6sungen zu helfen, die f\u00fcr Sie arbeiten.<\/p><p>Bei EINIMED widmen wir uns der Bereitstellung von kompetenten Tech-Surcing- und Beratungsleistungen, die Ihren Erfolg unterst\u00fctzen. Lassen Sie uns Ihnen dabei helfen, den Beschaffungsprozess zu navigieren und Ihren Patienten mit modernster Medizintechnik die bestm\u00f6gliche Pflege zu bieten. Kontaktieren Sie uns unter info@einimed.eu.<\/p>\n\t\t\t\t\t<\/div>\n\t\t\t\t<\/div>\n\t\t\t\t<\/div>\n\t\t\t\t\t<\/div>\n\t\t\t\t<\/div>\n\t\t\t\t<\/div>","protected":false},"excerpt":{"rendered":"<p>Tailored Solutions for Your Procurement Needs Tech Sourcing &amp; Consultation At , we understand the complexities involved in procuring new<\/p>","protected":false},"author":1,"featured_media":0,"parent":0,"menu_order":0,"comment_status":"closed","ping_status":"closed","template":"","meta":{"footnotes":""},"class_list":["post-15805","page","type-page","status-publish","hentry"],"_links":{"self":[{"href":"https:\/\/einimed.eu\/de\/wp-json\/wp\/v2\/pages\/15805"}],"collection":[{"href":"https:\/\/einimed.eu\/de\/wp-json\/wp\/v2\/pages"}],"about":[{"href":"https:\/\/einimed.eu\/de\/wp-json\/wp\/v2\/types\/page"}],"author":[{"embeddable":true,"href":"https:\/\/einimed.eu\/de\/wp-json\/wp\/v2\/users\/1"}],"replies":[{"embeddable":true,"href":"https:\/\/einimed.eu\/de\/wp-json\/wp\/v2\/comments?post=15805"}],"version-history":[{"count":23,"href":"https:\/\/einimed.eu\/de\/wp-json\/wp\/v2\/pages\/15805\/revisions"}],"predecessor-version":[{"id":15890,"href":"https:\/\/einimed.eu\/de\/wp-json\/wp\/v2\/pages\/15805\/revisions\/15890"}],"wp:attachment":[{"href":"https:\/\/einimed.eu\/de\/wp-json\/wp\/v2\/media?parent=15805"}],"curies":[{"name":"wp","href":"https:\/\/api.w.org\/{rel}","templated":true}]}}