{"id":15772,"date":"2024-07-27T22:53:05","date_gmt":"2024-07-27T22:53:05","guid":{"rendered":"http:\/\/192.168.13.40\/?page_id=15772"},"modified":"2024-07-28T21:37:19","modified_gmt":"2024-07-28T21:37:19","slug":"maintenance-repair","status":"publish","type":"page","link":"https:\/\/einimed.eu\/de\/reparatur-von-wartungsarbeiten\/","title":{"rendered":"Wartung und Reparatur"},"content":{"rendered":"<div data-elementor-type=\"wp-page\" data-elementor-id=\"15772\" class=\"elementor elementor-15772\" data-elementor-post-type=\"page\">\n\t\t\t\t<div class=\"wd-negative-gap elementor-element elementor-element-480277cd e-flex e-con-boxed e-con e-parent\" data-id=\"480277cd\" data-element_type=\"container\">\n\t\t\t\t\t<div class=\"e-con-inner\">\n\t\t\t\t<div class=\"elementor-element elementor-element-3304dea wd-width-100 elementor-widget elementor-widget-wd_title\" data-id=\"3304dea\" data-element_type=\"widget\" data-widget_type=\"wd_title.default\">\n\t\t\t\t<div class=\"elementor-widget-container\">\n\t\t\t\t\t<div class=\"title-wrapper set-mb-s reset-last-child wd-title-color-default wd-title-style-default wd-title-size-default text-center\">\n\n\t\t\t\t\t\t\t<div class=\"title-subtitle subtitle-color-default subtitle-style-default wd-fontsize-xs\">\n\t\t\t\t\tHalten Sie Ihre Ausr\u00fcstung reibungslos mit Expert Maintenance &amp; Repair\t\t\t\t<\/div>\n\t\t\t\n\t\t\t<div class=\"liner-continer\">\n\t\t\t\t<h4 class=\"woodmart-title-container title wd-fontsize-l\">Umfassende Wartungs- und Reparaturleistungen<\/h4> \n\t\t\t\t\t\t\t<\/div>\n\n\t\t\t\t\t\t\t<div class=\"title-after_title set-cont-mb-s reset-last-child wd-fontsize-xs\">\n\t\t\t\t\t<p>Bei EINIMED verstehen wir, dass die Zuverl\u00e4ssigkeit und Leistung Ihrer medizinischen Ger\u00e4te entscheidend f\u00fcr die Bereitstellung hochwertiger Patientenversorgung sind. Unsere Wartungs- &amp; Reparatur-Services sind so konzipiert, dass Ihre Ger\u00e4te optimal funktionieren, Ausfallzeiten minimieren und ihre Lebensdauer verl\u00e4ngern. Ob Sie routinem\u00e4\u00dfige Wartung oder dringende Reparaturen ben\u00f6tigen, unsere Fachkr\u00e4fte sind hier, um die Unterst\u00fctzung zu bieten, die Sie ben\u00f6tigen.<\/p>\t\t\t\t<\/div>\n\t\t\t\t\t<\/div>\n\t\t\t\t<\/div>\n\t\t\t\t<\/div>\n\t\t\t\t<div class=\"elementor-element elementor-element-6af6a1c1 color-scheme-inherit text-left elementor-widget elementor-widget-text-editor\" data-id=\"6af6a1c1\" data-element_type=\"widget\" data-widget_type=\"text-editor.default\">\n\t\t\t\t<div class=\"elementor-widget-container\">\n\t\t\t<style>\/*! elementor - v3.23.0 - 05-08-2024 *\/\n.elementor-widget-text-editor.elementor-drop-cap-view-stacked .elementor-drop-cap{background-color:#69727d;color:#fff}.elementor-widget-text-editor.elementor-drop-cap-view-framed .elementor-drop-cap{color:#69727d;border:3px solid;background-color:transparent}.elementor-widget-text-editor:not(.elementor-drop-cap-view-default) .elementor-drop-cap{margin-top:8px}.elementor-widget-text-editor:not(.elementor-drop-cap-view-default) .elementor-drop-cap-letter{width:1em;height:1em}.elementor-widget-text-editor .elementor-drop-cap{float:left;text-align:center;line-height:1;font-size:50px}.elementor-widget-text-editor .elementor-drop-cap-letter{display:inline-block}<\/style>\t\t\t\t<!-- wp:paragraph -->\n<h3>Unsere Dienstleistungen<\/h3>\n<h4>Vorbeugende Instandhaltung<\/h4>\n<p>Wir bieten umfassende vorbeugende Wartungsprogramme, die auf Ihre speziellen Ger\u00e4te- und Nutzungsmuster zugeschnitten sind. Regelm\u00e4\u00dfige Wartung hilft St\u00f6rungen zu verhindern und sorgt f\u00fcr optimale Leistung.<\/p>\n<p><strong>Vorteile:<\/strong><\/p>\n<ul>\n<li><strong>F\u00fcr Marken:<\/strong> Verbesserte Produktsicherheit und Kundenzufriedenheit.<\/li>\n<li><strong>F\u00fcr medizinische Einrichtungen:<\/strong> Verminderte Betriebszeiten und Wartungskosten.<\/li>\n<li><strong>F\u00fcr Mediziner:<\/strong> Konsistente Leistung der Ausr\u00fcstung, die Qualit\u00e4t der Patientenversorgung zu gew\u00e4hrleisten.<\/li>\n<\/ul>\n<h4>Notfallreparaturen<\/h4>\n<p>Unser Team steht zur Verf\u00fcgung, um Notfallreparaturen durchzuf\u00fchren, Ausfallzeiten zu minimieren und die Funktionalit\u00e4t schnell wiederherzustellen. Wir reagieren auf alle Probleme, um Ihre Operationen reibungslos laufen zu lassen.<\/p>\n<p><strong>Vorteile:<\/strong><\/p>\n<ul>\n<li><strong>F\u00fcr Marken:<\/strong> Swift-Resolution von Problemen, die Markenreputation beibehalten.<\/li>\n<li><strong>F\u00fcr medizinische Einrichtungen:<\/strong> Schnelle Wiederherstellung von Ger\u00e4teversagen, die Kontinuit\u00e4t von Dienstleistungen zu gew\u00e4hrleisten.<\/li>\n<li><strong>F\u00fcr Mediziner:<\/strong> Zuverl\u00e4ssiger Zugang zu funktionierenden Ger\u00e4ten, wodurch St\u00f6rungen der Patientenversorgung reduziert werden.<\/li>\n<\/ul>\n<h4>Kalibrierungsdienstleistungen<\/h4>\n<p>Wir bieten pr\u00e4zise Kalibrierungsdienstleistungen, um sicherzustellen, dass Ihre Ger\u00e4te den Industriestandards entsprechen und genau ausf\u00fchren. Regelm\u00e4\u00dfige Kalibrierung ist f\u00fcr die Aufrechterhaltung der Integrit\u00e4t von Diagnose- und Behandlungsprozessen unerl\u00e4sslich.<\/p>\n<p><strong>Vorteile:<\/strong><\/p>\n<ul>\n<li><strong>F\u00fcr Marken:<\/strong> Sicherheit, dass Produkte ihren Spezifikationen entsprechen.<\/li>\n<li><strong>F\u00fcr medizinische Einrichtungen:<\/strong> Genaue und zuverl\u00e4ssige Ger\u00e4teleistung.<\/li>\n<li><strong>F\u00fcr Mediziner:<\/strong> Vertrauen in die Pr\u00e4zision von Diagnose- und Behandlungswerkzeugen.<\/li>\n<\/ul>\n<h4>Ersatzteile<\/h4>\n<p>Wir liefern und ersetzen Teile mit echten Komponenten, um die Qualit\u00e4t und Langlebigkeit Ihrer Ausr\u00fcstung zu erhalten. Unser Zugang zu herstellergepr\u00fcften Teilen gew\u00e4hrleistet die beste Passform und Leistung.<\/p>\n<p><strong>Vorteile:<\/strong><\/p>\n<ul>\n<li><strong>F\u00fcr Marken:<\/strong> Die Verwendung von Originalteilen erh\u00f6ht die Lebensdauer und Zuverl\u00e4ssigkeit der Produkte.<\/li>\n<li><strong>F\u00fcr medizinische Einrichtungen:<\/strong> Zuverl\u00e4ssiger Teileaustausch, der die Haltbarkeit der Ger\u00e4te gew\u00e4hrleistet.<\/li>\n<li><strong>F\u00fcr Mediziner:<\/strong> Weiter optimale Leistung von medizinischen Ger\u00e4ten.<\/li>\n<\/ul>\n<h4>Leistungs\u00fcberwachung<\/h4>\n<p>Wir bieten kontinuierliche Leistungs\u00fcberwachungsdienste an, um potenzielle Probleme zu erkennen, bevor sie zu gro\u00dfen Problemen werden. Unser proaktiver Ansatz hilft, die Zuverl\u00e4ssigkeit der Ger\u00e4te zu gew\u00e4hrleisten.<\/p>\n<p><strong>Vorteile:<\/strong><\/p>\n<ul>\n<li><strong>F\u00fcr Marken:<\/strong> Proaktive Probleml\u00f6sung, die die Produktleistung sch\u00fctzt.<\/li>\n<li><strong>F\u00fcr medizinische Einrichtungen:<\/strong> Fr\u00fche Erkennung von Problemen, die teure Reparaturen verhindern.<\/li>\n<li><strong>F\u00fcr Mediziner:<\/strong> Abh\u00e4ngige Ger\u00e4te, die eine konsequente Patientenversorgung unterst\u00fctzen.<\/li>\n<\/ul>\n<h4>Technischer Support<\/h4>\n<p>Unser kompetentes Support-Team steht zur Verf\u00fcgung, um technische Hilfe und Fehlerbehebung zu bieten. Wir stellen sicher, dass Ihr Personal bei der Nutzung und Wartung von Ger\u00e4ten vollst\u00e4ndig unterst\u00fctzt wird.<\/p>\n<p><strong>Vorteile:<\/strong><\/p>\n<ul>\n<li><strong>F\u00fcr Marken:<\/strong> Dedizierte Unterst\u00fctzung erh\u00f6ht Kundenbindung und Zufriedenheit.<\/li>\n<li><strong>F\u00fcr medizinische Einrichtungen:<\/strong> Sofortige technische Hilfe, die Ausfallzeiten reduziert.<\/li>\n<li><strong>F\u00fcr Mediziner:<\/strong> Expertenf\u00fchrung, die eine ordnungsgem\u00e4\u00dfe Ger\u00e4tenutzung und Wartung gew\u00e4hrleistet.<\/li>\n<\/ul>\n<hr \/>\n<h3>Warum w\u00e4hlen Sie uns?<\/h3>\n<h4>Kompetenz &amp; Erfahrung<\/h4>\n<p>Unsere Techniker bringen umfangreiche Erfahrung in der Wartung und Reparatur von medizinischen Ger\u00e4ten. Wir kombinieren technisches Know-how mit Branchenwissen, um qualitativ hochwertige Dienstleistungen zu bieten.<\/p>\n<h4>Ma\u00dfgeschneiderte L\u00f6sungen<\/h4>\n<p>Wir passen unsere Wartungs- und Reparaturservices an, um den einzigartigen Bed\u00fcrfnissen Ihrer Ger\u00e4te und Anlagen gerecht zu werden, um Relevanz und Wirksamkeit zu gew\u00e4hrleisten.<\/p>\n<h4>Umfassende L\u00f6sungen<\/h4>\n<p>Von der vorbeugenden Wartung bis zu Notreparaturen bieten wir ein komplettes Spektrum an Dienstleistungen, um Ihre Ausr\u00fcstung in Top-Zustand zu halten.<\/p>\n<h4>Erfolg bew\u00e4hrt<\/h4>\n<p>Unsere Erfolgsbilanz bei der Bereitstellung zuverl\u00e4ssiger Wartungs- und Reparaturleistungen spricht f\u00fcr sich. Wir haben zahlreichen Institutionen geholfen, ihre Ausr\u00fcstung zu erhalten und eine optimale Leistung zu gew\u00e4hrleisten.<\/p>\n<hr \/>\n<h3>Kontaktieren Sie uns<\/h3>\n<p>Bereit, die zuverl\u00e4ssige Leistung Ihrer medizinischen Ger\u00e4te mit kompetenten Wartungs- und Reparaturservices zu gew\u00e4hrleisten? Kontaktieren Sie unser Team heute, um eine Beratung zu planen. F\u00fcllen Sie das Kontaktformular auf unserer Website aus, und wir werden folgen, um ein Treffen oder Teams rufen, um Ihre Bed\u00fcrfnisse zu diskutieren. Wir freuen uns darauf, Ihnen bei der Erreichung Ihrer Wartungsziele mit ma\u00dfgeschneiderten L\u00f6sungen zu helfen, die f\u00fcr Sie arbeiten.<\/p>\n<p>Bei EINIMED widmen wir uns der Bereitstellung von kompetenten Wartungs- und Reparaturservices, die Ihren Erfolg unterst\u00fctzen. Lassen Sie uns Ihnen helfen, Ihre Ausr\u00fcstung reibungslos laufen zu lassen und Ihren Patienten die beste Pflege zu bieten. Kontaktieren Sie uns unter info@einimed.eu.<\/p>\n<!-- \/wp:paragraph -->\t\t\t\t\t\t<\/div>\n\t\t\t\t<\/div>\n\t\t\t\t\t<\/div>\n\t\t\t\t<\/div>\n\t\t\t\t<\/div>","protected":false},"excerpt":{"rendered":"<p>Keep Your Equipment Running Smoothly with Expert Maintenance &amp; Repair Comprehensive Maintenance &amp; Repair Services At , we understand that<\/p>","protected":false},"author":1,"featured_media":0,"parent":0,"menu_order":0,"comment_status":"closed","ping_status":"closed","template":"","meta":{"footnotes":""},"class_list":["post-15772","page","type-page","status-publish","hentry"],"_links":{"self":[{"href":"https:\/\/einimed.eu\/de\/wp-json\/wp\/v2\/pages\/15772"}],"collection":[{"href":"https:\/\/einimed.eu\/de\/wp-json\/wp\/v2\/pages"}],"about":[{"href":"https:\/\/einimed.eu\/de\/wp-json\/wp\/v2\/types\/page"}],"author":[{"embeddable":true,"href":"https:\/\/einimed.eu\/de\/wp-json\/wp\/v2\/users\/1"}],"replies":[{"embeddable":true,"href":"https:\/\/einimed.eu\/de\/wp-json\/wp\/v2\/comments?post=15772"}],"version-history":[{"count":4,"href":"https:\/\/einimed.eu\/de\/wp-json\/wp\/v2\/pages\/15772\/revisions"}],"predecessor-version":[{"id":15906,"href":"https:\/\/einimed.eu\/de\/wp-json\/wp\/v2\/pages\/15772\/revisions\/15906"}],"wp:attachment":[{"href":"https:\/\/einimed.eu\/de\/wp-json\/wp\/v2\/media?parent=15772"}],"curies":[{"name":"wp","href":"https:\/\/api.w.org\/{rel}","templated":true}]}}