{"id":15768,"date":"2024-07-27T22:50:07","date_gmt":"2024-07-27T22:50:07","guid":{"rendered":"http:\/\/192.168.13.40\/?page_id=15768"},"modified":"2024-07-28T22:06:56","modified_gmt":"2024-07-28T22:06:56","slug":"financing-options","status":"publish","type":"page","link":"https:\/\/einimed.eu\/de\/finanzierungsoptionen\/","title":{"rendered":"Finanzierungsoptionen"},"content":{"rendered":"<div data-elementor-type=\"wp-page\" data-elementor-id=\"15768\" class=\"elementor elementor-15768\" data-elementor-post-type=\"page\">\n\t\t\t\t<div class=\"wd-negative-gap elementor-element elementor-element-7d55de7b e-flex e-con-boxed e-con e-parent\" data-id=\"7d55de7b\" data-element_type=\"container\">\n\t\t\t\t\t<div class=\"e-con-inner\">\n\t\t\t\t<div class=\"elementor-element elementor-element-25d35be wd-width-100 elementor-widget elementor-widget-wd_title\" data-id=\"25d35be\" data-element_type=\"widget\" data-widget_type=\"wd_title.default\">\n\t\t\t\t<div class=\"elementor-widget-container\">\n\t\t\t\t\t<div class=\"title-wrapper set-mb-s reset-last-child wd-title-color-default wd-title-style-default wd-title-size-default text-center\">\n\n\t\t\t\t\t\t\t<div class=\"title-subtitle subtitle-color-default subtitle-style-default wd-fontsize-xs\">\n\t\t\t\t\tErm\u00f6glichen Sie Ihre Investitionen mit flexiblen Finanzierungsoptionen\t\t\t\t<\/div>\n\t\t\t\n\t\t\t<div class=\"liner-continer\">\n\t\t\t\t<h4 class=\"woodmart-title-container title wd-fontsize-l\">Umfassende Finanzierungsl\u00f6sungen f\u00fcr medizinische Ger\u00e4te<\/h4> \n\t\t\t\t\t\t\t<\/div>\n\n\t\t\t\t\t\t\t<div class=\"title-after_title set-cont-mb-s reset-last-child wd-fontsize-xs\">\n\t\t\t\t\t<p>Bei EINIMED verstehen wir, dass Investitionen in fortgeschrittene Medizintechnik ein bedeutendes finanzielles Engagement sein k\u00f6nnen. Unsere Finanzierungsoptionen sind so konzipiert, dass Sie flexible und kosteng\u00fcnstige L\u00f6sungen anbieten k\u00f6nnen, um die neuesten medizinischen Ger\u00e4te zu erwerben, ohne Ihr Budget zu belasten. Ob Sie neue Ger\u00e4te kaufen oder bestehende Systeme aktualisieren m\u00f6chten, unsere ma\u00dfgeschneiderten Finanzierungspl\u00e4ne helfen Ihnen dabei, Ihre Ziele zu erreichen.<\/p>\t\t\t\t<\/div>\n\t\t\t\t\t<\/div>\n\t\t\t\t<\/div>\n\t\t\t\t<\/div>\n\t\t\t\t<div class=\"elementor-element elementor-element-3f204812 color-scheme-inherit text-left elementor-widget elementor-widget-text-editor\" data-id=\"3f204812\" data-element_type=\"widget\" data-widget_type=\"text-editor.default\">\n\t\t\t\t<div class=\"elementor-widget-container\">\n\t\t\t<style>\/*! elementor - v3.23.0 - 05-08-2024 *\/\n.elementor-widget-text-editor.elementor-drop-cap-view-stacked .elementor-drop-cap{background-color:#69727d;color:#fff}.elementor-widget-text-editor.elementor-drop-cap-view-framed .elementor-drop-cap{color:#69727d;border:3px solid;background-color:transparent}.elementor-widget-text-editor:not(.elementor-drop-cap-view-default) .elementor-drop-cap{margin-top:8px}.elementor-widget-text-editor:not(.elementor-drop-cap-view-default) .elementor-drop-cap-letter{width:1em;height:1em}.elementor-widget-text-editor .elementor-drop-cap{float:left;text-align:center;line-height:1;font-size:50px}.elementor-widget-text-editor .elementor-drop-cap-letter{display:inline-block}<\/style>\t\t\t\t<!-- wp:heading {\"level\":3} --><!-- \/wp:separator --><!-- wp:paragraph -->\n<h3>Unsere Dienstleistungen<\/h3>\n<h4>Ausr\u00fcstung Leasing<\/h4>\n<p>Unsere Optionen f\u00fcr die Leasing-Ausr\u00fcstung erm\u00f6glichen es Ihnen, die neuesten medizinischen Technologien ohne die Kosten f\u00fcr den Kauf zu nutzen. Leasing bietet Flexibilit\u00e4t und hilft Cashflow effektiv zu verwalten.<\/p>\n<p><strong>Vorteile:<\/strong><\/p>\n<ul>\n<li><strong>F\u00fcr Marken:<\/strong> Erh\u00f6ht die Zug\u00e4nglichkeit von Produkten zu einem breiteren Kundenspektrum.<\/li>\n<li><strong>F\u00fcr medizinische Einrichtungen:<\/strong> Zugang zu fortschrittlichen Ger\u00e4ten mit \u00fcberschaubaren monatlichen Zahlungen.<\/li>\n<li><strong>F\u00fcr Mediziner:<\/strong> F\u00e4higkeit, hochmoderne Technologie ohne gro\u00dfe Kosten zu nutzen.<\/li>\n<\/ul>\n<h4>Finanzierungspl\u00e4ne<\/h4>\n<p>Wir bieten ma\u00dfgeschneiderte Finanzierungspl\u00e4ne an, die Ihren spezifischen Bed\u00fcrfnissen entsprechen. Unsere Pl\u00e4ne umfassen wettbewerbsf\u00e4hige Zinss\u00e4tze und flexible R\u00fcckzahlungsbedingungen, so dass Sie leichter in notwendige Ausr\u00fcstung investieren.<\/p>\n<p><strong>Vorteile:<\/strong><\/p>\n<ul>\n<li><strong>F\u00fcr Marken:<\/strong> Verbesserte Produktverk\u00e4ufe durch attraktive Finanzierungsoptionen.<\/li>\n<li><strong>F\u00fcr medizinische Einrichtungen:<\/strong> Budgetfreundliche L\u00f6sungen, die sich mit finanziellen Zw\u00e4ngen ausrichten.<\/li>\n<li><strong>F\u00fcr Mediziner:<\/strong> Einfacher Zugang zu den Ger\u00e4ten, die zur Verbesserung der Patientenversorgung ben\u00f6tigt werden.<\/li>\n<\/ul>\n<h4>Zahlungsoptionen<\/h4>\n<p>Mit unseren Zahlungspl\u00e4nen k\u00f6nnen Sie sofort mit der Ausr\u00fcstung beginnen und sp\u00e4ter bezahlen. Diese Option ist ideal f\u00fcr Institutionen, die sofortige Upgrades ben\u00f6tigen, aber mit aktuellen Budgetbeschr\u00e4nkungen konfrontiert.<\/p>\n<p><strong>Vorteile:<\/strong><\/p>\n<ul>\n<li><strong>F\u00fcr Marken:<\/strong> Erleichtert schnellere Verk\u00e4ufe und Kundenbeschaffung.<\/li>\n<li><strong>F\u00fcr medizinische Einrichtungen:<\/strong> Sofortiger Zugang zu Ger\u00e4ten mit verz\u00f6gerten Zahlungspl\u00e4nen.<\/li>\n<li><strong>F\u00fcr Mediziner:<\/strong> F\u00e4higkeit, Serviceangebote ohne sofortigen finanziellen Druck zu verbessern.<\/li>\n<\/ul>\n<h4>Darlehensprogramme<\/h4>\n<p>Wir arbeiten mit Finanzinstituten zusammen, um Kreditprogramme zu bieten, die speziell f\u00fcr medizinische Ger\u00e4tek\u00e4ufe konzipiert sind. Diese Darlehen bieten wettbewerbsf\u00e4hige Preise und flexible, auf den Gesundheitssektor zugeschnittene Bedingungen.<\/p>\n<p><strong>Vorteile:<\/strong><\/p>\n<ul>\n<li><strong>F\u00fcr Marken:<\/strong> Erh\u00f6hte Kaufkraft f\u00fcr Kunden.<\/li>\n<li><strong>F\u00fcr medizinische Einrichtungen:<\/strong> Zugang zur Finanzierung, die auf die einzigartigen Bed\u00fcrfnisse von Gesundheitsdienstleistern zugeschnitten ist.<\/li>\n<li><strong>F\u00fcr Mediziner:<\/strong> Erschwingliche Kredite, die den Erwerb der notwendigen Ausr\u00fcstung machbar machen.<\/li>\n<\/ul>\n<h4>Mietoptionen<\/h4>\n<p>Unsere eigenen Pl\u00e4ne kombinieren die Vorteile von Leasing und Einkauf. Sie k\u00f6nnen die Ausr\u00fcstung mit der M\u00f6glichkeit mieten, es am Ende des Begriffs zu kaufen, so dass es eine kosteng\u00fcnstige L\u00f6sung.<\/p>\n<p><strong>Vorteile:<\/strong><\/p>\n<ul>\n<li><strong>F\u00fcr Marken:<\/strong> Ermutigt langfristige Kundenbeziehungen.<\/li>\n<li><strong>F\u00fcr medizinische Einrichtungen:<\/strong> Flexibilit\u00e4t, sich nach der Mietdauer \u00fcber den Eigent\u00fcmer der Ausr\u00fcstung zu entscheiden.<\/li>\n<li><strong>F\u00fcr Mediziner:<\/strong> M\u00f6glichkeit, eigene Ausr\u00fcstung schlie\u00dflich zu besitzen, w\u00e4hrend die Kosten ausbreiten.<\/li>\n<\/ul>\n<h4>Finanzielle Beratung<\/h4>\n<p>Wir bieten eine kompetente Finanzberatung, um Ihnen bei der Auswahl der besten Finanzierungsoption f\u00fcr Ihre Bed\u00fcrfnisse zu helfen. Unsere Berater arbeiten mit Ihnen zusammen, um Ihre finanzielle Situation zu verstehen und die am besten geeigneten Pl\u00e4ne zu empfehlen.<\/p>\n<p><strong>Vorteile:<\/strong><\/p>\n<ul>\n<li><strong>F\u00fcr Marken:<\/strong> Bessere Kundenbetreuung f\u00fchrt zu einer h\u00f6heren Zufriedenheit.<\/li>\n<li><strong>F\u00fcr medizinische Einrichtungen:<\/strong> Informierte Entscheidungen auf der Grundlage einer fachkundigen Finanzberatung.<\/li>\n<li><strong>F\u00fcr Mediziner:<\/strong> Ma\u00dfgeschneiderte Finanzstrategien, die sich an professionelle Ziele und Budgets ausrichten.<\/li>\n<\/ul>\n<hr \/>\n<h3>Warum w\u00e4hlen Sie uns?<\/h3>\n<h4>Kompetenz &amp; Erfahrung<\/h4>\n<p>Unsere Finanzexperten bringen langj\u00e4hrige Erfahrung in der medizinischen Ausr\u00fcstungsfinanzierung. Wir nutzen unser tiefes Verst\u00e4ndnis der Gesundheitsbranche, um die am besten geeigneten Finanzierungsl\u00f6sungen anzubieten.<\/p>\n<h4>Flexible L\u00f6sungen<\/h4>\n<p>Wir passen unsere Finanzierungsoptionen an, um den einzigartigen Bed\u00fcrfnissen Ihrer Institution gerecht zu werden, damit Sie einen Plan finden, der Ihrer finanziellen Situation und Ihren operativen Zielen entspricht.<\/p>\n<h4>Umfassende Unterst\u00fctzung<\/h4>\n<p>Von der ersten Beratung bis zur endg\u00fcltigen R\u00fcckzahlung bieten wir umfassende Unterst\u00fctzung w\u00e4hrend des gesamten Finanzierungsprozesses und sorgen f\u00fcr eine reibungslose und stressfreie Erfahrung.<\/p>\n<h4>Erfolg bew\u00e4hrt<\/h4>\n<p>Unsere erfolgreiche Erfolgsbilanz bei der Bereitstellung von Finanzierungsl\u00f6sungen spricht f\u00fcr sich. Wir haben zahlreichen medizinischen Einrichtungen geholfen, die Technologie zu erwerben, die sie durch unsere flexiblen Finanzierungsoptionen ben\u00f6tigen.<\/p>\n<hr \/>\n<h3>Kontaktieren Sie uns<\/h3>\n<p>Bereit, Ihre Investitionen mit flexiblen Finanzierungsoptionen zu bef\u00e4higen? Kontaktieren Sie unser Team heute, um eine Beratung zu planen. F\u00fcllen Sie das Kontaktformular auf unserer Website aus, und wir werden folgen, um ein Treffen oder Teams rufen, um Ihre Bed\u00fcrfnisse zu diskutieren. Wir freuen uns darauf, Ihnen bei der Erreichung Ihrer Finanzierungsziele mit ma\u00dfgeschneiderten L\u00f6sungen zu helfen, die f\u00fcr Sie arbeiten.<\/p>\n<p>Bei EINIMED widmen wir uns der Bereitstellung von kompetenten Finanzierungsoptionen, die Ihren Erfolg unterst\u00fctzen. Lassen Sie uns Ihnen dabei helfen, die medizinische Technologie zu erwerben, die Sie ben\u00f6tigen, um Ihren Patienten die bestm\u00f6gliche Versorgung zu bieten. Kontaktieren Sie uns unter info@einimed.eu.<\/p>\n<!-- \/wp:paragraph -->\t\t\t\t\t\t<\/div>\n\t\t\t\t<\/div>\n\t\t\t\t\t<\/div>\n\t\t\t\t<\/div>\n\t\t\t\t<\/div>","protected":false},"excerpt":{"rendered":"<p>Empower Your Investments with Flexible Financing Options Comprehensive Financing Solutions for Medical Equipment At , we understand that investing in<\/p>","protected":false},"author":1,"featured_media":0,"parent":0,"menu_order":0,"comment_status":"closed","ping_status":"closed","template":"","meta":{"footnotes":""},"class_list":["post-15768","page","type-page","status-publish","hentry"],"_links":{"self":[{"href":"https:\/\/einimed.eu\/de\/wp-json\/wp\/v2\/pages\/15768"}],"collection":[{"href":"https:\/\/einimed.eu\/de\/wp-json\/wp\/v2\/pages"}],"about":[{"href":"https:\/\/einimed.eu\/de\/wp-json\/wp\/v2\/types\/page"}],"author":[{"embeddable":true,"href":"https:\/\/einimed.eu\/de\/wp-json\/wp\/v2\/users\/1"}],"replies":[{"embeddable":true,"href":"https:\/\/einimed.eu\/de\/wp-json\/wp\/v2\/comments?post=15768"}],"version-history":[{"count":15,"href":"https:\/\/einimed.eu\/de\/wp-json\/wp\/v2\/pages\/15768\/revisions"}],"predecessor-version":[{"id":15930,"href":"https:\/\/einimed.eu\/de\/wp-json\/wp\/v2\/pages\/15768\/revisions\/15930"}],"wp:attachment":[{"href":"https:\/\/einimed.eu\/de\/wp-json\/wp\/v2\/media?parent=15768"}],"curies":[{"name":"wp","href":"https:\/\/api.w.org\/{rel}","templated":true}]}}