{"id":15766,"date":"2024-07-27T22:49:02","date_gmt":"2024-07-27T22:49:02","guid":{"rendered":"http:\/\/192.168.13.40\/?page_id=15766"},"modified":"2024-07-28T21:34:01","modified_gmt":"2024-07-28T21:34:01","slug":"regulatory-compliance","status":"publish","type":"page","link":"https:\/\/einimed.eu\/de\/regulierungsbehorden\/","title":{"rendered":"Regulatorische Compliance"},"content":{"rendered":"<div data-elementor-type=\"wp-page\" data-elementor-id=\"15766\" class=\"elementor elementor-15766\" data-elementor-post-type=\"page\">\n\t\t\t\t<div class=\"wd-negative-gap elementor-element elementor-element-71df52b0 e-flex e-con-boxed e-con e-parent\" data-id=\"71df52b0\" data-element_type=\"container\">\n\t\t\t\t\t<div class=\"e-con-inner\">\n\t\t\t\t<div class=\"elementor-element elementor-element-17f85f8 wd-width-100 elementor-widget elementor-widget-wd_title\" data-id=\"17f85f8\" data-element_type=\"widget\" data-widget_type=\"wd_title.default\">\n\t\t\t\t<div class=\"elementor-widget-container\">\n\t\t\t\t\t<div class=\"title-wrapper set-mb-s reset-last-child wd-title-color-default wd-title-style-default wd-title-size-default text-center\">\n\n\t\t\t\t\t\t\t<div class=\"title-subtitle subtitle-color-default subtitle-style-default wd-fontsize-xs\">\n\t\t\t\t\tGew\u00e4hrleistung der Einhaltung von Expertenregeln\t\t\t\t<\/div>\n\t\t\t\n\t\t\t<div class=\"liner-continer\">\n\t\t\t\t<h4 class=\"woodmart-title-container title wd-fontsize-l\">Umfassende Regulatory Compliance Services<\/h4> \n\t\t\t\t\t\t\t<\/div>\n\n\t\t\t\t\t\t\t<div class=\"title-after_title set-cont-mb-s reset-last-child wd-fontsize-xs\">\n\t\t\t\t\t<p>Bei EINIMED verstehen wir die kritische Bedeutung der Einhaltung regulatorischer Standards im Bereich der Medizintechnik. Unsere Regulatory Compliance-Dienste sind so konzipiert, dass Sie Ihre Organisation dabei unterst\u00fctzen, die komplexe Landschaft der Gesundheitsvorschriften zu navigieren, um sicherzustellen, dass Ihre Produkte und Betriebe alle notwendigen Anforderungen erf\u00fcllen. Egal, ob Sie ein neues Produkt starten oder die Einhaltung bestehender Vorschriften beibehalten m\u00f6chten, unser Expertenteam ist hier, um Sie jeden Schritt zu begleiten.<\/p>\t\t\t\t<\/div>\n\t\t\t\t\t<\/div>\n\t\t\t\t<\/div>\n\t\t\t\t<\/div>\n\t\t\t\t<div class=\"elementor-element elementor-element-1c50f9b6 color-scheme-inherit text-left elementor-widget elementor-widget-text-editor\" data-id=\"1c50f9b6\" data-element_type=\"widget\" data-widget_type=\"text-editor.default\">\n\t\t\t\t<div class=\"elementor-widget-container\">\n\t\t\t<style>\/*! elementor - v3.23.0 - 05-08-2024 *\/\n.elementor-widget-text-editor.elementor-drop-cap-view-stacked .elementor-drop-cap{background-color:#69727d;color:#fff}.elementor-widget-text-editor.elementor-drop-cap-view-framed .elementor-drop-cap{color:#69727d;border:3px solid;background-color:transparent}.elementor-widget-text-editor:not(.elementor-drop-cap-view-default) .elementor-drop-cap{margin-top:8px}.elementor-widget-text-editor:not(.elementor-drop-cap-view-default) .elementor-drop-cap-letter{width:1em;height:1em}.elementor-widget-text-editor .elementor-drop-cap{float:left;text-align:center;line-height:1;font-size:50px}.elementor-widget-text-editor .elementor-drop-cap-letter{display:inline-block}<\/style>\t\t\t\t<!-- wp:paragraph -->\n<h3>Unsere Dienstleistungen<\/h3>\n<h4>Regulatorische Strategieentwicklung<\/h4>\n<p>Wir entwickeln ma\u00dfgeschneiderte regulatorische Strategien, die auf Ihre spezifischen Bed\u00fcrfnisse und Marktziele zugeschnitten sind. Unser strategischer Ansatz sorgt daf\u00fcr, dass Ihre Produkte von Anfang an alle relevanten Vorschriften einhalten.<\/p>\n<p><strong>Vorteile:<\/strong><\/p>\n<ul>\n<li><strong>F\u00fcr Marken:<\/strong> Der Weg zur Marktzulassung und das reduzierte Risiko regulatorischer Fragen.<\/li>\n<li><strong>F\u00fcr medizinische Einrichtungen:<\/strong> Versicherte Einhaltung von Industriestandards und -vorschriften.<\/li>\n<li><strong>F\u00fcr Mediziner:<\/strong> Vertrauen bei der Verwendung von konformen, hochwertigen Produkten.<\/li>\n<\/ul>\n<h4>Dokumentation &amp; Einreichung<\/h4>\n<p>Unser Team unterst\u00fctzt bei der Vorbereitung und Einreichung von Regulierungsdokumenten, sorgt f\u00fcr Genauigkeit und Vollst\u00e4ndigkeit. Wir verwalten den gesamten Einreichungsprozess, um rechtzeitige Genehmigungen zu erleichtern.<\/p>\n<p><strong>Vorteile:<\/strong><\/p>\n<ul>\n<li><strong>F\u00fcr Marken:<\/strong> Effizienter Dokumentationsprozess und schnellere Genehmigungszeiten.<\/li>\n<li><strong>F\u00fcr medizinische Einrichtungen:<\/strong> Verminderte Verwaltungslast und optimierte Compliance.<\/li>\n<li><strong>F\u00fcr Mediziner:<\/strong> Gew\u00e4hrleistung der Verwendung von Produkten, die strengen regulatorischen Kontrolle unterzogen wurden.<\/li>\n<\/ul>\n<h4>Compliance Audits<\/h4>\n<p>Wir f\u00fchren gr\u00fcndliche Compliance-Pr\u00fcfungen durch, um potenzielle regulatorische Probleme zu identifizieren und anzugehen. Unsere Audits sorgen daf\u00fcr, dass Ihr Betrieb und Ihre Produkte den aktuellen Standards entsprechen.<\/p>\n<p><strong>Vorteile:<\/strong><\/p>\n<ul>\n<li><strong>F\u00fcr Marken:<\/strong> Fr\u00fcherkennung und L\u00f6sung von Compliance-Problemen.<\/li>\n<li><strong>F\u00fcr medizinische Einrichtungen:<\/strong> Laufende Gew\u00e4hrleistung der Einhaltung und Risikominderung.<\/li>\n<li><strong>F\u00fcr Mediziner:<\/strong> Weiter Vertrauen in die Sicherheit und Wirksamkeit der in der Praxis verwendeten Produkte.<\/li>\n<\/ul>\n<h4>Ausbildung &amp; Ausbildung<\/h4>\n<p>Wir bieten Schulungsprogramme an, um Ihr Team \u00fcber regulatorische Anforderungen und Best Practices zu informieren. Unsere Bildungsinitiativen sorgen daf\u00fcr, dass Ihr Personal mit den neuesten regulatorischen Ver\u00e4nderungen aktuell bleibt.<\/p>\n<p><strong>Vorteile:<\/strong><\/p>\n<ul>\n<li><strong>F\u00fcr Marken:<\/strong> Wissenswerte Mitarbeiter, die regulatorische Prozesse effektiv verwalten k\u00f6nnen.<\/li>\n<li><strong>F\u00fcr medizinische Einrichtungen:<\/strong> Gut informiertes Team, das die Einhaltung auf allen Ebenen gew\u00e4hrleistet.<\/li>\n<li><strong>F\u00fcr Mediziner:<\/strong> Verbessertes Verst\u00e4ndnis von Regulierungsstandards, die die t\u00e4gliche Praxis beeinflussen.<\/li>\n<\/ul>\n<h4>\u00dcberwachung nach dem Markt<\/h4>\n<p>Unsere Post-Marke-\u00dcberwachungsdienste \u00fcberwachen die Leistung und Sicherheit Ihrer Produkte nach dem Markteintritt. Wir helfen Ihnen, die Compliance zu wahren und alle aufstrebenden regulatorischen Bedenken zu l\u00f6sen.<\/p>\n<p><strong>Vorteile:<\/strong><\/p>\n<ul>\n<li><strong>F\u00fcr Marken:<\/strong> Laufende Produktsicherheits\u00fcberwachung und Compliance-Wartung.<\/li>\n<li><strong>F\u00fcr medizinische Einrichtungen:<\/strong> Gew\u00e4hrleistung der kontinuierlichen Produktleistung und Sicherheit.<\/li>\n<li><strong>F\u00fcr Mediziner:<\/strong> Zuverl\u00e4ssige Produkte, die hohe Pflegestandards gew\u00e4hrleisten.<\/li>\n<\/ul>\n<h4>Risikomanagement<\/h4>\n<p>Wir bieten umfassende Risikomanagement-Dienste, um regulatorische Risiken zu identifizieren, zu bewerten und zu mildern. Unser proaktiver Ansatz sorgt daf\u00fcr, dass potenzielle Compliance-Probleme angesprochen werden, bevor sie Probleme werden.<\/p>\n<p><strong>Vorteile:<\/strong><\/p>\n<ul>\n<li><strong>F\u00fcr Marken:<\/strong> Proaktives Risikomanagement, das Ihre Marktposition sch\u00fctzt.<\/li>\n<li><strong>F\u00fcr medizinische Einrichtungen:<\/strong> Minimierung von regulatorischen Risiken und damit verbundenen Kosten.<\/li>\n<li><strong>F\u00fcr Mediziner:<\/strong> Sicherheit der Arbeit mit Produkten, die die Patientensicherheit priorisieren.<\/li>\n<\/ul>\n<hr \/>\n<h3>Warum w\u00e4hlen Sie uns?<\/h3>\n<h4>Kompetenz &amp; Erfahrung<\/h4>\n<p>Unsere regulatorischen Experten bringen umfangreiche Erfahrungen bei der Navigation von Gesundheitsvorschriften. Wir nutzen unser tiefes Wissen, um Ihnen zuverl\u00e4ssige Compliance-L\u00f6sungen zu bieten.<\/p>\n<h4>Ma\u00dfgeschneiderter Ansatz<\/h4>\n<p>Wir passen unsere regulatorischen Compliance-Dienste an, um den einzigartigen Bed\u00fcrfnissen Ihrer Organisation gerecht zu werden, um Relevanz und Wirksamkeit zu gew\u00e4hrleisten.<\/p>\n<h4>Umfassende L\u00f6sungen<\/h4>\n<p>Von der Strategieentwicklung bis zur Post-Marke-\u00dcberwachung bieten wir ein komplettes Spektrum an Compliance-Diensten, die jeden Aspekt der regulatorischen Anforderungen abdecken.<\/p>\n<h4>Erfolg bew\u00e4hrt<\/h4>\n<p>Unsere erfolgreiche Erfolgsbilanz in F\u00fchrungsorganisationen durch regulatorische Compliance spricht f\u00fcr sich. Wir haben zahlreichen Marken und Institutionen geholfen, die Einhaltung zu erreichen und zu erhalten.<\/p>\n<hr \/>\n<h3>Kontaktieren Sie uns<\/h3>\n<p>Sind Sie bereit, die Einhaltung der fachkundigen regulatorischen Leitlinien Ihrer Organisation sicherzustellen? Kontaktieren Sie unser Team heute, um eine Beratung zu planen. F\u00fcllen Sie das Kontaktformular auf unserer Website aus, und wir werden folgen, um ein Treffen oder Teams rufen, um Ihre Bed\u00fcrfnisse zu diskutieren. Wir freuen uns darauf, Ihnen bei der Erreichung Ihrer Compliance-Ziele mit ma\u00dfgeschneiderten L\u00f6sungen zu helfen, die f\u00fcr Sie arbeiten.<\/p>\n<p>Bei EINIMED widmen wir uns der Bereitstellung von kompetenten Compliance-Diensten, die Ihren Erfolg unterst\u00fctzen. Lassen Sie uns Ihnen helfen, die regulatorische Landschaft zu navigieren und sicherzustellen, dass Ihre Produkte alle notwendigen Standards erf\u00fcllen. Kontaktieren Sie uns unter info@einimed.eu.<\/p>\n<!-- \/wp:paragraph -->\t\t\t\t\t\t<\/div>\n\t\t\t\t<\/div>\n\t\t\t\t\t<\/div>\n\t\t\t\t<\/div>\n\t\t\t\t<\/div>","protected":false},"excerpt":{"rendered":"<p>Ensure Compliance with Expert Regulatory Guidance Comprehensive Regulatory Compliance Services At , we understand the critical importance of adhering to<\/p>","protected":false},"author":1,"featured_media":0,"parent":0,"menu_order":0,"comment_status":"closed","ping_status":"closed","template":"","meta":{"footnotes":""},"class_list":["post-15766","page","type-page","status-publish","hentry"],"_links":{"self":[{"href":"https:\/\/einimed.eu\/de\/wp-json\/wp\/v2\/pages\/15766"}],"collection":[{"href":"https:\/\/einimed.eu\/de\/wp-json\/wp\/v2\/pages"}],"about":[{"href":"https:\/\/einimed.eu\/de\/wp-json\/wp\/v2\/types\/page"}],"author":[{"embeddable":true,"href":"https:\/\/einimed.eu\/de\/wp-json\/wp\/v2\/users\/1"}],"replies":[{"embeddable":true,"href":"https:\/\/einimed.eu\/de\/wp-json\/wp\/v2\/comments?post=15766"}],"version-history":[{"count":6,"href":"https:\/\/einimed.eu\/de\/wp-json\/wp\/v2\/pages\/15766\/revisions"}],"predecessor-version":[{"id":15902,"href":"https:\/\/einimed.eu\/de\/wp-json\/wp\/v2\/pages\/15766\/revisions\/15902"}],"wp:attachment":[{"href":"https:\/\/einimed.eu\/de\/wp-json\/wp\/v2\/media?parent=15766"}],"curies":[{"name":"wp","href":"https:\/\/api.w.org\/{rel}","templated":true}]}}