{"id":15761,"date":"2024-07-27T22:46:38","date_gmt":"2024-07-27T22:46:38","guid":{"rendered":"http:\/\/192.168.13.40\/?page_id=15761"},"modified":"2024-07-28T22:03:40","modified_gmt":"2024-07-28T22:03:40","slug":"distribution-network","status":"publish","type":"page","link":"https:\/\/einimed.eu\/de\/vertriebsnetz\/","title":{"rendered":"Vertriebsnetz"},"content":{"rendered":"<div data-elementor-type=\"wp-page\" data-elementor-id=\"15761\" class=\"elementor elementor-15761\" data-elementor-post-type=\"page\">\n\t\t\t\t<div class=\"wd-negative-gap elementor-element elementor-element-12ac704 e-flex e-con-boxed e-con e-parent\" data-id=\"12ac704\" data-element_type=\"container\">\n\t\t\t\t\t<div class=\"e-con-inner\">\n\t\t\t\t<div class=\"elementor-element elementor-element-79bfed6 wd-width-100 elementor-widget elementor-widget-wd_title\" data-id=\"79bfed6\" data-element_type=\"widget\" data-widget_type=\"wd_title.default\">\n\t\t\t\t<div class=\"elementor-widget-container\">\n\t\t\t\t\t<div class=\"title-wrapper set-mb-s reset-last-child wd-title-color-default wd-title-style-default wd-title-size-default text-center\">\n\n\t\t\t\t\t\t\t<div class=\"title-subtitle subtitle-color-default subtitle-style-default wd-fontsize-xs\">\n\t\t\t\t\tErweitern Sie Ihren Ansatz mit unserem umfangreichen Vertriebsnetzwerk\t\t\t\t<\/div>\n\t\t\t\n\t\t\t<div class=\"liner-continer\">\n\t\t\t\t<h4 class=\"woodmart-title-container title wd-fontsize-l\">Umfassende Vertriebsnetzdienste<\/h4> \n\t\t\t\t\t\t\t<\/div>\n\n\t\t\t\t\t\t\t<div class=\"title-after_title set-cont-mb-s reset-last-child wd-fontsize-xs\">\n\t\t\t\t\t<p>Bei EINIMED verstehen wir die Bedeutung eines effizienten und zuverl\u00e4ssigen Vertriebsnetzes, um sicherzustellen, dass hochwertige medizinische Technologien diejenigen erreichen, die sie am meisten ben\u00f6tigen. Unsere Distribution Network Services sind darauf ausgerichtet, Hersteller mit medizinischen Einrichtungen, Krankenh\u00e4usern, Zahnkliniken, orthop\u00e4dischen Kliniken und medizinischen Fachleuten in ganz Europa zu verbinden. Durch die Nutzung unseres etablierten Netzwerks helfen wir Ihnen, nahtlose Verteilung zu erreichen und die Marktdurchdringung zu maximieren.<\/p>\t\t\t\t<\/div>\n\t\t\t\t\t<\/div>\n\t\t\t\t<\/div>\n\t\t\t\t<\/div>\n\t\t\t\t<div class=\"elementor-element elementor-element-8ef0530 elementor-widget elementor-widget-spacer\" data-id=\"8ef0530\" data-element_type=\"widget\" data-widget_type=\"spacer.default\">\n\t\t\t\t<div class=\"elementor-widget-container\">\n\t\t\t<style>\/*! elementor - v3.23.0 - 05-08-2024 *\/\n.elementor-column .elementor-spacer-inner{height:var(--spacer-size)}.e-con{--container-widget-width:100%}.e-con-inner>.elementor-widget-spacer,.e-con>.elementor-widget-spacer{width:var(--container-widget-width,var(--spacer-size));--align-self:var(--container-widget-align-self,initial);--flex-shrink:0}.e-con-inner>.elementor-widget-spacer>.elementor-widget-container,.e-con>.elementor-widget-spacer>.elementor-widget-container{height:100%;width:100%}.e-con-inner>.elementor-widget-spacer>.elementor-widget-container>.elementor-spacer,.e-con>.elementor-widget-spacer>.elementor-widget-container>.elementor-spacer{height:100%}.e-con-inner>.elementor-widget-spacer>.elementor-widget-container>.elementor-spacer>.elementor-spacer-inner,.e-con>.elementor-widget-spacer>.elementor-widget-container>.elementor-spacer>.elementor-spacer-inner{height:var(--container-widget-height,var(--spacer-size))}.e-con-inner>.elementor-widget-spacer.elementor-widget-empty,.e-con>.elementor-widget-spacer.elementor-widget-empty{position:relative;min-height:22px;min-width:22px}.e-con-inner>.elementor-widget-spacer.elementor-widget-empty .elementor-widget-empty-icon,.e-con>.elementor-widget-spacer.elementor-widget-empty .elementor-widget-empty-icon{position:absolute;top:0;bottom:0;left:0;right:0;margin:auto;padding:0;width:22px;height:22px}<\/style>\t\t<div class=\"elementor-spacer\">\n\t\t\t<div class=\"elementor-spacer-inner\"><\/div>\n\t\t<\/div>\n\t\t\t\t<\/div>\n\t\t\t\t<\/div>\n\t\t\t\t\t<\/div>\n\t\t\t\t<\/div>\n\t\t<div class=\"wd-negative-gap elementor-element elementor-element-c8ed527 e-flex e-con-boxed e-con e-parent\" data-id=\"c8ed527\" data-element_type=\"container\">\n\t\t\t\t\t<div class=\"e-con-inner\">\n\t\t\t\t<div class=\"elementor-element elementor-element-a2e6a0d elementor-widget elementor-widget-wd_text_block\" data-id=\"a2e6a0d\" data-element_type=\"widget\" data-widget_type=\"wd_text_block.default\">\n\t\t\t\t<div class=\"elementor-widget-container\">\n\t\t\t\t\t<div class=\"wd-text-block reset-last-child text-left\">\n\t\t\t\n\t\t\t<blockquote><h3>Anzahl der medizinischen Einrichtungen in Polen<\/h3><\/blockquote><p>Polen verf\u00fcgt \u00fcber ein robustes Gesundheitssystem mit einer betr\u00e4chtlichen Anzahl medizinischer Einrichtungen. Dazu geh\u00f6ren Krankenh\u00e4user, Kliniken und spezialisierte medizinische Zentren. Basierend auf Daten des National Institute of Public Health und anderer Quellen:<\/p><ul><li><strong>Krankenh\u00e4user:<\/strong> Ungef\u00e4hr 950 Krankenh\u00e4user (beide \u00f6ffentliche und private).<\/li><li><strong>Kliniken und Medizinische Zentren:<\/strong> Mehr als 10.000 Kliniken und medizinische Zentren bieten verschiedene ambulante Dienstleistungen.<\/li><\/ul><blockquote><h3>Anzahl der medizinischen Einrichtungen in Deutschland<\/h3><\/blockquote><p>Das Gesundheitssystem Deutschlands ist eines der am weitesten fortgeschrittensten in Europa, mit einer Vielzahl von medizinischen Einrichtungen. Nach Angaben des Statistischen Bundesamtes Deutschland:<\/p><ul><li><strong>Krankenh\u00e4user:<\/strong> Etwa 1.900 Krankenh\u00e4user.<\/li><li><strong>Kliniken und Medizinische Zentren:<\/strong> Mehr als 20.000 Kliniken und medizinische Zentren, darunter ambulante Pflegeeinrichtungen und spezialisierte medizinische Praktiken.<\/li><\/ul><blockquote><h3>Zahl der medizinischen Einrichtungen in der EU<\/h3><\/blockquote><p>Die Europ\u00e4ische Union verf\u00fcgt mit ihren vielf\u00e4ltigen und umfassenden Gesundheitssystemen in allen Mitgliedstaaten \u00fcber eine Vielzahl von medizinischen Einrichtungen. Daten der Europ\u00e4ischen Kommission und Eurostat:<\/p><ul><li><strong>Krankenh\u00e4user:<\/strong> Ungef\u00e4hr 15.000 Krankenh\u00e4user in den EU-Mitgliedstaaten.<\/li><li><strong>Kliniken und Medizinische Zentren:<\/strong> Mehr als 100.000 Kliniken und medizinische Zentren, die eine breite Palette von medizinischen Spezialit\u00e4ten und ambulanten Dienstleistungen abdecken.<\/li><\/ul>\n\t\t\t\t\t<\/div>\n\t\t\t\t<\/div>\n\t\t\t\t<\/div>\n\t\t\t\t<div class=\"elementor-element elementor-element-227aff8 elementor-widget elementor-widget-spacer\" data-id=\"227aff8\" data-element_type=\"widget\" data-widget_type=\"spacer.default\">\n\t\t\t\t<div class=\"elementor-widget-container\">\n\t\t\t\t\t<div class=\"elementor-spacer\">\n\t\t\t<div class=\"elementor-spacer-inner\"><\/div>\n\t\t<\/div>\n\t\t\t\t<\/div>\n\t\t\t\t<\/div>\n\t\t\t\t\t<\/div>\n\t\t\t\t<\/div>\n\t\t<div class=\"wd-negative-gap elementor-element elementor-element-ab26d10 e-flex e-con-boxed e-con e-parent\" data-id=\"ab26d10\" data-element_type=\"container\">\n\t\t\t\t\t<div class=\"e-con-inner\">\n\t\t\t\t<div class=\"elementor-element elementor-element-56d1336 elementor-widget elementor-widget-wd_text_block\" data-id=\"56d1336\" data-element_type=\"widget\" data-widget_type=\"wd_text_block.default\">\n\t\t\t\t<div class=\"elementor-widget-container\">\n\t\t\t\t\t<div class=\"wd-text-block reset-last-child text-left\">\n\t\t\t\n\t\t\t<h3>Unsere Dienstleistungen<\/h3><h4>Strategischer Marktzugang<\/h4><p>Wir bieten strategische Marktzugangsl\u00f6sungen, um Sie in neuen M\u00e4rkten ein- und auszubauen. Unser Know-how sorgt daf\u00fcr, dass Ihre Produkte die richtigen Zuschauer effizient erreichen.<\/p><p><strong>Vorteile:<\/strong><\/p><ul><li><strong>F\u00fcr Marken:<\/strong> Beschleunigter Markteintritt und erh\u00f6hte Absatzm\u00f6glichkeiten.<\/li><li><strong>F\u00fcr medizinische Einrichtungen:<\/strong> Zugang zu einem breiteren Spektrum moderner medizinischer Technologien.<\/li><li><strong>F\u00fcr Mediziner:<\/strong> Verf\u00fcgbarkeit moderner Ger\u00e4te zur Verbesserung der Patientenversorgung.<\/li><\/ul><h4>Logistik &amp; Lager<\/h4><p>Unsere Logistik- und Lagerdienstleistungen sorgen daf\u00fcr, dass Ihre Produkte sicher und effizient gelagert und transportiert werden. Wir verwalten die gesamte Lieferkette, um eine rechtzeitige Lieferung zu gew\u00e4hrleisten.<\/p><p><strong>Vorteile:<\/strong><\/p><ul><li><strong>F\u00fcr Marken:<\/strong> Zuverl\u00e4ssige und sichere Verteilung der Produkte.<\/li><li><strong>F\u00fcr medizinische Einrichtungen:<\/strong> Rechtzeitige und effiziente Lieferung der notwendigen Ger\u00e4te.<\/li><li><strong>F\u00fcr Mediziner:<\/strong> Konsistente Verf\u00fcgbarkeit von wichtigen medizinischen Ger\u00e4ten.<\/li><\/ul><h4>Lokale Vertretung<\/h4><p>Wir bieten lokale Vertretungen, um die L\u00fccke zwischen Herstellern und Endbenutzern zu \u00fcberbr\u00fccken. Unsere lokalen Experten verstehen regionale Marktdynamik und regulatorische Anforderungen, um reibungslose Operationen zu gew\u00e4hrleisten.<\/p><p><strong>Vorteile:<\/strong><\/p><ul><li><strong>F\u00fcr Marken:<\/strong> Verbesserte Pr\u00e4senz und Glaubw\u00fcrdigkeit auf lokalen M\u00e4rkten.<\/li><li><strong>F\u00fcr medizinische Einrichtungen:<\/strong> Lokale Unterst\u00fctzung und Know-how zur Erleichterung der Anlagenbeschaffung.<\/li><li><strong>F\u00fcr Mediziner:<\/strong> Einfacher Zugang zu lokalen Vertretern f\u00fcr Unterst\u00fctzung und Anfragen.<\/li><\/ul><h4>Unterst\u00fctzung f\u00fcr die Einhaltung der Vorschriften<\/h4><p>Das Navigieren regulatorischer Anforderungen ist entscheidend f\u00fcr eine erfolgreiche Distribution. Wir unterst\u00fctzen Sie dabei, sicherzustellen, dass Ihre Produkte den lokalen Vorschriften entsprechen und den Zulassungsprozess optimieren.<\/p><p><strong>Vorteile:<\/strong><\/p><ul><li><strong>F\u00fcr Marken:<\/strong> Einhaltung regionaler Vorschriften, Verringerung der Zugangshindernisse.<\/li><li><strong>F\u00fcr medizinische Einrichtungen:<\/strong> Sicherheit beim Erwerb von konformen und sicheren Produkten.<\/li><li><strong>F\u00fcr Mediziner:<\/strong> Vertrauen bei der Verwendung von Ger\u00e4ten, die regulatorischen Standards entsprechen.<\/li><\/ul><h4>Vertriebs- und Marketingunterst\u00fctzung<\/h4><p>Unsere Vertriebs- und Marketing-Supportdienste helfen Ihnen, Ihre Produkte effektiv in unserem Netzwerk zu f\u00f6rdern. Wir entwickeln gezielte Strategien, um die Sichtbarkeit zu erh\u00f6hen und den Umsatz zu steigern.<\/p><p><strong>Vorteile:<\/strong><\/p><ul><li><strong>F\u00fcr Marken:<\/strong> Erh\u00f6htes Markenbewusstsein und Marktanteil.<\/li><li><strong>F\u00fcr medizinische Einrichtungen:<\/strong> Informationen und Promotionen zu den neuesten medizinischen Technologien.<\/li><li><strong>F\u00fcr Mediziner:<\/strong> Zugang zu Informationen \u00fcber die neuesten Fortschritte in der medizinischen Ausr\u00fcstung.<\/li><\/ul><h4>Kundenservice &amp; Support<\/h4><p>Wir bieten au\u00dfergew\u00f6hnlichen Kundenservice und Support, um die Zufriedenheit w\u00e4hrend des gesamten Distributionsprozesses zu gew\u00e4hrleisten. Unser engagiertes Team richtet sich an alle Probleme schnell und effektiv.<\/p><p><strong>Vorteile:<\/strong><\/p><ul><li><strong>F\u00fcr Marken:<\/strong> Hohe Kundenzufriedenheit und Loyalit\u00e4t.<\/li><li><strong>F\u00fcr medizinische Einrichtungen:<\/strong> Zuverl\u00e4ssige Unterst\u00fctzung f\u00fcr verteilungsbezogene Anliegen.<\/li><li><strong>F\u00fcr Mediziner:<\/strong> Effiziente L\u00f6sung von Anfragen und Fragen.<\/li><\/ul><hr \/><h3>Warum w\u00e4hlen Sie uns?<\/h3><h4>Kompetenz &amp; Erfahrung<\/h4><p>Unser Team bringt umfangreiche Erfahrungen im Bereich der Medizintechnik. Wir nutzen unser fundiertes Branchenwissen, um effektive und zuverl\u00e4ssige Vertriebsl\u00f6sungen zu bieten.<\/p><h4>Umfassendes Netzwerk<\/h4><p>Wir bieten ein robustes Vertriebsnetz, das Hersteller mit medizinischen Institutionen und Fachleuten in ganz Europa verbindet und einen weitreichenden Zugang zu Ihren Produkten gew\u00e4hrleistet.<\/p><h4>Ma\u00dfgeschneiderte L\u00f6sungen<\/h4><p>Wir passen unsere Vertriebsdienstleistungen an, um den einzigartigen Bed\u00fcrfnissen Ihrer Produkte und Zielm\u00e4rkte gerecht zu werden, um optimale Ergebnisse und Zufriedenheit zu gew\u00e4hrleisten.<\/p><h4>Erfolg bew\u00e4hrt<\/h4><p>Unsere erfolgreiche Erfolgsbilanz bei der Verteilung medizinischer Technologien spricht f\u00fcr sich. Wir haben zahlreichen Marken geholfen, ihre Vertriebsziele zu erreichen und ihre Marktpr\u00e4senz zu erweitern.<\/p><hr \/><h3>Kontaktieren Sie uns<\/h3><p>Bereit, Ihre Reichweite mit unseren umfangreichen Vertriebsnetz-Diensten zu erweitern? Kontaktieren Sie unser Team heute, um eine Beratung zu planen. F\u00fcllen Sie das Kontaktformular auf unserer Website aus, und wir werden folgen, um ein Treffen oder Teams rufen, um Ihre Bed\u00fcrfnisse zu diskutieren. Wir freuen uns darauf, Ihnen bei der Erreichung Ihrer Vertriebsziele mit ma\u00dfgeschneiderten L\u00f6sungen zu helfen, die f\u00fcr Sie arbeiten.<\/p><p>Bei EINIMED widmen wir uns der Bereitstellung von kompetenten Vertriebsnetzdiensten, die Ihren Erfolg unterst\u00fctzen. Lassen Sie uns Ihnen helfen, die Komplexit\u00e4t der medizinischen Technologieverteilung zu navigieren und sicherzustellen, dass Ihre Produkte ihre beabsichtigten M\u00e4rkte erreichen. Kontaktieren Sie uns unter info@einimed.eu.<\/p>\n\t\t\t\t\t<\/div>\n\t\t\t\t<\/div>\n\t\t\t\t<\/div>\n\t\t\t\t\t<\/div>\n\t\t\t\t<\/div>\n\t\t\t\t<\/div>","protected":false},"excerpt":{"rendered":"<p>Expand Your Reach with Our Extensive Distribution Network Comprehensive Distribution Network Services At , we understand the importance of an<\/p>","protected":false},"author":1,"featured_media":0,"parent":0,"menu_order":0,"comment_status":"closed","ping_status":"closed","template":"","meta":{"footnotes":""},"class_list":["post-15761","page","type-page","status-publish","hentry"],"_links":{"self":[{"href":"https:\/\/einimed.eu\/de\/wp-json\/wp\/v2\/pages\/15761"}],"collection":[{"href":"https:\/\/einimed.eu\/de\/wp-json\/wp\/v2\/pages"}],"about":[{"href":"https:\/\/einimed.eu\/de\/wp-json\/wp\/v2\/types\/page"}],"author":[{"embeddable":true,"href":"https:\/\/einimed.eu\/de\/wp-json\/wp\/v2\/users\/1"}],"replies":[{"embeddable":true,"href":"https:\/\/einimed.eu\/de\/wp-json\/wp\/v2\/comments?post=15761"}],"version-history":[{"count":10,"href":"https:\/\/einimed.eu\/de\/wp-json\/wp\/v2\/pages\/15761\/revisions"}],"predecessor-version":[{"id":15924,"href":"https:\/\/einimed.eu\/de\/wp-json\/wp\/v2\/pages\/15761\/revisions\/15924"}],"wp:attachment":[{"href":"https:\/\/einimed.eu\/de\/wp-json\/wp\/v2\/media?parent=15761"}],"curies":[{"name":"wp","href":"https:\/\/api.w.org\/{rel}","templated":true}]}}