{"id":15757,"date":"2024-07-27T22:44:54","date_gmt":"2024-07-27T22:44:54","guid":{"rendered":"http:\/\/192.168.13.40\/?page_id=15757"},"modified":"2024-07-28T22:49:32","modified_gmt":"2024-07-28T22:49:32","slug":"join-our-team","status":"publish","type":"page","link":"https:\/\/einimed.eu\/de\/in-unserem-team\/","title":{"rendered":"Unser Team"},"content":{"rendered":"<div data-elementor-type=\"wp-page\" data-elementor-id=\"15757\" class=\"elementor elementor-15757\" data-elementor-post-type=\"page\">\n\t\t\t\t<div class=\"wd-negative-gap elementor-element elementor-element-ce980c6 e-flex e-con-boxed e-con e-parent\" data-id=\"ce980c6\" data-element_type=\"container\">\n\t\t\t\t\t<div class=\"e-con-inner\">\n\t\t\t\t<div class=\"elementor-element elementor-element-18cd73d wd-width-100 elementor-widget elementor-widget-wd_title\" data-id=\"18cd73d\" data-element_type=\"widget\" data-widget_type=\"wd_title.default\">\n\t\t\t\t<div class=\"elementor-widget-container\">\n\t\t\t\t\t<div class=\"title-wrapper set-mb-s reset-last-child wd-title-color-default wd-title-style-default wd-title-size-default text-center\">\n\n\t\t\t\t\t\t\t<div class=\"title-subtitle subtitle-color-default subtitle-style-default wd-fontsize-xs\">\n\t\t\t\t\tWerden Sie Teil von Innovation und Exzellenz\t\t\t\t<\/div>\n\t\t\t\n\t\t\t<div class=\"liner-continer\">\n\t\t\t\t<h4 class=\"woodmart-title-container title wd-fontsize-l\">Wachsen mit Wir: Schlie\u00dfen Sie unserem Team<\/h4> \n\t\t\t\t\t\t\t<\/div>\n\n\t\t\t\t\t\t\t<div class=\"title-after_title set-cont-mb-s reset-last-child wd-fontsize-xs\">\n\t\t\t\t\t<p>Bei EINIMED suchen wir immer nach leidenschaftlichen und engagierten Profis, um unserem dynamischen Team beizutreten. Wenn Sie begeistert sind, die Gesundheitsversorgung voranzutreiben und einen echten Einfluss zu haben, laden wir Sie ein, unsere Karrierem\u00f6glichkeiten zu erkunden.<\/p>\t\t\t\t<\/div>\n\t\t\t\t\t<\/div>\n\t\t\t\t<\/div>\n\t\t\t\t<\/div>\n\t\t\t\t<div class=\"elementor-element elementor-element-80e66ab elementor-widget elementor-widget-wd_text_block\" data-id=\"80e66ab\" data-element_type=\"widget\" data-widget_type=\"wd_text_block.default\">\n\t\t\t\t<div class=\"elementor-widget-container\">\n\t\t\t\t\t<div class=\"wd-text-block reset-last-child text-left\">\n\t\t\t\n\t\t\t<h3>Warum mit uns arbeiten?<\/h3><h4>Engagement f\u00fcr Exzellenz<\/h4><p>Bei EINIMED sind wir stolz auf unser Engagement f\u00fcr Exzellenz in jedem Aspekt unseres Unternehmens. Wir bem\u00fchen uns, unseren Kunden h\u00f6chste Qualit\u00e4t medizinischer Technologien und Dienstleistungen zu bieten, und wir suchen Teammitglieder, die unser Engagement f\u00fcr herausragende Leistungen teilen.<\/p><h4>Innovation und Wachstum<\/h4><p>Wir stehen vor der Innovation der Medizintechnik. Unser Team erforscht st\u00e4ndig neue Ideen und L\u00f6sungen zur Verbesserung der Gesundheitsversorgung. Durch den Beitritt haben Sie die M\u00f6glichkeit, mit modernsten Technologien zu arbeiten und zu bahnbrechenden Fortschritten im medizinischen Bereich beizutragen.<\/p><h4>Kollaborative Umwelt<\/h4><p>Wir glauben an die F\u00f6rderung einer kollaborativen und unterst\u00fctzenden Arbeitsumgebung, in der jedes Teammitglied leben kann. Unsere Kultur f\u00f6rdert Teamarbeit, kontinuierliches Lernen und professionelle Entwicklung. Wir sch\u00e4tzen vielf\u00e4ltige Perspektiven und sind verpflichtet, einen inklusiven Arbeitsplatz zu schaffen.<\/p><h4>Professionelle Entwicklung<\/h4><p>Ihr Wachstum ist uns wichtig. Wir bieten eine Reihe von professionellen Entwicklungsm\u00f6glichkeiten, einschlie\u00dflich Trainingsprogramme, Workshops und Mentorship. Bei EINIMED haben Sie die Ressourcen und Unterst\u00fctzung, die Sie ben\u00f6tigen, um Ihre Karriere voranzubringen und Ihre beruflichen Ziele zu erreichen.<\/p><hr \/><h3>Karrierem\u00f6glichkeiten<\/h3><p>Wir bieten eine Vielzahl von Karrierem\u00f6glichkeiten in verschiedenen Bereichen unseres Unternehmens:<\/p><ul><li><strong>Vertrieb und Marketing:<\/strong> Helfen Sie uns, unsere Reichweite zu erweitern und unsere innovativen Produkte an Gesundheitsdienstleister zu f\u00f6rdern.<\/li><li><strong>Technischer Support:<\/strong> Arbeiten Sie an der Entwicklung und Aufrechterhaltung unserer fortschrittlichen medizinischen Technologien.<\/li><li><strong>Regulatorische Angelegenheiten:<\/strong> Stellen Sie sicher, dass unsere Produkte allen einschl\u00e4gigen Vorschriften und Standards entsprechen.<\/li><li><strong>Kundendienst:<\/strong> Bieten Sie au\u00dfergew\u00f6hnliche Unterst\u00fctzung f\u00fcr unsere Kunden und helfen Sie ihnen, das Beste aus unseren Produkten zu machen.<\/li><li><strong>Verwaltung und Betrieb:<\/strong> Unterst\u00fctzt den effizienten Betrieb unseres Unternehmens mit Ihren organisatorischen F\u00e4higkeiten.<\/li><\/ul><hr \/><h3>Wie zu bewerben<\/h3><p>Wenn Sie bereit sind, sich einem Team anzuschlie\u00dfen, das sich f\u00fcr einen Unterschied in der Gesundheitsversorgung einsetzt, wollen wir von Ihnen h\u00f6ren. So k\u00f6nnen Sie sich bewerben:<\/p><ol><li><strong>Entdecken Sie M\u00f6glichkeiten:<\/strong> Besuchen Sie unsere Karriereseite, um die aktuellen Stellenangebote zu sehen.<\/li><li><strong>Ihre Bewerbung einreichen:<\/strong> Bewerben Sie sich online, indem Sie Ihren Lebenslauf und ein Deckschreiben einreichen, das Ihre Qualifikationen und Interesse an der Position detailliert.<\/li><li><strong>Interview-Prozess:<\/strong> Wenn Ihre Bewerbung kurz gefasst ist, wird unser Personalteam Sie kontaktieren, um ein Interview zu planen. Wir k\u00f6nnen mehrere Gespr\u00e4chsrunden durchf\u00fchren, um eine gute Passform zu gew\u00e4hrleisten.<\/li><li><strong>Begleiten Sie unser Team:<\/strong> Erfolgreiche Kandidatinnen und Kandidaten erhalten ein Angebot und begleiten uns in unserer Mission, die Gesundheitsversorgung voranzutreiben.<\/li><\/ol><hr \/><h3>Kontaktieren Sie uns<\/h3><p>Bei Fragen zu Karrierem\u00f6glichkeiten bei EINIMED wenden Sie sich bitte an unser Personalteam:<\/p><ul><li><strong>E-Mail:<\/strong> info@einimed.eu<\/li><\/ul><hr \/><h3>Was unsere Mitarbeiter sagen<\/h3><p>\"Die Arbeit bei EINIMED war ein transformatives Erlebnis. Das kollaborative Umfeld und das Engagement f\u00fcr Innovation lie\u00dfen mich pers\u00f6nlich und professionell wachsen.\" \u2013 [Besch\u00e4ftigter Name], [Position]<\/p><hr \/><h3>Heute beitreten<\/h3><p>Werden Sie Teil von EINIMED und tragen zur Zukunft der Gesundheitsversorgung bei. Entdecken Sie unsere Karrierechancen und nehmen Sie den n\u00e4chsten Schritt in Ihrer beruflichen Reise mit uns.<\/p><p>Vielen Dank f\u00fcr eine Karriere bei EINIMED. Wir freuen uns, Sie in unserem Team begr\u00fc\u00dfen zu d\u00fcrfen.<\/p>\n\t\t\t\t\t<\/div>\n\t\t\t\t<\/div>\n\t\t\t\t<\/div>\n\t\t\t\t\t<\/div>\n\t\t\t\t<\/div>\n\t\t\t\t<\/div>","protected":false},"excerpt":{"rendered":"<p>Be a Part of Innovation and Excellence Grow with Us: Join Our Team At , we are always looking for<\/p>","protected":false},"author":1,"featured_media":0,"parent":0,"menu_order":0,"comment_status":"closed","ping_status":"closed","template":"","meta":{"footnotes":""},"class_list":["post-15757","page","type-page","status-publish","hentry"],"_links":{"self":[{"href":"https:\/\/einimed.eu\/de\/wp-json\/wp\/v2\/pages\/15757"}],"collection":[{"href":"https:\/\/einimed.eu\/de\/wp-json\/wp\/v2\/pages"}],"about":[{"href":"https:\/\/einimed.eu\/de\/wp-json\/wp\/v2\/types\/page"}],"author":[{"embeddable":true,"href":"https:\/\/einimed.eu\/de\/wp-json\/wp\/v2\/users\/1"}],"replies":[{"embeddable":true,"href":"https:\/\/einimed.eu\/de\/wp-json\/wp\/v2\/comments?post=15757"}],"version-history":[{"count":6,"href":"https:\/\/einimed.eu\/de\/wp-json\/wp\/v2\/pages\/15757\/revisions"}],"predecessor-version":[{"id":15966,"href":"https:\/\/einimed.eu\/de\/wp-json\/wp\/v2\/pages\/15757\/revisions\/15966"}],"wp:attachment":[{"href":"https:\/\/einimed.eu\/de\/wp-json\/wp\/v2\/media?parent=15757"}],"curies":[{"name":"wp","href":"https:\/\/api.w.org\/{rel}","templated":true}]}}