{"id":15584,"date":"2024-07-26T09:27:12","date_gmt":"2024-07-26T09:27:12","guid":{"rendered":"http:\/\/192.168.13.40\/?page_id=15584"},"modified":"2024-07-28T22:42:04","modified_gmt":"2024-07-28T22:42:04","slug":"terms-of-service","status":"publish","type":"page","link":"https:\/\/einimed.eu\/de\/servicebedingungen\/","title":{"rendered":"Gesch\u00e4ftsbedingungen"},"content":{"rendered":"<div data-elementor-type=\"wp-page\" data-elementor-id=\"15584\" class=\"elementor elementor-15584\" data-elementor-post-type=\"page\">\n\t\t\t\t<div class=\"wd-negative-gap elementor-element elementor-element-16edea81 e-flex e-con-boxed e-con e-parent\" data-id=\"16edea81\" data-element_type=\"container\">\n\t\t\t\t\t<div class=\"e-con-inner\">\n\t\t\t\t<div class=\"elementor-element elementor-element-5fcfac8 wd-width-100 elementor-widget elementor-widget-wd_title\" data-id=\"5fcfac8\" data-element_type=\"widget\" data-widget_type=\"wd_title.default\">\n\t\t\t\t<div class=\"elementor-widget-container\">\n\t\t\t\t\t<div class=\"title-wrapper set-mb-s reset-last-child wd-title-color-default wd-title-style-default wd-title-size-default text-center\">\n\n\t\t\t\t\t\t\t<div class=\"title-subtitle subtitle-color-default subtitle-style-default wd-fontsize-xs\">\n\t\t\t\t\tWillkommen bei EINIMED\t\t\t\t<\/div>\n\t\t\t\n\t\t\t<div class=\"liner-continer\">\n\t\t\t\t<h4 class=\"woodmart-title-container title wd-fontsize-l\">Gesch\u00e4ftsbedingungen<\/h4> \n\t\t\t\t\t\t\t<\/div>\n\n\t\t\t\t\t\t\t<div class=\"title-after_title set-cont-mb-s reset-last-child wd-fontsize-xs\">\n\t\t\t\t\t<p>Durch den Zugriff oder die Nutzung unserer Dienstleistungen erkl\u00e4ren Sie sich damit einverstanden, die folgenden Nutzungsbedingungen einzuhalten und an sie gebunden zu sein. Bitte lesen Sie diese Bedingungen sorgf\u00e4ltig vor der Nutzung unserer Website.<\/p>\t\t\t\t<\/div>\n\t\t\t\t\t<\/div>\n\t\t\t\t<\/div>\n\t\t\t\t<\/div>\n\t\t\t\t<div class=\"elementor-element elementor-element-43e06de7 color-scheme-inherit text-left elementor-widget elementor-widget-text-editor\" data-id=\"43e06de7\" data-element_type=\"widget\" data-widget_type=\"text-editor.default\">\n\t\t\t\t<div class=\"elementor-widget-container\">\n\t\t\t<style>\/*! elementor - v3.23.0 - 05-08-2024 *\/\n.elementor-widget-text-editor.elementor-drop-cap-view-stacked .elementor-drop-cap{background-color:#69727d;color:#fff}.elementor-widget-text-editor.elementor-drop-cap-view-framed .elementor-drop-cap{color:#69727d;border:3px solid;background-color:transparent}.elementor-widget-text-editor:not(.elementor-drop-cap-view-default) .elementor-drop-cap{margin-top:8px}.elementor-widget-text-editor:not(.elementor-drop-cap-view-default) .elementor-drop-cap-letter{width:1em;height:1em}.elementor-widget-text-editor .elementor-drop-cap{float:left;text-align:center;line-height:1;font-size:50px}.elementor-widget-text-editor .elementor-drop-cap-letter{display:inline-block}<\/style>\t\t\t\t<p><!-- wp:paragraph --><\/p>\n<h3>ANHANG Akzeptanz der AGB<\/h3>\n<p>Durch den Zugriff oder die Nutzung der Website erkennen Sie an, dass Sie diese Nutzungsbedingungen gelesen, verstanden und gebunden haben. Wenn Sie mit keinem Teil dieser Bedingungen einverstanden sind, d\u00fcrfen Sie die Website nicht nutzen.<\/p>\n<hr \/>\n<h3>2. Nur professionelle Nutzung<\/h3>\n<p>Die auf der Website verf\u00fcgbaren Produkte und Dienstleistungen sind ausschlie\u00dflich f\u00fcr den Einsatz von professionellen Nutzern in der Medizin- und Gesundheitsbranche bestimmt. Durch die Nutzung der Website best\u00e4tigen Sie, dass Sie ein qualifizierter Profi in diesem Bereich sind.<\/p>\n<hr \/>\n<h3>3. \u00c4nderungen an den Gesch\u00e4ftsbedingungen<\/h3>\n<p>Wir k\u00f6nnen diese Bedingungen von Zeit zu Zeit \u00e4ndern. Wir benachrichtigen Sie \u00fcber \u00c4nderungen, indem wir die neuen AGB auf unserer Website ver\u00f6ffentlichen. Ihre fortgesetzte Nutzung unserer Dienste nach der Buchung \u00fcberarbeiteter Bedingungen bedeutet, dass Sie die \u00c4nderungen akzeptieren und zustimmen.<\/p>\n<hr \/>\n<h3>4. Nutzung von Dienstleistungen<\/h3>\n<h4>F\u00f6rderf\u00e4higkeit<\/h4>\n<p>Sie m\u00fcssen mindestens 18 Jahre alt sein, um unsere Dienste zu nutzen. Durch die Nutzung unserer Dienstleistungen stellen Sie sicher, dass Sie diese Altersvoraussetzung erf\u00fcllen.<\/p>\n<h4>Kontoregistrierung<\/h4>\n<p>Um auf bestimmte Funktionen unserer Dienste zuzugreifen, k\u00f6nnen Sie sich f\u00fcr ein Konto registrieren. Sie erkl\u00e4ren sich damit einverstanden, w\u00e4hrend des Registrierungsprozesses genaue und vollst\u00e4ndige Informationen bereitzustellen und diese Informationen gegebenenfalls zu aktualisieren, um sicherzustellen, dass sie genau und vollst\u00e4ndig sind.<\/p>\n<h4>Sicherheit des Kontos<\/h4>\n<p>Sie sind verantwortlich f\u00fcr die Wahrung der Vertraulichkeit Ihrer Kontoberechtigungen und f\u00fcr alle Aktivit\u00e4ten, die unter Ihrem Konto auftreten. Sie verpflichten sich, uns unverz\u00fcglich \u00fcber eine unbefugte Nutzung Ihres Kontos oder einen anderen Sicherheitsversto\u00df zu informieren.<\/p>\n<hr \/>\n<h3>5. Produkt Bestellungen und Zahlung<\/h3>\n<h4>Bestellungen<\/h4>\n<p>Alle Bestellungen auf unserer Website unterliegen der Annahme durch uns. Wir behalten uns das Recht vor, jede Bestellung aus irgendeinem Grund abzulehnen oder zu stornieren, einschlie\u00dflich der Verf\u00fcgbarkeit von Produkten, Preisfehlern oder anderen Problemen.<\/p>\n<h4>Preis und Zahlung<\/h4>\n<p>Alle Preise sind in W\u00e4hrung aufgef\u00fchrt und k\u00f6nnen ohne Ank\u00fcndigung ge\u00e4ndert werden. Die Zahlung muss zum Zeitpunkt der Bestellung erfolgen.\u00a0<\/p>\n<h4>Versand und Lieferung<\/h4>\n<p>Wir werden angemessene Anstrengungen unternehmen, um sicherzustellen, dass Ihre Bestellungen innerhalb des gesch\u00e4tzten Zeitrahmens geliefert werden. Wir sind jedoch nicht f\u00fcr Verz\u00f6gerungen verantwortlich, die durch Transportunternehmen oder andere Umst\u00e4nde \u00fcber unsere Kontrolle hinaus verursacht werden.<\/p>\n<hr \/>\n<h3>6. R\u00fcckgaben und R\u00fcckerstattungen<\/h3>\n<p>Unsere R\u00fcckgabe- und R\u00fcckerstattungspolitik wird in unserer R\u00fcckzahlungs- und R\u00fcckgabepolitik skizziert. Bitte \u00fcberpr\u00fcfen Sie diese Richtlinie f\u00fcr detaillierte Informationen \u00fcber unsere Verfahren und Bedingungen f\u00fcr R\u00fccksendungen und Erstattungen.<\/p>\n<hr \/>\n<h3>7. Vertraulichkeit und Nichteinhaltungsvereinbarung (NDA)<\/h3>\n<p>Durch die Nutzung unserer Website erkl\u00e4ren Sie sich mit Folgendem einverstanden:<\/p>\n<h4>a. Vertraulichkeit<\/h4>\n<p>Sie behandeln alle Informationen, einschlie\u00dflich, aber nicht beschr\u00e4nkt auf Produktdetails, Preise und andere propriet\u00e4re Daten, als vertraulich.<\/p>\n<h4>b. Nichteinhaltung<\/h4>\n<p>Sie werden ohne unsere vorherige schriftliche Zustimmung keine von der Website erhaltenen Informationen an Dritte weitergeben, weitergeben oder weitergeben.<\/p>\n<h4>c. Pflichten<\/h4>\n<p>Ihre Verpflichtungen aus diesem Abschnitt werden die Beendigung Ihres Zugriffs auf die Website und\/oder Ihr Konto \u00fcberstehen.<\/p>\n<hr \/>\n<h3>8. Geistiges Eigentum<\/h3>\n<h4>Eigent\u00fcmer<\/h4>\n<p>Alle Inhalte, Features und Funktionalit\u00e4ten auf unserer Website, einschlie\u00dflich, aber nicht beschr\u00e4nkt auf Text, Grafiken, Logos und Software, sind Eigentum von EINIMED oder seinen Lizenzgebern und sind durch Gesetz \u00fcber geistiges Eigentum gesch\u00fctzt.<\/p>\n<h4>Lizenz<\/h4>\n<p>Wir gew\u00e4hren Ihnen eine begrenzte, nicht ausschlie\u00dfliche, nicht \u00fcbertragbare und wiederverwendbare Lizenz, um unsere Dienste f\u00fcr Ihre pers\u00f6nliche oder interne Gesch\u00e4ftsnutzung, vorbehaltlich dieser Bedingungen, zu nutzen und zu nutzen.<\/p>\n<h4>Einschr\u00e4nkungen<\/h4>\n<p>Sie d\u00fcrfen keine Derivate von, \u00f6ffentlich anzeigen, ver\u00f6ffentlichen, ver\u00f6ffentlichen, vervielf\u00e4ltigen, herunterladen, speichern oder \u00fcbertragen eines der Materialien auf unserer Website, au\u00dfer wie es durch diese Nutzungsbedingungen gestattet ist.<\/p>\n<hr \/>\n<h3>ANHANG Benutzerinhalt<\/h3>\n<h4>Verantwortung<\/h4>\n<p>Sie sind ausschlie\u00dflich f\u00fcr Inhalte verantwortlich, die Sie \u00fcber unsere Dienste hochladen, ver\u00f6ffentlichen oder anderweitig \u00fcbertragen. Sie erkl\u00e4ren sich damit einverstanden, keine Inhalte hochzuladen, zu ver\u00f6ffentlichen oder zu \u00fcbermitteln, die unrechtm\u00e4\u00dfig, defamatory, obsz\u00f6n oder gegen die Rechte Dritter versto\u00dfen.<\/p>\n<h4>Rechte<\/h4>\n<p>Durch das Hochladen, Posten oder Senden von Inhalten gew\u00e4hren Sie uns eine weltweite, nicht ausschlie\u00dfliche, lizenzfreie, voll bezahlte, sublizenzierbare und \u00fcbertragbare Lizenz zur Nutzung, Wiedergabe, Verbreitung, \u00c4nderung und Darstellung solcher Inhalte in Verbindung mit der Bereitstellung unserer Dienste.<\/p>\n<hr \/>\n<h3>10. Haftungsausschluss und Haftungsbeschr\u00e4nkung<\/h3>\n<h4>Haftungsausschluss<\/h4>\n<p>Unsere Dienstleistungen werden erbracht &amp; #8220; wie ist + #8221; und &amp; #8220; wie verf\u00fcgbar + #8221; ohne Garantien jeglicher Art, entweder ausdr\u00fccklich oder stillschweigend. Wir garantieren nicht, dass unsere Dienste ununterbrochen oder fehlerfrei sind.<\/p>\n<h4>Einschr\u00e4nkung der Haftung<\/h4>\n<p>Soweit gesetzlich zul\u00e4ssig, haftet EINIMED nicht f\u00fcr indirekte, zuf\u00e4llige, besondere, Folge- oder Strafsch\u00e4den oder einen Verlust von Gewinnen oder Erl\u00f6sen, sei es direkt oder indirekt, oder einen Verlust von Daten, Verwendung, Goodwill oder andere immaterielle Verluste, die sich aus Ihrer Nutzung unserer Leistungen ergeben.<\/p>\n<hr \/>\n<h3>11. Indem<\/h3>\n<p>Sie erkl\u00e4ren sich damit einverstanden, EINIMED, seine verbundenen Unternehmen, Offiziere, Direktoren, Mitarbeiter, Agenten und Lizenzgeber von und gegen Anspr\u00fcche, Verbindlichkeiten, Schadenersatz, Urteile, Verleihungen, Verluste, Kosten, Kosten oder Geb\u00fchren (einschlie\u00dflich angemessener Rechtsanw\u00e4lte &amp; #8217; Geb\u00fchren) zu entsch\u00e4digen, die sich aus oder in Bezug auf Ihre Verletzung dieser Bedingungen oder Ihre Nutzung unserer Dienstleistungen ergeben.<\/p>\n<hr \/>\n<h3>12. Gesetz und Streitbeilegung<\/h3>\n<h4>Gesetz \u00fcber das Management<\/h4>\n<p>Diese Bedingungen werden nach den Gesetzen Polens ohne Ber\u00fccksichtigung ihrer Rechtskonflikte geregelt und umgesetzt.<\/p>\n<h4>Streitbeilegung<\/h4>\n<p>Streitigkeiten, die sich aus oder in Bezug auf diese Gesch\u00e4ftsbedingungen oder unsere Dienstleistungen ergeben, werden durch verbindliches Schiedsverfahren gem\u00e4\u00df den Regeln des Schiedsgerichts bei der polnischen Handelskammer, die in Warschau, Polen durchgef\u00fchrt wird, gel\u00f6st.<\/p>\n<hr \/>\n<h3>13. Verschiedenes<\/h3>\n<h4>Gesamtes Abkommen<\/h4>\n<p>Diese Bedingungen stellen die gesamte Vereinbarung zwischen Ihnen und EINIMED in Bezug auf Ihre Nutzung unserer Dienste dar und \u00fcberlagern alle vorherigen und gleichzeitigen Verst\u00e4ndigungen, Vereinbarungen, Vertretungen und Garantien, sowohl schriftlich als auch m\u00fcndlich.<\/p>\n<h4>Schwere<\/h4>\n<p>Wird eine Bestimmung dieser Bedingungen als ung\u00fcltig oder nicht durchsetzbar angesehen, so werden die \u00fcbrigen Bestimmungen in vollem Umfang und Wirkung fortgef\u00fchrt.<\/p>\n<h4>Empf\u00e4nger<\/h4>\n<p>Kein Verzicht auf einen in diesen genannten Begriff oder Zustand Die Bedingungen gelten als eine weitere oder anhaltende Verzicht auf diese Begriffe oder Bedingung oder als Verzicht auf andere Begriffe oder Bedingungen und jegliche Nichterf\u00fcllung eines Rechts oder einer Bestimmung unter diesen Die Bedingungen stellen keinen Verzicht auf ein solches Recht oder eine Bestimmung dar.<\/p>\n<hr \/>\n<h3>14. K\u00fcndigung<\/h3>\n<p>Wir behalten uns das Recht vor, Ihr Konto und den Zugriff auf die Website nach eigenem Ermessen zu beenden oder aus irgendeinem Grund, einschlie\u00dflich der Verletzung dieser Nutzungsbedingungen, auszusetzen.<\/p>\n<hr \/>\n<h3>Kontaktieren Sie uns<\/h3>\n<p>Wenn Sie Fragen oder Bedenken zu diesen Nutzungsbedingungen haben, kontaktieren Sie uns bitte unter:<\/p>\n<ul>\n<li><strong>E-Mail:<\/strong> info@einimed.eu<\/li>\n<\/ul>\n<hr \/>\n<p>Danke f\u00fcr die Wahl von EINIMED. Ihre Zufriedenheit und Ihr Vertrauen sind unsere obersten Priorit\u00e4ten.<\/p>\n<p><!-- \/wp:paragraph --><\/p>\t\t\t\t\t\t<\/div>\n\t\t\t\t<\/div>\n\t\t\t\t\t<\/div>\n\t\t\t\t<\/div>\n\t\t\t\t<\/div>","protected":false},"excerpt":{"rendered":"<p>Welcome to Terms of Service By accessing or using our services, you agree to comply with and be bound by<\/p>","protected":false},"author":1,"featured_media":0,"parent":0,"menu_order":0,"comment_status":"closed","ping_status":"closed","template":"","meta":{"footnotes":""},"class_list":["post-15584","page","type-page","status-publish","hentry"],"_links":{"self":[{"href":"https:\/\/einimed.eu\/de\/wp-json\/wp\/v2\/pages\/15584"}],"collection":[{"href":"https:\/\/einimed.eu\/de\/wp-json\/wp\/v2\/pages"}],"about":[{"href":"https:\/\/einimed.eu\/de\/wp-json\/wp\/v2\/types\/page"}],"author":[{"embeddable":true,"href":"https:\/\/einimed.eu\/de\/wp-json\/wp\/v2\/users\/1"}],"replies":[{"embeddable":true,"href":"https:\/\/einimed.eu\/de\/wp-json\/wp\/v2\/comments?post=15584"}],"version-history":[{"count":4,"href":"https:\/\/einimed.eu\/de\/wp-json\/wp\/v2\/pages\/15584\/revisions"}],"predecessor-version":[{"id":15956,"href":"https:\/\/einimed.eu\/de\/wp-json\/wp\/v2\/pages\/15584\/revisions\/15956"}],"wp:attachment":[{"href":"https:\/\/einimed.eu\/de\/wp-json\/wp\/v2\/media?parent=15584"}],"curies":[{"name":"wp","href":"https:\/\/api.w.org\/{rel}","templated":true}]}}